{"id":79010,"date":"2021-02-21T20:01:46","date_gmt":"2021-02-21T20:01:46","guid":{"rendered":"https:\/\/www.autonvaraosahaku.fi\/?product=meyle-100-505-0007-tukivarren-hela"},"modified":"2021-02-21T20:01:46","modified_gmt":"2021-02-21T20:01:46","slug":"meyle-100-505-0007-tukivarren-hela","status":"publish","type":"product","link":"https:\/\/www.autonvaraosahaku.fi\/?product=meyle-100-505-0007-tukivarren-hela","title":{"rendered":"MEYLE 100 505 0007 Tukivarren hela"},"content":{"rendered":"<p>Asennuspuoli: Sisempi, Edess\u00e4, Taka-akseli, oikea, Taka-akseli, vasen, Alla; Korkeus (mm): 39; Sis\u00e4l\u00e4pimitta [mm]: 12; Ulkol\u00e4pimitta [mm]: 46; lis\u00e4tieto: ORIGINAL Quality; AUDI: A4 Avant 8E5, B6,A4 8E2, B6,A4 Cabriolet 8H7, B6, 8HE, B7; 8E0505185N, 8E0505311AC, 8E0505311S, 8E0505311T, 8E0505312AC, 8E0505312S, 8E0505312T<\/p>\n","protected":false},"excerpt":{"rendered":"<p>MEYLE Laakerihela, Tukivarsi 100 505 0007  AUDI,A4 Avant 8E5, B6,A4 8E2, B6,A4 Cabriolet 8H7, B6, 8HE, B7<\/p>\n","protected":false},"featured_media":0,"template":"","meta":{"site-sidebar-layout":"default","site-content-layout":"default","ast-global-header-display":"","ast-main-header-display":"","ast-hfb-above-header-display":"","ast-hfb-below-header-display":"","ast-hfb-mobile-header-display":"","site-post-title":"","ast-breadcrumbs-content":"","ast-featured-img":"","footer-sml-layout":"","theme-transparent-header-meta":"","adv-header-id-meta":"","stick-header-meta":"","header-above-stick-meta":"","header-main-stick-meta":"","header-below-stick-meta":""},"pwb-brand":[84],"product_cat":[115],"product_tag":[],"class_list":{"0":"post-79010","1":"product","2":"type-product","3":"status-publish","5":"pwb-brand-meyle","6":"product_cat-tukivarren-hela","7":"desktop-align-left","8":"tablet-align-left","9":"mobile-align-left","11":"first","12":"instock","13":"product-type-external"},"brands":[{"id":84,"name":"MEYLE","slug":"meyle"}],"_links":{"self":[{"href":"https:\/\/www.autonvaraosahaku.fi\/index.php?rest_route=\/wp\/v2\/product\/79010","targetHints":{"allow":["GET"]}}],"collection":[{"href":"https:\/\/www.autonvaraosahaku.fi\/index.php?rest_route=\/wp\/v2\/product"}],"about":[{"href":"https:\/\/www.autonvaraosahaku.fi\/index.php?rest_route=\/wp\/v2\/types\/product"}],"wp:attachment":[{"href":"https:\/\/www.autonvaraosahaku.fi\/index.php?rest_route=%2Fwp%2Fv2%2Fmedia&parent=79010"}],"wp:term":[{"taxonomy":"pwb-brand","embeddable":true,"href":"https:\/\/www.autonvaraosahaku.fi\/index.php?rest_route=%2Fwp%2Fv2%2Fpwb-brand&post=79010"},{"taxonomy":"product_cat","embeddable":true,"href":"https:\/\/www.autonvaraosahaku.fi\/index.php?rest_route=%2Fwp%2Fv2%2Fproduct_cat&post=79010"},{"taxonomy":"product_tag","embeddable":true,"href":"https:\/\/www.autonvaraosahaku.fi\/index.php?rest_route=%2Fwp%2Fv2%2Fproduct_tag&post=79010"}],"curies":[{"name":"wp","href":"https:\/\/api.w.org\/{rel}","templated":true}]}}