{"id":79020,"date":"2021-02-21T20:01:46","date_gmt":"2021-02-21T20:01:46","guid":{"rendered":"https:\/\/www.autonvaraosahaku.fi\/?product=meyle-100-498-0075-vetonivelen-suojakumi"},"modified":"2021-02-21T20:01:49","modified_gmt":"2021-02-21T20:01:49","slug":"meyle-100-498-0075-vetonivelen-suojakumi","status":"publish","type":"product","link":"https:\/\/www.autonvaraosahaku.fi\/?product=meyle-100-498-0075-vetonivelen-suojakumi","title":{"rendered":"MEYLE 100 498 0075 Vetonivelen suojakumi"},"content":{"rendered":"<p>Asennuspuoli: Py\u00f6r\u00e4n puoli, Etuakseli; Sis\u00e4l\u00e4pimitta 1 [mm]: 24; Sis\u00e4l\u00e4pimitta 2 [mm]: 90; Pituus (mm): 90; Materiaali: Kumi; lis\u00e4tieto: ORIGINAL Quality; VW: PASSAT Variant 3B6,PASSAT Variant 3B5,PASSAT 3B2,PASSAT 3B3; AUDI: A4 8D2, B5,A6 Avant 4B5, C5,A4 Avant 8D5, B5,80 8C, B4,A6 4B2, C5,CABRIOLET 8G7, B4,A8 4E_,100 4A, C4,A8 4D2, 4D8,80 Avant 8C, B4,A6 Avant 4A, C4,A6 4A, C4,COUPE 89, 8B,100 Avant 4A, C4,V8 44_, 4C_; SKODA: SUPERB 3U4; 3B0498203F, 441498203A, 3B0498203F, 441498203A, 3B0498203F, 441498203A<\/p>\n","protected":false},"excerpt":{"rendered":"<p>MEYLE Paljekumisarja, Vetoakseli 100 498 0075  VW,AUDI,SKODA,PASSAT Variant 3B6,PASSAT Variant 3B5,PASSAT 3B2,PASSAT 3B3,A4 8D2, B5,A6 Avant 4B5, C5<\/p>\n","protected":false},"featured_media":0,"template":"","meta":{"site-sidebar-layout":"default","site-content-layout":"default","ast-global-header-display":"","ast-main-header-display":"","ast-hfb-above-header-display":"","ast-hfb-below-header-display":"","ast-hfb-mobile-header-display":"","site-post-title":"","ast-breadcrumbs-content":"","ast-featured-img":"","footer-sml-layout":"","theme-transparent-header-meta":"","adv-header-id-meta":"","stick-header-meta":"","header-above-stick-meta":"","header-main-stick-meta":"","header-below-stick-meta":""},"pwb-brand":[84],"product_cat":[42],"product_tag":[],"class_list":{"0":"post-79020","1":"product","2":"type-product","3":"status-publish","5":"pwb-brand-meyle","6":"product_cat-vetonivelen-suojakumi","7":"desktop-align-left","8":"tablet-align-left","9":"mobile-align-left","11":"first","12":"instock","13":"product-type-external"},"brands":[{"id":84,"name":"MEYLE","slug":"meyle"}],"_links":{"self":[{"href":"https:\/\/www.autonvaraosahaku.fi\/index.php?rest_route=\/wp\/v2\/product\/79020","targetHints":{"allow":["GET"]}}],"collection":[{"href":"https:\/\/www.autonvaraosahaku.fi\/index.php?rest_route=\/wp\/v2\/product"}],"about":[{"href":"https:\/\/www.autonvaraosahaku.fi\/index.php?rest_route=\/wp\/v2\/types\/product"}],"wp:attachment":[{"href":"https:\/\/www.autonvaraosahaku.fi\/index.php?rest_route=%2Fwp%2Fv2%2Fmedia&parent=79020"}],"wp:term":[{"taxonomy":"pwb-brand","embeddable":true,"href":"https:\/\/www.autonvaraosahaku.fi\/index.php?rest_route=%2Fwp%2Fv2%2Fpwb-brand&post=79020"},{"taxonomy":"product_cat","embeddable":true,"href":"https:\/\/www.autonvaraosahaku.fi\/index.php?rest_route=%2Fwp%2Fv2%2Fproduct_cat&post=79020"},{"taxonomy":"product_tag","embeddable":true,"href":"https:\/\/www.autonvaraosahaku.fi\/index.php?rest_route=%2Fwp%2Fv2%2Fproduct_tag&post=79020"}],"curies":[{"name":"wp","href":"https:\/\/api.w.org\/{rel}","templated":true}]}}