{"id":79022,"date":"2021-02-21T20:01:46","date_gmt":"2021-02-21T20:01:46","guid":{"rendered":"https:\/\/www.autonvaraosahaku.fi\/?product=trw-df7061s-jarrulevyt"},"modified":"2021-02-21T20:01:50","modified_gmt":"2021-02-21T20:01:50","slug":"trw-df7061s-jarrulevyt","status":"publish","type":"product","link":"https:\/\/www.autonvaraosahaku.fi\/?product=trw-df7061s-jarrulevyt","title":{"rendered":"TRW DF7061S Jarrulevyt"},"content":{"rendered":"<p>Pinta: Lakattu; Kierremitta: 12,6; Jarrulevytyyppi: Tuuletettu; Ulkol\u00e4pimitta [mm]: 300; Jarrulevyn paksuus (mm): 22; V\u00e4himm\u00e4ispaksuus (mm): 20,4; Korkeus (mm): 72,9; Reikien m\u00e4\u00e4r\u00e4: 6; keskitt\u00e4misl\u00e4pimitta [mm]: 94; Reik\u00e4ympyr\u00e4-\u00d8 [mm]: 139,7; Rumpul\u00e4pimitta: 199; V\u00e4ri: Musta; Asennuspuoli: Hinterachse; MITSUBISHI: PAJERO III V7_W, V6_W,PAJERO IV V8_W, V9_W,PAJERO IV Van V90, V80,PAJERO CLASSIC V2_W,PAJERO II V3_W,PAJERO III Gel\u00e4ndewagen offen V6_W, V7_W; MR418067; Jarrulevy<\/p>\n","protected":false},"excerpt":{"rendered":"<p>TRW Jarrulevyt DF7061S Jarrulevy MITSUBISHI,PAJERO III V7_W, V6_W,PAJERO IV V8_W, V9_W,PAJERO IV Van V90, V80,PAJERO CLASSIC V2_W,PAJERO II V3_W<\/p>\n","protected":false},"featured_media":0,"template":"","meta":{"site-sidebar-layout":"default","site-content-layout":"default","ast-global-header-display":"","ast-main-header-display":"","ast-hfb-above-header-display":"","ast-hfb-below-header-display":"","ast-hfb-mobile-header-display":"","site-post-title":"","ast-breadcrumbs-content":"","ast-featured-img":"","footer-sml-layout":"","theme-transparent-header-meta":"","adv-header-id-meta":"","stick-header-meta":"","header-above-stick-meta":"","header-main-stick-meta":"","header-below-stick-meta":""},"pwb-brand":[332],"product_cat":[66],"product_tag":[],"class_list":{"0":"post-79022","1":"product","2":"type-product","3":"status-publish","5":"pwb-brand-trw","6":"product_cat-jarrulevyt","7":"desktop-align-left","8":"tablet-align-left","9":"mobile-align-left","11":"first","12":"instock","13":"product-type-external"},"brands":[{"id":332,"name":"TRW","slug":"trw"}],"_links":{"self":[{"href":"https:\/\/www.autonvaraosahaku.fi\/index.php?rest_route=\/wp\/v2\/product\/79022","targetHints":{"allow":["GET"]}}],"collection":[{"href":"https:\/\/www.autonvaraosahaku.fi\/index.php?rest_route=\/wp\/v2\/product"}],"about":[{"href":"https:\/\/www.autonvaraosahaku.fi\/index.php?rest_route=\/wp\/v2\/types\/product"}],"wp:attachment":[{"href":"https:\/\/www.autonvaraosahaku.fi\/index.php?rest_route=%2Fwp%2Fv2%2Fmedia&parent=79022"}],"wp:term":[{"taxonomy":"pwb-brand","embeddable":true,"href":"https:\/\/www.autonvaraosahaku.fi\/index.php?rest_route=%2Fwp%2Fv2%2Fpwb-brand&post=79022"},{"taxonomy":"product_cat","embeddable":true,"href":"https:\/\/www.autonvaraosahaku.fi\/index.php?rest_route=%2Fwp%2Fv2%2Fproduct_cat&post=79022"},{"taxonomy":"product_tag","embeddable":true,"href":"https:\/\/www.autonvaraosahaku.fi\/index.php?rest_route=%2Fwp%2Fv2%2Fproduct_tag&post=79022"}],"curies":[{"name":"wp","href":"https:\/\/api.w.org\/{rel}","templated":true}]}}