{"id":79037,"date":"2021-02-21T20:01:53","date_gmt":"2021-02-21T20:01:53","guid":{"rendered":"https:\/\/www.autonvaraosahaku.fi\/?product=trw-df4928s-jarrulevyt"},"modified":"2021-02-21T20:01:56","modified_gmt":"2021-02-21T20:01:56","slug":"trw-df4928s-jarrulevyt","status":"publish","type":"product","link":"https:\/\/www.autonvaraosahaku.fi\/?product=trw-df4928s-jarrulevyt","title":{"rendered":"TRW DF4928S Jarrulevyt"},"content":{"rendered":"<p>V\u00e4himm\u00e4ispaksuus (mm): 27,4; Korkeus (mm): 51,6; keskitt\u00e4misl\u00e4pimitta [mm]: 70,7; Kierremitta: 12,6; Jarrulevytyyppi: Tuuletettu; Jarrulevyn paksuus (mm): 29; Ulkol\u00e4pimitta [mm]: 295; Reik\u00e4ympyr\u00e4-\u00d8 [mm]: 115; Reikien m\u00e4\u00e4r\u00e4: 5; K\u00e4sittely: hiiliter\u00e4s; V\u00e4ri: Musta; Pinta: Lakattu; Tarkistuskilpi: E1 90R 02 C0176\/0492; Asennuspuoli: Vorderachse; CHEVROLET: CAPTIVA C100, C140; OPEL: ANTARA; VAUXHALL: ANTARA J26, H26; 20955857, 4801850, 4808848, 96625948, 20955857, 48008848, 4801850, 4808848, 96625948, 20955857, 4801850, 4808848, 96625948; Jarrulevy<\/p>\n","protected":false},"excerpt":{"rendered":"<p>TRW Jarrulevyt DF4928S Jarrulevy CHEVROLET,OPEL,VAUXHALL,CAPTIVA C100, C140,ANTARA,ANTARA J26, H26<\/p>\n","protected":false},"featured_media":0,"template":"","meta":{"site-sidebar-layout":"default","site-content-layout":"default","ast-global-header-display":"","ast-main-header-display":"","ast-hfb-above-header-display":"","ast-hfb-below-header-display":"","ast-hfb-mobile-header-display":"","site-post-title":"","ast-breadcrumbs-content":"","ast-featured-img":"","footer-sml-layout":"","theme-transparent-header-meta":"","adv-header-id-meta":"","stick-header-meta":"","header-above-stick-meta":"","header-main-stick-meta":"","header-below-stick-meta":""},"pwb-brand":[332],"product_cat":[66],"product_tag":[],"class_list":{"0":"post-79037","1":"product","2":"type-product","3":"status-publish","5":"pwb-brand-trw","6":"product_cat-jarrulevyt","7":"desktop-align-left","8":"tablet-align-left","9":"mobile-align-left","11":"first","12":"instock","13":"product-type-external"},"brands":[{"id":332,"name":"TRW","slug":"trw"}],"_links":{"self":[{"href":"https:\/\/www.autonvaraosahaku.fi\/index.php?rest_route=\/wp\/v2\/product\/79037","targetHints":{"allow":["GET"]}}],"collection":[{"href":"https:\/\/www.autonvaraosahaku.fi\/index.php?rest_route=\/wp\/v2\/product"}],"about":[{"href":"https:\/\/www.autonvaraosahaku.fi\/index.php?rest_route=\/wp\/v2\/types\/product"}],"wp:attachment":[{"href":"https:\/\/www.autonvaraosahaku.fi\/index.php?rest_route=%2Fwp%2Fv2%2Fmedia&parent=79037"}],"wp:term":[{"taxonomy":"pwb-brand","embeddable":true,"href":"https:\/\/www.autonvaraosahaku.fi\/index.php?rest_route=%2Fwp%2Fv2%2Fpwb-brand&post=79037"},{"taxonomy":"product_cat","embeddable":true,"href":"https:\/\/www.autonvaraosahaku.fi\/index.php?rest_route=%2Fwp%2Fv2%2Fproduct_cat&post=79037"},{"taxonomy":"product_tag","embeddable":true,"href":"https:\/\/www.autonvaraosahaku.fi\/index.php?rest_route=%2Fwp%2Fv2%2Fproduct_tag&post=79037"}],"curies":[{"name":"wp","href":"https:\/\/api.w.org\/{rel}","templated":true}]}}