{"id":79042,"date":"2021-02-21T20:01:53","date_gmt":"2021-02-21T20:01:53","guid":{"rendered":"https:\/\/www.autonvaraosahaku.fi\/?product=ulo-7237-03-muut-luokat"},"modified":"2021-02-21T20:01:57","modified_gmt":"2021-02-21T20:01:57","slug":"ulo-7237-03-muut-luokat","status":"publish","type":"product","link":"https:\/\/www.autonvaraosahaku.fi\/?product=ulo-7237-03-muut-luokat","title":{"rendered":"ULO 7237-03 Muut luokat"},"content":{"rendered":"<p>Vuosimallista: 2001, 2001; Uusittuun malliin (facelift): ; Asennuspuoli: Vasen; Vasen \/ oikea liikenne: Oikean-\/vasemmanpuolinen ohjaus; Osa: Uloin osa; Lyhdyn muoto: Hehkulankatekniikka; Lis\u00e4tarvike\/lis\u00e4tieto: Polttimolla; Polttimov\u00e4ri: Keltainen; Rekister\u00f6ity tyyppi: E-hyv\u00e4ksytty, SAE-hyv\u00e4ksytty; Laatu: OEM, ORIGINAL; Paino [kg]: 0,290; BMW: 3 E46; 63217165867<\/p>\n","protected":false},"excerpt":{"rendered":"<p>ULO Lampun Pidike, Takavalo 7237-03  BMW,3 E46<\/p>\n","protected":false},"featured_media":0,"template":"","meta":{"site-sidebar-layout":"default","site-content-layout":"default","ast-global-header-display":"","ast-main-header-display":"","ast-hfb-above-header-display":"","ast-hfb-below-header-display":"","ast-hfb-mobile-header-display":"","site-post-title":"","ast-breadcrumbs-content":"","ast-featured-img":"","footer-sml-layout":"","theme-transparent-header-meta":"","adv-header-id-meta":"","stick-header-meta":"","header-above-stick-meta":"","header-main-stick-meta":"","header-below-stick-meta":""},"pwb-brand":[316],"product_cat":[37],"product_tag":[],"class_list":{"0":"post-79042","1":"product","2":"type-product","3":"status-publish","5":"pwb-brand-ulo","6":"product_cat-muut-luokat","7":"desktop-align-left","8":"tablet-align-left","9":"mobile-align-left","11":"first","12":"instock","13":"product-type-external"},"brands":[{"id":316,"name":"ULO","slug":"ulo"}],"_links":{"self":[{"href":"https:\/\/www.autonvaraosahaku.fi\/index.php?rest_route=\/wp\/v2\/product\/79042","targetHints":{"allow":["GET"]}}],"collection":[{"href":"https:\/\/www.autonvaraosahaku.fi\/index.php?rest_route=\/wp\/v2\/product"}],"about":[{"href":"https:\/\/www.autonvaraosahaku.fi\/index.php?rest_route=\/wp\/v2\/types\/product"}],"wp:attachment":[{"href":"https:\/\/www.autonvaraosahaku.fi\/index.php?rest_route=%2Fwp%2Fv2%2Fmedia&parent=79042"}],"wp:term":[{"taxonomy":"pwb-brand","embeddable":true,"href":"https:\/\/www.autonvaraosahaku.fi\/index.php?rest_route=%2Fwp%2Fv2%2Fpwb-brand&post=79042"},{"taxonomy":"product_cat","embeddable":true,"href":"https:\/\/www.autonvaraosahaku.fi\/index.php?rest_route=%2Fwp%2Fv2%2Fproduct_cat&post=79042"},{"taxonomy":"product_tag","embeddable":true,"href":"https:\/\/www.autonvaraosahaku.fi\/index.php?rest_route=%2Fwp%2Fv2%2Fproduct_tag&post=79042"}],"curies":[{"name":"wp","href":"https:\/\/api.w.org\/{rel}","templated":true}]}}