{"id":79059,"date":"2021-02-21T20:02:01","date_gmt":"2021-02-21T20:02:01","guid":{"rendered":"https:\/\/www.autonvaraosahaku.fi\/?product=trw-df4341s-jarrulevyt"},"modified":"2021-02-21T20:02:04","modified_gmt":"2021-02-21T20:02:04","slug":"trw-df4341s-jarrulevyt","status":"publish","type":"product","link":"https:\/\/www.autonvaraosahaku.fi\/?product=trw-df4341s-jarrulevyt","title":{"rendered":"TRW DF4341S Jarrulevyt"},"content":{"rendered":"<p>Kierremitta: 13,3; V\u00e4himm\u00e4ispaksuus (mm): 28; Korkeus (mm): 46,5; keskitt\u00e4misl\u00e4pimitta [mm]: 67; Jarrulevytyyppi: Tuuletettu; Jarrulevyn paksuus (mm): 30; Ulkol\u00e4pimitta [mm]: 345; Reik\u00e4ympyr\u00e4-\u00d8 [mm]: 112; Reikien m\u00e4\u00e4r\u00e4: 5; V\u00e4ri: Musta; Pinta: Lakattu; K\u00e4sittely: hiiliter\u00e4s; Asennuspuoli: Vorderachse; MERCEDES-BENZ: C-CLASS W203,C-CLASS T-Model S203,C-CLASS Coupe CL203,SLK R171,CLK C209,CLK Cabriolet A209; 2034210912, A2034210912; Jarrulevy<\/p>\n","protected":false},"excerpt":{"rendered":"<p>TRW Jarrulevyt DF4341S Jarrulevy MERCEDES-BENZ,C-CLASS W203,C-CLASS T-Model S203,C-CLASS Coupe CL203,SLK R171,CLK C209,CLK Cabriolet A209<\/p>\n","protected":false},"featured_media":0,"template":"","meta":{"site-sidebar-layout":"default","site-content-layout":"default","ast-global-header-display":"","ast-main-header-display":"","ast-hfb-above-header-display":"","ast-hfb-below-header-display":"","ast-hfb-mobile-header-display":"","site-post-title":"","ast-breadcrumbs-content":"","ast-featured-img":"","footer-sml-layout":"","theme-transparent-header-meta":"","adv-header-id-meta":"","stick-header-meta":"","header-above-stick-meta":"","header-main-stick-meta":"","header-below-stick-meta":""},"pwb-brand":[332],"product_cat":[66],"product_tag":[],"class_list":{"0":"post-79059","1":"product","2":"type-product","3":"status-publish","5":"pwb-brand-trw","6":"product_cat-jarrulevyt","7":"desktop-align-left","8":"tablet-align-left","9":"mobile-align-left","11":"first","12":"instock","13":"product-type-external"},"brands":[{"id":332,"name":"TRW","slug":"trw"}],"_links":{"self":[{"href":"https:\/\/www.autonvaraosahaku.fi\/index.php?rest_route=\/wp\/v2\/product\/79059","targetHints":{"allow":["GET"]}}],"collection":[{"href":"https:\/\/www.autonvaraosahaku.fi\/index.php?rest_route=\/wp\/v2\/product"}],"about":[{"href":"https:\/\/www.autonvaraosahaku.fi\/index.php?rest_route=\/wp\/v2\/types\/product"}],"wp:attachment":[{"href":"https:\/\/www.autonvaraosahaku.fi\/index.php?rest_route=%2Fwp%2Fv2%2Fmedia&parent=79059"}],"wp:term":[{"taxonomy":"pwb-brand","embeddable":true,"href":"https:\/\/www.autonvaraosahaku.fi\/index.php?rest_route=%2Fwp%2Fv2%2Fpwb-brand&post=79059"},{"taxonomy":"product_cat","embeddable":true,"href":"https:\/\/www.autonvaraosahaku.fi\/index.php?rest_route=%2Fwp%2Fv2%2Fproduct_cat&post=79059"},{"taxonomy":"product_tag","embeddable":true,"href":"https:\/\/www.autonvaraosahaku.fi\/index.php?rest_route=%2Fwp%2Fv2%2Fproduct_tag&post=79059"}],"curies":[{"name":"wp","href":"https:\/\/api.w.org\/{rel}","templated":true}]}}