{"id":79063,"date":"2021-02-21T20:02:01","date_gmt":"2021-02-21T20:02:01","guid":{"rendered":"https:\/\/www.autonvaraosahaku.fi\/?product=eibach-s90-2-15-020-muut-luokat"},"modified":"2021-02-21T20:02:05","modified_gmt":"2021-02-21T20:02:05","slug":"eibach-s90-2-15-020-muut-luokat","status":"publish","type":"product","link":"https:\/\/www.autonvaraosahaku.fi\/?product=eibach-s90-2-15-020-muut-luokat","title":{"rendered":"EIBACH S90-2-15-020 Muut luokat"},"content":{"rendered":"<p>Paksuus [mm]: 15; Raidev\u00e4lin suurennus per akseli: 30; keskitt\u00e4misl\u00e4pimitta [mm]: 58; Kierremitta: M12x1,25; Reik\u00e4ympyr\u00e4-\u00d8 [mm]: 98; Reikien m\u00e4\u00e4r\u00e4: 4; Pinta: eloksoitu; V\u00e4ri: Natur; Huomioi asennusohje: ; Tuotelinja: Pro-Spacer; Materiaali: Alumiini; Tuning: 1; Huomioi huolto-ohjeet: ; ABARTH: 500 \/ 595 312_,500C \/ 595C 312_; LANCIA: YPSILON 843,DELTA III 844,Y 840A; FORD: KA RU8; FIAT: PUNTO 188,PANDA 169,500 312,STILO 192,BRAVO II 198,SEICENTO 187,BARCHETTA 183,500 C 312,PUNTO 176,STILO Multi Wagon 192,PANDA Van 169,CINQUECENTO 170,PANDA 141A_,PANDA 312,COUPE FA\/175,PUNTO Van 188AX,BRAVO I 182,BRAVA 182,PUNTO Cabriolet 176C,SEICENTO Van 187,PANDA Van 141_,PUNTO Van 176L,PANDA VAN 312; ALFA ROMEO: MITO 955,164 164,145 930,155 167,146 930; Raidev\u00e4lilevennys<\/p>\n","protected":false},"excerpt":{"rendered":"<p>EIBACH Levikepalat S90-2-15-020 Raidev\u00e4lilevennys ABARTH,LANCIA,FORD,500 \/ 595 312_,500C \/ 595C 312_,YPSILON 843,DELTA III 844,Y 840A,KA RU8,PUNTO 188<\/p>\n","protected":false},"featured_media":0,"template":"","meta":{"site-sidebar-layout":"default","site-content-layout":"default","ast-global-header-display":"","ast-main-header-display":"","ast-hfb-above-header-display":"","ast-hfb-below-header-display":"","ast-hfb-mobile-header-display":"","site-post-title":"","ast-breadcrumbs-content":"","ast-featured-img":"","footer-sml-layout":"","theme-transparent-header-meta":"","adv-header-id-meta":"","stick-header-meta":"","header-above-stick-meta":"","header-main-stick-meta":"","header-below-stick-meta":""},"pwb-brand":[328],"product_cat":[37],"product_tag":[],"class_list":{"0":"post-79063","1":"product","2":"type-product","3":"status-publish","5":"pwb-brand-eibach","6":"product_cat-muut-luokat","7":"desktop-align-left","8":"tablet-align-left","9":"mobile-align-left","11":"first","12":"instock","13":"product-type-external"},"brands":[{"id":328,"name":"EIBACH","slug":"eibach"}],"_links":{"self":[{"href":"https:\/\/www.autonvaraosahaku.fi\/index.php?rest_route=\/wp\/v2\/product\/79063","targetHints":{"allow":["GET"]}}],"collection":[{"href":"https:\/\/www.autonvaraosahaku.fi\/index.php?rest_route=\/wp\/v2\/product"}],"about":[{"href":"https:\/\/www.autonvaraosahaku.fi\/index.php?rest_route=\/wp\/v2\/types\/product"}],"wp:attachment":[{"href":"https:\/\/www.autonvaraosahaku.fi\/index.php?rest_route=%2Fwp%2Fv2%2Fmedia&parent=79063"}],"wp:term":[{"taxonomy":"pwb-brand","embeddable":true,"href":"https:\/\/www.autonvaraosahaku.fi\/index.php?rest_route=%2Fwp%2Fv2%2Fpwb-brand&post=79063"},{"taxonomy":"product_cat","embeddable":true,"href":"https:\/\/www.autonvaraosahaku.fi\/index.php?rest_route=%2Fwp%2Fv2%2Fproduct_cat&post=79063"},{"taxonomy":"product_tag","embeddable":true,"href":"https:\/\/www.autonvaraosahaku.fi\/index.php?rest_route=%2Fwp%2Fv2%2Fproduct_tag&post=79063"}],"curies":[{"name":"wp","href":"https:\/\/api.w.org\/{rel}","templated":true}]}}