{"id":79078,"date":"2021-02-21T20:02:08","date_gmt":"2021-02-21T20:02:08","guid":{"rendered":"https:\/\/www.autonvaraosahaku.fi\/?product=trw-df2777-jarrulevyt"},"modified":"2021-02-21T20:02:11","modified_gmt":"2021-02-21T20:02:11","slug":"trw-df2777-jarrulevyt","status":"publish","type":"product","link":"https:\/\/www.autonvaraosahaku.fi\/?product=trw-df2777-jarrulevyt","title":{"rendered":"TRW DF2777 Jarrulevyt"},"content":{"rendered":"<p>Jarrulevytyyppi: Vakiomalli; Ulkol\u00e4pimitta [mm]: 268; Jarrulevyn paksuus (mm): 10; V\u00e4himm\u00e4ispaksuus (mm): 8; keskitt\u00e4misl\u00e4pimitta [mm]: 68; Korkeus (mm): 45,8; Reikien m\u00e4\u00e4r\u00e4: 5; Kierremitta: 16,8; Reik\u00e4ympyr\u00e4-\u00d8 [mm]: 112; V\u00e4ri: Musta; Pinta: Lakattu; Tarkistuskilpi: E1 90R 02 C0190\/0535; Asennuspuoli: Hinterachse; VW: SHARAN 7M8, 7M9, 7M6; SEAT: ALHAMBRA 7V8, 7V9; FORD: GALAXY WGR; 1001094, 1023605, 1044570, 1045995, 1137985, 1137986, 1526694, 95VWX2A315A1D, 95VWX2A315AD, 95VWX2A315AE, 95WX2A315AB, 7M0615601A, 7M0615601B, 7M0615601C, 7MO615601C, 7M0615601A, 7M0615601B, 7M0615601C, 7MO615601A; Jarrulevy<\/p>\n","protected":false},"excerpt":{"rendered":"<p>TRW Jarrulevyt DF2777 Jarrulevy VW,SEAT,FORD,SHARAN 7M8, 7M9, 7M6,ALHAMBRA 7V8, 7V9,GALAXY WGR<\/p>\n","protected":false},"featured_media":0,"template":"","meta":{"site-sidebar-layout":"default","site-content-layout":"default","ast-global-header-display":"","ast-main-header-display":"","ast-hfb-above-header-display":"","ast-hfb-below-header-display":"","ast-hfb-mobile-header-display":"","site-post-title":"","ast-breadcrumbs-content":"","ast-featured-img":"","footer-sml-layout":"","theme-transparent-header-meta":"","adv-header-id-meta":"","stick-header-meta":"","header-above-stick-meta":"","header-main-stick-meta":"","header-below-stick-meta":""},"pwb-brand":[332],"product_cat":[66],"product_tag":[],"class_list":{"0":"post-79078","1":"product","2":"type-product","3":"status-publish","5":"pwb-brand-trw","6":"product_cat-jarrulevyt","7":"desktop-align-left","8":"tablet-align-left","9":"mobile-align-left","11":"first","12":"instock","13":"product-type-external"},"brands":[{"id":332,"name":"TRW","slug":"trw"}],"_links":{"self":[{"href":"https:\/\/www.autonvaraosahaku.fi\/index.php?rest_route=\/wp\/v2\/product\/79078","targetHints":{"allow":["GET"]}}],"collection":[{"href":"https:\/\/www.autonvaraosahaku.fi\/index.php?rest_route=\/wp\/v2\/product"}],"about":[{"href":"https:\/\/www.autonvaraosahaku.fi\/index.php?rest_route=\/wp\/v2\/types\/product"}],"wp:attachment":[{"href":"https:\/\/www.autonvaraosahaku.fi\/index.php?rest_route=%2Fwp%2Fv2%2Fmedia&parent=79078"}],"wp:term":[{"taxonomy":"pwb-brand","embeddable":true,"href":"https:\/\/www.autonvaraosahaku.fi\/index.php?rest_route=%2Fwp%2Fv2%2Fpwb-brand&post=79078"},{"taxonomy":"product_cat","embeddable":true,"href":"https:\/\/www.autonvaraosahaku.fi\/index.php?rest_route=%2Fwp%2Fv2%2Fproduct_cat&post=79078"},{"taxonomy":"product_tag","embeddable":true,"href":"https:\/\/www.autonvaraosahaku.fi\/index.php?rest_route=%2Fwp%2Fv2%2Fproduct_tag&post=79078"}],"curies":[{"name":"wp","href":"https:\/\/api.w.org\/{rel}","templated":true}]}}