{"id":79083,"date":"2021-02-21T20:02:08","date_gmt":"2021-02-21T20:02:08","guid":{"rendered":"https:\/\/www.autonvaraosahaku.fi\/?product=trw-df1927-jarrulevyt"},"modified":"2021-02-21T20:02:12","modified_gmt":"2021-02-21T20:02:12","slug":"trw-df1927-jarrulevyt","status":"publish","type":"product","link":"https:\/\/www.autonvaraosahaku.fi\/?product=trw-df1927-jarrulevyt","title":{"rendered":"TRW DF1927 Jarrulevyt"},"content":{"rendered":"<p>Jarrulevytyyppi: Tuuletettu; Ulkol\u00e4pimitta [mm]: 257; Jarrulevyn paksuus (mm): 25; V\u00e4himm\u00e4ispaksuus (mm): 23; keskitt\u00e4misl\u00e4pimitta [mm]: 84; Korkeus (mm): 46,6; Reikien m\u00e4\u00e4r\u00e4: 5; Kierremitta: M10 x 1.25; Reik\u00e4ympyr\u00e4-\u00d8 [mm]: 110; V\u00e4ri: Musta; Pinta: Lakattu; Tarkistuskilpi: E190R02 02C0176\/0074; Asennuspuoli: Vorderachse; VW: TARO; TOYOTA: HILUX VI Pick-up _N1_,HILUX V Pick-up LN_, KZN1_, VZN1_,FJ CRUISER GSJ1_,HILUX IV Pick-up _N5_, _N6_,HILUX II Pritsche\/Fahrgestell LN6_, LN5_, YN6_, YN5_, VZN1_,HIACE I Wagon LH1_, RH1_, LH3_, RH3_, LH2_, RH2_,HIACE II Wagon LH7_, LH5_, LH6_, YH7_, YH6_, YH5_,HIACE II Kasten LH5_, YH7_, LH7_, LH6_, YH6_, YH5_,HIACE I Kasten RH1_, LH3_, RH3_, RH2_, LH2_, LH1_,MODELL F Bus _R2_, 31,HILUX Gel\u00e4ndewagen geschlossen RZN1_, LN1_,LITEACE Kasten CM3_V, KM3_V,DYNA 100 Pritsche\/Fahrgestell YH_,DYNA Pritsche\/Fahrgestell,DYNA Pritsche\/Fahrgestell LH8_,DYNA 100 Pritsche\/Fahrgestell LY1_, YY1_; 4351226040, 4351226070, 4351235170, 4351235180, 4351235220, 4351235260, J4351235170, J4351235180, J4351260100; Jarrulevy<\/p>\n","protected":false},"excerpt":{"rendered":"<p>TRW Jarrulevyt DF1927 Jarrulevy VW,TOYOTA,TARO,HILUX VI Pick-up _N1_,HILUX V Pick-up LN_, KZN1_, VZN1_,FJ CRUISER GSJ1_,HILUX IV Pick-up _N5_, _N6_<\/p>\n","protected":false},"featured_media":0,"template":"","meta":{"site-sidebar-layout":"default","site-content-layout":"default","ast-global-header-display":"","ast-main-header-display":"","ast-hfb-above-header-display":"","ast-hfb-below-header-display":"","ast-hfb-mobile-header-display":"","site-post-title":"","ast-breadcrumbs-content":"","ast-featured-img":"","footer-sml-layout":"","theme-transparent-header-meta":"","adv-header-id-meta":"","stick-header-meta":"","header-above-stick-meta":"","header-main-stick-meta":"","header-below-stick-meta":""},"pwb-brand":[332],"product_cat":[66],"product_tag":[],"class_list":{"0":"post-79083","1":"product","2":"type-product","3":"status-publish","5":"pwb-brand-trw","6":"product_cat-jarrulevyt","7":"desktop-align-left","8":"tablet-align-left","9":"mobile-align-left","11":"first","12":"instock","13":"product-type-external"},"brands":[{"id":332,"name":"TRW","slug":"trw"}],"_links":{"self":[{"href":"https:\/\/www.autonvaraosahaku.fi\/index.php?rest_route=\/wp\/v2\/product\/79083","targetHints":{"allow":["GET"]}}],"collection":[{"href":"https:\/\/www.autonvaraosahaku.fi\/index.php?rest_route=\/wp\/v2\/product"}],"about":[{"href":"https:\/\/www.autonvaraosahaku.fi\/index.php?rest_route=\/wp\/v2\/types\/product"}],"wp:attachment":[{"href":"https:\/\/www.autonvaraosahaku.fi\/index.php?rest_route=%2Fwp%2Fv2%2Fmedia&parent=79083"}],"wp:term":[{"taxonomy":"pwb-brand","embeddable":true,"href":"https:\/\/www.autonvaraosahaku.fi\/index.php?rest_route=%2Fwp%2Fv2%2Fpwb-brand&post=79083"},{"taxonomy":"product_cat","embeddable":true,"href":"https:\/\/www.autonvaraosahaku.fi\/index.php?rest_route=%2Fwp%2Fv2%2Fproduct_cat&post=79083"},{"taxonomy":"product_tag","embeddable":true,"href":"https:\/\/www.autonvaraosahaku.fi\/index.php?rest_route=%2Fwp%2Fv2%2Fproduct_tag&post=79083"}],"curies":[{"name":"wp","href":"https:\/\/api.w.org\/{rel}","templated":true}]}}