{"id":79087,"date":"2021-02-21T20:02:08","date_gmt":"2021-02-21T20:02:08","guid":{"rendered":"https:\/\/www.autonvaraosahaku.fi\/?product=trw-db4143-jarrurumpu"},"modified":"2021-02-21T20:02:14","modified_gmt":"2021-02-21T20:02:14","slug":"trw-db4143-jarrurumpu","status":"publish","type":"product","link":"https:\/\/www.autonvaraosahaku.fi\/?product=trw-db4143-jarrurumpu","title":{"rendered":"TRW DB4143 Jarrurumpu"},"content":{"rendered":"<p>Rumpul\u00e4pimitta: 230,0; Suurin mahdollinen rummun sis\u00e4mitta (mm): 231,5; J-rumpu sis\u00e4leveys [mm]: 47,5; Reikien m\u00e4\u00e4r\u00e4: 4; Reik\u00e4ympyr\u00e4-\u00d8 [mm]: 130; Asennuspuoli: Hinterachse; VW: KAEFER,KAEFER Cabriolet 15,1500,1600 Variant 36,1500,1600 31,KARMANN GHIA Coupe 14, 34,1500,1600 Schr\u00e4gheck 31,KARMANN GHIA Cabriolet 14, 34; 113501615G, 113501615J<\/p>\n","protected":false},"excerpt":{"rendered":"<p>TRW Jarrurumpu DB4143  VW,KAEFER,KAEFER Cabriolet 15,1500,1600 Variant 36,1500,1600 31,KARMANN GHIA Coupe 14, 34,1500,1600 Schr\u00e4gheck 31<\/p>\n","protected":false},"featured_media":0,"template":"","meta":{"site-sidebar-layout":"default","site-content-layout":"default","ast-global-header-display":"","ast-main-header-display":"","ast-hfb-above-header-display":"","ast-hfb-below-header-display":"","ast-hfb-mobile-header-display":"","site-post-title":"","ast-breadcrumbs-content":"","ast-featured-img":"","footer-sml-layout":"","theme-transparent-header-meta":"","adv-header-id-meta":"","stick-header-meta":"","header-above-stick-meta":"","header-main-stick-meta":"","header-below-stick-meta":""},"pwb-brand":[332],"product_cat":[304],"product_tag":[],"class_list":{"0":"post-79087","1":"product","2":"type-product","3":"status-publish","5":"pwb-brand-trw","6":"product_cat-jarrurumpu","7":"desktop-align-left","8":"tablet-align-left","9":"mobile-align-left","11":"first","12":"instock","13":"product-type-external"},"brands":[{"id":332,"name":"TRW","slug":"trw"}],"_links":{"self":[{"href":"https:\/\/www.autonvaraosahaku.fi\/index.php?rest_route=\/wp\/v2\/product\/79087","targetHints":{"allow":["GET"]}}],"collection":[{"href":"https:\/\/www.autonvaraosahaku.fi\/index.php?rest_route=\/wp\/v2\/product"}],"about":[{"href":"https:\/\/www.autonvaraosahaku.fi\/index.php?rest_route=\/wp\/v2\/types\/product"}],"wp:attachment":[{"href":"https:\/\/www.autonvaraosahaku.fi\/index.php?rest_route=%2Fwp%2Fv2%2Fmedia&parent=79087"}],"wp:term":[{"taxonomy":"pwb-brand","embeddable":true,"href":"https:\/\/www.autonvaraosahaku.fi\/index.php?rest_route=%2Fwp%2Fv2%2Fpwb-brand&post=79087"},{"taxonomy":"product_cat","embeddable":true,"href":"https:\/\/www.autonvaraosahaku.fi\/index.php?rest_route=%2Fwp%2Fv2%2Fproduct_cat&post=79087"},{"taxonomy":"product_tag","embeddable":true,"href":"https:\/\/www.autonvaraosahaku.fi\/index.php?rest_route=%2Fwp%2Fv2%2Fproduct_tag&post=79087"}],"curies":[{"name":"wp","href":"https:\/\/api.w.org\/{rel}","templated":true}]}}