{"id":79098,"date":"2021-02-21T20:02:15","date_gmt":"2021-02-21T20:02:15","guid":{"rendered":"https:\/\/www.autonvaraosahaku.fi\/?product=corteco-15510081b-kampiakselin-tiiviste"},"modified":"2021-02-21T20:02:18","modified_gmt":"2021-02-21T20:02:18","slug":"corteco-15510081b-kampiakselin-tiiviste","status":"publish","type":"product","link":"https:\/\/www.autonvaraosahaku.fi\/?product=corteco-15510081b-kampiakselin-tiiviste","title":{"rendered":"CORTECO 15510081B Kampiakselin tiiviste"},"content":{"rendered":"<p>Asennuspuoli: Etup\u00e4\u00e4; Sis\u00e4l\u00e4pimitta 1 [mm]: 33; Ulkol\u00e4pimitta 1 [mm]: 47; Korkeus 1 (mm): 5; Materiaali: FPM (fluori-kumi); Rihlamalli: Oikea kierre; Suojavaippa: Suojakumilla; Moottorinumero: PNDA; MERCEDES-BENZ: 190 W201; FORD: FIESTA V JH_, JD_,FOCUS II Kombi DA_,FIESTA VI,MONDEO IV Turnier BA7,FOCUS Kombi DNW,FOCUS II DA_,FOCUS DAW, DBW,S-MAX WA6,FOCUS III Turnier,FOCUS C-MAX,FIESTA IV JA_, JB_,GALAXY WA6,FUSION JU_,C-MAX DM2,FOCUS III,C-MAX II,MONDEO IV BA7,KUGA II DM2,FIESTA Stufenheck JA8 JR8,GRAND C-MAX,FOCUS Stufenheck DFW,FOCUS II Stufenheck DA_,B-MAX JK,FOCUS II Cabriolet,PUMA EC_,FOCUS III Stufenheck,MONDEO IV Stufenheck BA7,TOURNEO CONNECT \/ GRAND TOURNEO CONNECT Kombi,FIESTA VI Van,FIESTA Kasten J5_, J3_,TRANSIT CONNECT Kasten,MONDEO V Turnier,MONDEO V Stufenheck,GRAND C-MAX Van,MONDEO V Schr\u00e4gheck,C-MAX II Van,B-MAX Van,FOCUS III Kasten\/Schr\u00e4gheck; MAZDA: 2 DY,121 III JASM, JBSM; VOLVO: V50 MW,V70 III BW,C30,V60,S40 II MS,V40 Schr\u00e4gheck,S80 II AS,S60 II,740 744; VAUXHALL: CAVALIER Mk III 87; 1004456, 1004457, 1112945, 1473807, 6M5G6700BA, 96MM6700A1A, 96MM6700A2A, YS6G6700AA, 1E0610602, 1E1410602, C40110602, 30711646, 31293199; Akselitiiviste, Kampiakseli<\/p>\n","protected":false},"excerpt":{"rendered":"<p>CORTECO Kampiakselin Tiiviste 15510081B Akselitiiviste, Kampiakseli MERCEDES-BENZ,FORD,MAZDA,190 W201,FIESTA V JH_, JD_,FOCUS II Kombi DA_,FIESTA VI<\/p>\n","protected":false},"featured_media":0,"template":"","meta":{"site-sidebar-layout":"default","site-content-layout":"default","ast-global-header-display":"","ast-main-header-display":"","ast-hfb-above-header-display":"","ast-hfb-below-header-display":"","ast-hfb-mobile-header-display":"","site-post-title":"","ast-breadcrumbs-content":"","ast-featured-img":"","footer-sml-layout":"","theme-transparent-header-meta":"","adv-header-id-meta":"","stick-header-meta":"","header-above-stick-meta":"","header-main-stick-meta":"","header-below-stick-meta":""},"pwb-brand":[53],"product_cat":[88],"product_tag":[],"class_list":{"0":"post-79098","1":"product","2":"type-product","3":"status-publish","5":"pwb-brand-corteco","6":"product_cat-kampiakselin-tiiviste","7":"desktop-align-left","8":"tablet-align-left","9":"mobile-align-left","11":"first","12":"instock","13":"product-type-external"},"brands":[{"id":53,"name":"CORTECO","slug":"corteco"}],"_links":{"self":[{"href":"https:\/\/www.autonvaraosahaku.fi\/index.php?rest_route=\/wp\/v2\/product\/79098","targetHints":{"allow":["GET"]}}],"collection":[{"href":"https:\/\/www.autonvaraosahaku.fi\/index.php?rest_route=\/wp\/v2\/product"}],"about":[{"href":"https:\/\/www.autonvaraosahaku.fi\/index.php?rest_route=\/wp\/v2\/types\/product"}],"wp:attachment":[{"href":"https:\/\/www.autonvaraosahaku.fi\/index.php?rest_route=%2Fwp%2Fv2%2Fmedia&parent=79098"}],"wp:term":[{"taxonomy":"pwb-brand","embeddable":true,"href":"https:\/\/www.autonvaraosahaku.fi\/index.php?rest_route=%2Fwp%2Fv2%2Fpwb-brand&post=79098"},{"taxonomy":"product_cat","embeddable":true,"href":"https:\/\/www.autonvaraosahaku.fi\/index.php?rest_route=%2Fwp%2Fv2%2Fproduct_cat&post=79098"},{"taxonomy":"product_tag","embeddable":true,"href":"https:\/\/www.autonvaraosahaku.fi\/index.php?rest_route=%2Fwp%2Fv2%2Fproduct_tag&post=79098"}],"curies":[{"name":"wp","href":"https:\/\/api.w.org\/{rel}","templated":true}]}}