{"id":79104,"date":"2021-02-21T20:02:15","date_gmt":"2021-02-21T20:02:15","guid":{"rendered":"https:\/\/www.autonvaraosahaku.fi\/?product=corteco-12011549b-tiivisteet"},"modified":"2021-02-21T20:02:20","modified_gmt":"2021-02-21T20:02:20","slug":"corteco-12011549b-tiivisteet","status":"publish","type":"product","link":"https:\/\/www.autonvaraosahaku.fi\/?product=corteco-12011549b-tiivisteet","title":{"rendered":"CORTECO 12011549B Tiivisteet"},"content":{"rendered":"<p>Asennuspuoli: Etup\u00e4\u00e4, Ausgang; Sis\u00e4l\u00e4pimitta 1 [mm]: 40; Ulkol\u00e4pimitta 1 [mm]: 58; Korkeus 1 (mm): 10; Materiaali: ACM (polyakryyli-kautsu); Suojavaippa: Suojakumilla; Rihlamalli: Vaihdettava kierre; RENAULT: 14 121_; PEUGEOT: 205 I Cabriolet 741B, 20D,205 I 741A\/C,504 A_, M_,504 Cabriolet,504 Coupe,204,104,305 II 581M,204 Cabriolet,504 Break D_, F_,504 Pick-up E_,304 _04M_,104 Coupe,305 II Break 581E,305 I 581A,204 Break,304 Break _04D_,305 I Break 581D; CITRO\u00cbN: C15 VD-_; TALBOT: SAMBA 51A; 7903087070, 312103, 312109, 7837018000, 0016744400, 312109, 7903087070<\/p>\n","protected":false},"excerpt":{"rendered":"<p>CORTECO Akselitiiviste, Tasauspy\u00f6r\u00e4st\u00f6 12011549B  RENAULT,PEUGEOT,CITRO\u00cbN,14 121_,205 I Cabriolet 741B, 20D,205 I 741A\/C,504 A_, M_,504 Cabriolet<\/p>\n","protected":false},"featured_media":0,"template":"","meta":{"site-sidebar-layout":"default","site-content-layout":"default","ast-global-header-display":"","ast-main-header-display":"","ast-hfb-above-header-display":"","ast-hfb-below-header-display":"","ast-hfb-mobile-header-display":"","site-post-title":"","ast-breadcrumbs-content":"","ast-featured-img":"","footer-sml-layout":"","theme-transparent-header-meta":"","adv-header-id-meta":"","stick-header-meta":"","header-above-stick-meta":"","header-main-stick-meta":"","header-below-stick-meta":""},"pwb-brand":[53],"product_cat":[27],"product_tag":[],"class_list":{"0":"post-79104","1":"product","2":"type-product","3":"status-publish","5":"pwb-brand-corteco","6":"product_cat-tiivisteet","7":"desktop-align-left","8":"tablet-align-left","9":"mobile-align-left","11":"first","12":"instock","13":"product-type-external"},"brands":[{"id":53,"name":"CORTECO","slug":"corteco"}],"_links":{"self":[{"href":"https:\/\/www.autonvaraosahaku.fi\/index.php?rest_route=\/wp\/v2\/product\/79104","targetHints":{"allow":["GET"]}}],"collection":[{"href":"https:\/\/www.autonvaraosahaku.fi\/index.php?rest_route=\/wp\/v2\/product"}],"about":[{"href":"https:\/\/www.autonvaraosahaku.fi\/index.php?rest_route=\/wp\/v2\/types\/product"}],"wp:attachment":[{"href":"https:\/\/www.autonvaraosahaku.fi\/index.php?rest_route=%2Fwp%2Fv2%2Fmedia&parent=79104"}],"wp:term":[{"taxonomy":"pwb-brand","embeddable":true,"href":"https:\/\/www.autonvaraosahaku.fi\/index.php?rest_route=%2Fwp%2Fv2%2Fpwb-brand&post=79104"},{"taxonomy":"product_cat","embeddable":true,"href":"https:\/\/www.autonvaraosahaku.fi\/index.php?rest_route=%2Fwp%2Fv2%2Fproduct_cat&post=79104"},{"taxonomy":"product_tag","embeddable":true,"href":"https:\/\/www.autonvaraosahaku.fi\/index.php?rest_route=%2Fwp%2Fv2%2Fproduct_tag&post=79104"}],"curies":[{"name":"wp","href":"https:\/\/api.w.org\/{rel}","templated":true}]}}