{"id":79109,"date":"2021-02-21T20:02:15","date_gmt":"2021-02-21T20:02:15","guid":{"rendered":"https:\/\/www.autonvaraosahaku.fi\/?product=dt-5-40051-kampiakselin-tiiviste"},"modified":"2021-02-21T20:02:21","modified_gmt":"2021-02-21T20:02:21","slug":"dt-5-40051-kampiakselin-tiiviste","status":"publish","type":"product","link":"https:\/\/www.autonvaraosahaku.fi\/?product=dt-5-40051-kampiakselin-tiiviste","title":{"rendered":"DT 5.40051 Kampiakselin tiiviste"},"content":{"rendered":"<p>Asennuspuoli: Etup\u00e4\u00e4; Paino [g]: 41; Sis\u00e4l\u00e4pimitta [mm]: 70; Ulkol\u00e4pimitta [mm]: 90; Korkeus (mm): 10; VW: PASSAT 32; AUDI: 100 44, 44Q, C3,COUPE 89, 8B; NISSAN: VANETTE Kasten C22; SEAT: 131; MERCEDES-BENZ: 190 W201,Stufenheck W124,G-CLASS W463,S-CLASS W140,KOMBI Kombi S123,SL Coupe C107; LANCIA: DELTA I 831AB0; OPEL: MOVANO Kasten F9,MOVANO Combi J9,MOVANO Pritsche\/Fahrgestell U9, E9,MOVANO Kipper H9,KADETT D Caravan 35_, 36_, 45_, 46_,ARENA Bus,ARENA Kasten TB, TF,ARENA Kasten; IVECO: DAILY II Pritsche\/Fahrgestell,DAILY II Kasten\/Kombi,DAILY I Pritsche\/Fahrgestell,DAILY II Bus,DAILY I Kasten\/Kombi,DAILY II Kipper,370,EUROSTAR,EUROTECH MH,EUROTECH MP,EUROTECH MT,EUROTRAKKER,M,P\/PA,P\/PA-Haubenfahrzeuge,TURBOCITY,TURBOSTAR,TURBOTECH; TOYOTA: CARINA E Sportswagon _T19_,CARINA II Stufenheck _T17_; BMW: 5 Touring E39,3 E36,3 E30,02 E10,6 E24,3 E21,3 Touring E30; 01226734, 0240631, 1226734, 240631, 04279412, 40003660, 40003840, 40100301, 40100304, 04279412, 40003660, 40003840, 40100300, 40100303, 40100900, 4279412, 98427996, 98467211, 98494984, 5001000786, 7701461929, 5001000786, 7701461929; Akselitiiviste, Kampiakseli<\/p>\n","protected":false},"excerpt":{"rendered":"<p>DT Kampiakselin Tiiviste 5.40051 Akselitiiviste, Kampiakseli VW,AUDI,NISSAN,PASSAT 32,100 44, 44Q, C3,COUPE 89, 8B,VANETTE Kasten C22,131,190 W201<\/p>\n","protected":false},"featured_media":0,"template":"","meta":{"site-sidebar-layout":"default","site-content-layout":"default","ast-global-header-display":"","ast-main-header-display":"","ast-hfb-above-header-display":"","ast-hfb-below-header-display":"","ast-hfb-mobile-header-display":"","site-post-title":"","ast-breadcrumbs-content":"","ast-featured-img":"","footer-sml-layout":"","theme-transparent-header-meta":"","adv-header-id-meta":"","stick-header-meta":"","header-above-stick-meta":"","header-main-stick-meta":"","header-below-stick-meta":""},"pwb-brand":[75],"product_cat":[88],"product_tag":[],"class_list":{"0":"post-79109","1":"product","2":"type-product","3":"status-publish","5":"pwb-brand-dt","6":"product_cat-kampiakselin-tiiviste","7":"desktop-align-left","8":"tablet-align-left","9":"mobile-align-left","11":"first","12":"instock","13":"product-type-external"},"brands":[{"id":75,"name":"DT","slug":"dt"}],"_links":{"self":[{"href":"https:\/\/www.autonvaraosahaku.fi\/index.php?rest_route=\/wp\/v2\/product\/79109","targetHints":{"allow":["GET"]}}],"collection":[{"href":"https:\/\/www.autonvaraosahaku.fi\/index.php?rest_route=\/wp\/v2\/product"}],"about":[{"href":"https:\/\/www.autonvaraosahaku.fi\/index.php?rest_route=\/wp\/v2\/types\/product"}],"wp:attachment":[{"href":"https:\/\/www.autonvaraosahaku.fi\/index.php?rest_route=%2Fwp%2Fv2%2Fmedia&parent=79109"}],"wp:term":[{"taxonomy":"pwb-brand","embeddable":true,"href":"https:\/\/www.autonvaraosahaku.fi\/index.php?rest_route=%2Fwp%2Fv2%2Fpwb-brand&post=79109"},{"taxonomy":"product_cat","embeddable":true,"href":"https:\/\/www.autonvaraosahaku.fi\/index.php?rest_route=%2Fwp%2Fv2%2Fproduct_cat&post=79109"},{"taxonomy":"product_tag","embeddable":true,"href":"https:\/\/www.autonvaraosahaku.fi\/index.php?rest_route=%2Fwp%2Fv2%2Fproduct_tag&post=79109"}],"curies":[{"name":"wp","href":"https:\/\/api.w.org\/{rel}","templated":true}]}}