{"id":79111,"date":"2021-02-21T20:02:23","date_gmt":"2021-02-21T20:02:23","guid":{"rendered":"https:\/\/www.autonvaraosahaku.fi\/?product=metelli-15-1590-vetonivel"},"modified":"2021-02-21T20:02:24","modified_gmt":"2021-02-21T20:02:24","slug":"metelli-15-1590-vetonivel","status":"publish","type":"product","link":"https:\/\/www.autonvaraosahaku.fi\/?product=metelli-15-1590-vetonivel","title":{"rendered":"METELLI 15-1590 Vetonivel"},"content":{"rendered":"<p>Materiaali: Kumi; Kierremitta: M20 x 1,5, M20x1,5; Mekaanisesti ty\u00f6stetty: Ilman sokkauraa sis\u00e4osassa; Sis\u00e4hammastus, py\u00f6r\u00e4npuoli: 25; Ulkohammastus, py\u00f6r\u00e4npuoli: 25; Tiivisteen l\u00e4pimitta [mm]: 60,2; Ulkol\u00e4pimitta [mm]: 88,8; Mekaanisesti tystetty: Sokkauralla sisosassa; Ulkohalkaisija (mm): 88,8; Tiivisteen halkaisija (mm): 60,2; Sishammastus, pyrnpuoli: 25; Hammastus, pyrn puoli: 25; Asennuspuoli: Pyrn puoli; Asennuspuoli: radseitig; MERCEDES-BENZ: A-CLASS W169,B-CLASS W245; 1693600975, 1693601572, 1693601768, 1693602972, 1693604372, 1693604472, 1693608372, 1693705572, A1693600975, A1693601572, A1693601768, A1693602972, A1693604372, A1693604472, A1693608372, A1693705572; Nivelsarja, Vetoakseli<\/p>\n","protected":false},"excerpt":{"rendered":"<p>METELLI Vetonivel 15-1590 Nivelsarja, Vetoakseli MERCEDES-BENZ,A-CLASS W169,B-CLASS W245<\/p>\n","protected":false},"featured_media":0,"template":"","meta":{"site-sidebar-layout":"default","site-content-layout":"default","ast-global-header-display":"","ast-main-header-display":"","ast-hfb-above-header-display":"","ast-hfb-below-header-display":"","ast-hfb-mobile-header-display":"","site-post-title":"","ast-breadcrumbs-content":"","ast-featured-img":"","footer-sml-layout":"","theme-transparent-header-meta":"","adv-header-id-meta":"","stick-header-meta":"","header-above-stick-meta":"","header-main-stick-meta":"","header-below-stick-meta":""},"pwb-brand":[251],"product_cat":[175],"product_tag":[],"class_list":{"0":"post-79111","1":"product","2":"type-product","3":"status-publish","5":"pwb-brand-metelli","6":"product_cat-vetonivel","7":"desktop-align-left","8":"tablet-align-left","9":"mobile-align-left","11":"first","12":"instock","13":"product-type-external"},"brands":[{"id":251,"name":"METELLI","slug":"metelli"}],"_links":{"self":[{"href":"https:\/\/www.autonvaraosahaku.fi\/index.php?rest_route=\/wp\/v2\/product\/79111","targetHints":{"allow":["GET"]}}],"collection":[{"href":"https:\/\/www.autonvaraosahaku.fi\/index.php?rest_route=\/wp\/v2\/product"}],"about":[{"href":"https:\/\/www.autonvaraosahaku.fi\/index.php?rest_route=\/wp\/v2\/types\/product"}],"wp:attachment":[{"href":"https:\/\/www.autonvaraosahaku.fi\/index.php?rest_route=%2Fwp%2Fv2%2Fmedia&parent=79111"}],"wp:term":[{"taxonomy":"pwb-brand","embeddable":true,"href":"https:\/\/www.autonvaraosahaku.fi\/index.php?rest_route=%2Fwp%2Fv2%2Fpwb-brand&post=79111"},{"taxonomy":"product_cat","embeddable":true,"href":"https:\/\/www.autonvaraosahaku.fi\/index.php?rest_route=%2Fwp%2Fv2%2Fproduct_cat&post=79111"},{"taxonomy":"product_tag","embeddable":true,"href":"https:\/\/www.autonvaraosahaku.fi\/index.php?rest_route=%2Fwp%2Fv2%2Fproduct_tag&post=79111"}],"curies":[{"name":"wp","href":"https:\/\/api.w.org\/{rel}","templated":true}]}}