{"id":79117,"date":"2021-02-21T20:02:23","date_gmt":"2021-02-21T20:02:23","guid":{"rendered":"https:\/\/www.autonvaraosahaku.fi\/?product=trw-jgt1116t-iskunvaimennin"},"modified":"2021-02-21T20:02:26","modified_gmt":"2021-02-21T20:02:26","slug":"trw-jgt1116t-iskunvaimennin","status":"publish","type":"product","link":"https:\/\/www.autonvaraosahaku.fi\/?product=trw-jgt1116t-iskunvaimennin","title":{"rendered":"TRW JGT1116T Iskunvaimennin"},"content":{"rendered":"<p>Lukum\u00e4\u00e4r\u00e4 akselille: 1; Asennuspuoli: Taka-akseli; Iskunvaimennin tyyppi: Kaasupaine; Iskunvaimennin malli: Teleskooppi-iskunvaimentaja; Iskunvaimennusj\u00e4rjestelm\u00e4: Kaksiputki; Iskunvaimennin asennustapa: Silmukka ylh\u00e4\u00e4ll\u00e4, Silmukka alhaalla; Pituus 1 (mm): 604; Pituus 2 (mm): 400; L\u00e4pimitta [mm]: 45; Jousijalan l\u00e4pimitta [mm]: 12; Huomioi tekniset tiedot: ; Tuotelinja: TWIN; Rakennemalli: 330; FORD: TRANSIT MK-7 Kasten,TRANSIT MK-7 Bus,TRANSIT MK-7 Pritsche\/Fahrgestell,TRANSIT TOURNEO FB; 1566104, 1605780, 1673689, 4988096, 4992270, 4992271, 6C1118080JD, 6C1118080JE, 8C1118080JA, 8C1618080FD, 8C1618080FE, 8C1618080JD; Iskarit,Iskunvaimennin<\/p>\n","protected":false},"excerpt":{"rendered":"<p>TRW Iskunvaimentimet JGT1116T Iskarit,Iskunvaimennin FORD,TRANSIT MK-7 Kasten,TRANSIT MK-7 Bus,TRANSIT MK-7 Pritsche\/Fahrgestell,TRANSIT TOURNEO FB<\/p>\n","protected":false},"featured_media":0,"template":"","meta":{"site-sidebar-layout":"default","site-content-layout":"default","ast-global-header-display":"","ast-main-header-display":"","ast-hfb-above-header-display":"","ast-hfb-below-header-display":"","ast-hfb-mobile-header-display":"","site-post-title":"","ast-breadcrumbs-content":"","ast-featured-img":"","footer-sml-layout":"","theme-transparent-header-meta":"","adv-header-id-meta":"","stick-header-meta":"","header-above-stick-meta":"","header-main-stick-meta":"","header-below-stick-meta":""},"pwb-brand":[332],"product_cat":[80],"product_tag":[],"class_list":{"0":"post-79117","1":"product","2":"type-product","3":"status-publish","5":"pwb-brand-trw","6":"product_cat-iskunvaimennin","7":"desktop-align-left","8":"tablet-align-left","9":"mobile-align-left","11":"first","12":"instock","13":"product-type-external"},"brands":[{"id":332,"name":"TRW","slug":"trw"}],"_links":{"self":[{"href":"https:\/\/www.autonvaraosahaku.fi\/index.php?rest_route=\/wp\/v2\/product\/79117","targetHints":{"allow":["GET"]}}],"collection":[{"href":"https:\/\/www.autonvaraosahaku.fi\/index.php?rest_route=\/wp\/v2\/product"}],"about":[{"href":"https:\/\/www.autonvaraosahaku.fi\/index.php?rest_route=\/wp\/v2\/types\/product"}],"wp:attachment":[{"href":"https:\/\/www.autonvaraosahaku.fi\/index.php?rest_route=%2Fwp%2Fv2%2Fmedia&parent=79117"}],"wp:term":[{"taxonomy":"pwb-brand","embeddable":true,"href":"https:\/\/www.autonvaraosahaku.fi\/index.php?rest_route=%2Fwp%2Fv2%2Fpwb-brand&post=79117"},{"taxonomy":"product_cat","embeddable":true,"href":"https:\/\/www.autonvaraosahaku.fi\/index.php?rest_route=%2Fwp%2Fv2%2Fproduct_cat&post=79117"},{"taxonomy":"product_tag","embeddable":true,"href":"https:\/\/www.autonvaraosahaku.fi\/index.php?rest_route=%2Fwp%2Fv2%2Fproduct_tag&post=79117"}],"curies":[{"name":"wp","href":"https:\/\/api.w.org\/{rel}","templated":true}]}}