{"id":79118,"date":"2021-02-21T20:02:23","date_gmt":"2021-02-21T20:02:23","guid":{"rendered":"https:\/\/www.autonvaraosahaku.fi\/?product=dt-3-12103-kannentiiviste"},"modified":"2021-02-21T20:02:26","modified_gmt":"2021-02-21T20:02:26","slug":"dt-3-12103-kannentiiviste","status":"publish","type":"product","link":"https:\/\/www.autonvaraosahaku.fi\/?product=dt-3-12103-kannentiiviste","title":{"rendered":"DT 3.12103 Kannentiiviste"},"content":{"rendered":"<p>Paino [g]: 87,5; SOLARIS: URBINO; VAN HOOL: A-Serie,EOS; SETRA: Series 300; NEOPLAN: Centroliner,Cityliner,Euroliner,Jetliner,Megashuttle,Skyliner,Spaceliner,Starliner,Tourliner,Transliner,Trendliner; MAN: E2000,EL,F2000,F90,F90 Unterflur,FOCL,HELICON,HOCL,LION\u00b4S CITY,LION\u00b4S COACH,LION\u00b4S COMFORT,LION\u00b4S STAR,M 2000 L,M 2000 M,M90,NG,NL,N\u00dc,R,SG,SL,SL II,S\u00dc,TGA,TGL,TGM,\u00dcL; BREDAMENARINIBUS: AVANCITY,M-Serie; AYATS: Bravo; 51039010275, 51039010298; Tiiviste, Sylinterikansi<\/p>\n","protected":false},"excerpt":{"rendered":"<p>DT Kannentiiviste 3.12103 Tiiviste, Sylinterikansi SOLARIS,VAN HOOL,SETRA,URBINO,A-Serie,EOS,Series 300,Centroliner,Cityliner,Euroliner,Jetliner<\/p>\n","protected":false},"featured_media":0,"template":"","meta":{"site-sidebar-layout":"default","site-content-layout":"default","ast-global-header-display":"","ast-main-header-display":"","ast-hfb-above-header-display":"","ast-hfb-below-header-display":"","ast-hfb-mobile-header-display":"","site-post-title":"","ast-breadcrumbs-content":"","ast-featured-img":"","footer-sml-layout":"","theme-transparent-header-meta":"","adv-header-id-meta":"","stick-header-meta":"","header-above-stick-meta":"","header-main-stick-meta":"","header-below-stick-meta":""},"pwb-brand":[75],"product_cat":[230],"product_tag":[],"class_list":{"0":"post-79118","1":"product","2":"type-product","3":"status-publish","5":"pwb-brand-dt","6":"product_cat-kannentiiviste","7":"desktop-align-left","8":"tablet-align-left","9":"mobile-align-left","11":"first","12":"instock","13":"product-type-external"},"brands":[{"id":75,"name":"DT","slug":"dt"}],"_links":{"self":[{"href":"https:\/\/www.autonvaraosahaku.fi\/index.php?rest_route=\/wp\/v2\/product\/79118","targetHints":{"allow":["GET"]}}],"collection":[{"href":"https:\/\/www.autonvaraosahaku.fi\/index.php?rest_route=\/wp\/v2\/product"}],"about":[{"href":"https:\/\/www.autonvaraosahaku.fi\/index.php?rest_route=\/wp\/v2\/types\/product"}],"wp:attachment":[{"href":"https:\/\/www.autonvaraosahaku.fi\/index.php?rest_route=%2Fwp%2Fv2%2Fmedia&parent=79118"}],"wp:term":[{"taxonomy":"pwb-brand","embeddable":true,"href":"https:\/\/www.autonvaraosahaku.fi\/index.php?rest_route=%2Fwp%2Fv2%2Fpwb-brand&post=79118"},{"taxonomy":"product_cat","embeddable":true,"href":"https:\/\/www.autonvaraosahaku.fi\/index.php?rest_route=%2Fwp%2Fv2%2Fproduct_cat&post=79118"},{"taxonomy":"product_tag","embeddable":true,"href":"https:\/\/www.autonvaraosahaku.fi\/index.php?rest_route=%2Fwp%2Fv2%2Fproduct_tag&post=79118"}],"curies":[{"name":"wp","href":"https:\/\/api.w.org\/{rel}","templated":true}]}}