{"id":79147,"date":"2021-02-21T20:02:31","date_gmt":"2021-02-21T20:02:31","guid":{"rendered":"https:\/\/www.autonvaraosahaku.fi\/?product=lauber-cq1010347-laturin-jannitteensaadin"},"modified":"2021-02-21T20:02:36","modified_gmt":"2021-02-21T20:02:36","slug":"lauber-cq1010347-laturin-jannitteensaadin","status":"publish","type":"product","link":"https:\/\/www.autonvaraosahaku.fi\/?product=lauber-cq1010347-laturin-jannitteensaadin","title":{"rendered":"LAUBER CQ1010347 Laturin j\u00e4nnitteens\u00e4\u00e4din"},"content":{"rendered":"<p>J\u00e4nnite (V): 14; Laturi varausvirta (A): 120; kiiloja: 6; Hihnapy\u00f6r\u00e4-\u00d8[mm]: 54,5; Vaihto-osa: ; S\u00e4\u00e4dintunnus: PL57; Moottorinumero: FXDA,FXDC; FORD: FIESTA V JH_, JD_,FOCUS II Kombi DA_,FOCUS Kombi DNW,FOCUS II DA_,FOCUS DAW, DBW,FOCUS C-MAX,KUGA I,FUSION JU_,C-MAX DM2,FOCUS Stufenheck DFW,FOCUS II Stufenheck DA_,FOCUS II Cabriolet; MAZDA: 3 BK,2 DY,3 BL,3 Stufenheck BK,3 Stufenheck BL; VOLVO: V50 MW,C30,S40 II MS,C70 II Cabriolet; 1229258, 1255712, 1477737, 31288154, 3M5T10300PA, 3M5T10300PB, 3M5T10300PC, 3M5T10300PD, 8M5T10300PA, Y60118300, Y60118300A, Y60118300B, 30667067, 30795422, 36000598, 8603182, 8666579; Laturin S\u00e4\u00e4din,J\u00e4nniteens\u00e4\u00e4din<\/p>\n","protected":false},"excerpt":{"rendered":"<p>LAUBER Laturin J\u00e4nnitteens\u00e4\u00e4din CQ1010347 Laturin S\u00e4\u00e4din,J\u00e4nniteens\u00e4\u00e4din FORD,MAZDA,VOLVO,FIESTA V JH_, JD_,FOCUS II Kombi DA_,FOCUS Kombi DNW<\/p>\n","protected":false},"featured_media":0,"template":"","meta":{"site-sidebar-layout":"default","site-content-layout":"default","ast-global-header-display":"","ast-main-header-display":"","ast-hfb-above-header-display":"","ast-hfb-below-header-display":"","ast-hfb-mobile-header-display":"","site-post-title":"","ast-breadcrumbs-content":"","ast-featured-img":"","footer-sml-layout":"","theme-transparent-header-meta":"","adv-header-id-meta":"","stick-header-meta":"","header-above-stick-meta":"","header-main-stick-meta":"","header-below-stick-meta":""},"pwb-brand":[586],"product_cat":[420],"product_tag":[],"class_list":{"0":"post-79147","1":"product","2":"type-product","3":"status-publish","5":"pwb-brand-lauber","6":"product_cat-laturin-jannitteensaadin","7":"desktop-align-left","8":"tablet-align-left","9":"mobile-align-left","11":"first","12":"instock","13":"product-type-external"},"brands":[{"id":586,"name":"LAUBER","slug":"lauber"}],"_links":{"self":[{"href":"https:\/\/www.autonvaraosahaku.fi\/index.php?rest_route=\/wp\/v2\/product\/79147","targetHints":{"allow":["GET"]}}],"collection":[{"href":"https:\/\/www.autonvaraosahaku.fi\/index.php?rest_route=\/wp\/v2\/product"}],"about":[{"href":"https:\/\/www.autonvaraosahaku.fi\/index.php?rest_route=\/wp\/v2\/types\/product"}],"wp:attachment":[{"href":"https:\/\/www.autonvaraosahaku.fi\/index.php?rest_route=%2Fwp%2Fv2%2Fmedia&parent=79147"}],"wp:term":[{"taxonomy":"pwb-brand","embeddable":true,"href":"https:\/\/www.autonvaraosahaku.fi\/index.php?rest_route=%2Fwp%2Fv2%2Fpwb-brand&post=79147"},{"taxonomy":"product_cat","embeddable":true,"href":"https:\/\/www.autonvaraosahaku.fi\/index.php?rest_route=%2Fwp%2Fv2%2Fproduct_cat&post=79147"},{"taxonomy":"product_tag","embeddable":true,"href":"https:\/\/www.autonvaraosahaku.fi\/index.php?rest_route=%2Fwp%2Fv2%2Fproduct_tag&post=79147"}],"curies":[{"name":"wp","href":"https:\/\/api.w.org\/{rel}","templated":true}]}}