{"id":79150,"date":"2021-02-21T20:02:38","date_gmt":"2021-02-21T20:02:38","guid":{"rendered":"https:\/\/www.autonvaraosahaku.fi\/?product=topran-722-599-jarrulevyt"},"modified":"2021-02-21T20:02:38","modified_gmt":"2021-02-21T20:02:38","slug":"topran-722-599-jarrulevyt","status":"publish","type":"product","link":"https:\/\/www.autonvaraosahaku.fi\/?product=topran-722-599-jarrulevyt","title":{"rendered":"TOPRAN 722 599 Jarrulevyt"},"content":{"rendered":"<p>Asennuspuoli: Taka-akseli; Jarrulevytyyppi: Vakiomalli; Korvaava tuote\/korvaava tiedote 2: Kuulalaakerilla, ABS-sensorirenkaalla; Ulkol\u00e4pimitta [mm]: 248,5; Napa-\u00d8 (mm): 149; keskitt\u00e4misl\u00e4pimitta [mm]: 65; Jarrulevyn paksuus (mm): 9; Korkeus (mm): 74,3; Vanne, aukkoja: 4; Reik\u00e4ympyr\u00e4-\u00d8 [mm]: 108; Vaihdettava pareittain: ; Pinta: pinnoitettu; Varusteet: f\u00fcr Fahrzeuge ohne elektrische Feststellbremse; PEUGEOT: 308 SW,308 4A_, 4C_,308 CC; CITRO\u00cbN: C4 II B7,DS4; DS: DS 4 \/ DS 4 CROSSBACK; 424965, 424966, 424965, 424966, 424965, 424966; Jarrulevy<\/p>\n","protected":false},"excerpt":{"rendered":"<p>TOPRAN Jarrulevyt 722 599 Jarrulevy PEUGEOT,CITRO\u00cbN,DS,308 SW,308 4A_, 4C_,308 CC,C4 II B7,DS4,DS 4 \/ DS 4 CROSSBACK<\/p>\n","protected":false},"featured_media":0,"template":"","meta":{"site-sidebar-layout":"default","site-content-layout":"default","ast-global-header-display":"","ast-main-header-display":"","ast-hfb-above-header-display":"","ast-hfb-below-header-display":"","ast-hfb-mobile-header-display":"","site-post-title":"","ast-breadcrumbs-content":"","ast-featured-img":"","footer-sml-layout":"","theme-transparent-header-meta":"","adv-header-id-meta":"","stick-header-meta":"","header-above-stick-meta":"","header-main-stick-meta":"","header-below-stick-meta":""},"pwb-brand":[18],"product_cat":[66],"product_tag":[],"class_list":{"0":"post-79150","1":"product","2":"type-product","3":"status-publish","5":"pwb-brand-topran","6":"product_cat-jarrulevyt","7":"desktop-align-left","8":"tablet-align-left","9":"mobile-align-left","11":"first","12":"instock","13":"product-type-external"},"brands":[{"id":18,"name":"TOPRAN","slug":"topran"}],"_links":{"self":[{"href":"https:\/\/www.autonvaraosahaku.fi\/index.php?rest_route=\/wp\/v2\/product\/79150","targetHints":{"allow":["GET"]}}],"collection":[{"href":"https:\/\/www.autonvaraosahaku.fi\/index.php?rest_route=\/wp\/v2\/product"}],"about":[{"href":"https:\/\/www.autonvaraosahaku.fi\/index.php?rest_route=\/wp\/v2\/types\/product"}],"wp:attachment":[{"href":"https:\/\/www.autonvaraosahaku.fi\/index.php?rest_route=%2Fwp%2Fv2%2Fmedia&parent=79150"}],"wp:term":[{"taxonomy":"pwb-brand","embeddable":true,"href":"https:\/\/www.autonvaraosahaku.fi\/index.php?rest_route=%2Fwp%2Fv2%2Fpwb-brand&post=79150"},{"taxonomy":"product_cat","embeddable":true,"href":"https:\/\/www.autonvaraosahaku.fi\/index.php?rest_route=%2Fwp%2Fv2%2Fproduct_cat&post=79150"},{"taxonomy":"product_tag","embeddable":true,"href":"https:\/\/www.autonvaraosahaku.fi\/index.php?rest_route=%2Fwp%2Fv2%2Fproduct_tag&post=79150"}],"curies":[{"name":"wp","href":"https:\/\/api.w.org\/{rel}","templated":true}]}}