{"id":79169,"date":"2021-02-21T20:02:38","date_gmt":"2021-02-21T20:02:38","guid":{"rendered":"https:\/\/www.autonvaraosahaku.fi\/?product=ipsa-vl110400-pakoventtiili"},"modified":"2021-02-21T20:02:44","modified_gmt":"2021-02-21T20:02:44","slug":"ipsa-vl110400-pakoventtiili","status":"publish","type":"product","link":"https:\/\/www.autonvaraosahaku.fi\/?product=ipsa-vl110400-pakoventtiili","title":{"rendered":"IPSA VL110400 Pakoventtiili"},"content":{"rendered":"<p>Pituus (mm): 105,6; Venttiilinvarren l\u00e4pimitta [mm]: 6; Venttiililautasen l\u00e4pimitta [mm]: 30,5; venttiiliistukan kulma [astetta]: 45; Materiaali: Kromi-nikkeli-magnesiumter\u00e4s; Korvaava tuote\/korvaava tiedote 2: venttiilinvarsi kromattu; Tarvittava kappalem\u00e4\u00e4r\u00e4: 8; 11341738219, 11341739821, 11341739823, 11347505731<\/p>\n","protected":false},"excerpt":{"rendered":"<p>IPSA Pakoventtiili VL110400<\/p>\n","protected":false},"featured_media":0,"template":"","meta":{"site-sidebar-layout":"default","site-content-layout":"default","ast-global-header-display":"","ast-main-header-display":"","ast-hfb-above-header-display":"","ast-hfb-below-header-display":"","ast-hfb-mobile-header-display":"","site-post-title":"","ast-breadcrumbs-content":"","ast-featured-img":"","footer-sml-layout":"","theme-transparent-header-meta":"","adv-header-id-meta":"","stick-header-meta":"","header-above-stick-meta":"","header-main-stick-meta":"","header-below-stick-meta":""},"pwb-brand":[360],"product_cat":[209],"product_tag":[],"class_list":{"0":"post-79169","1":"product","2":"type-product","3":"status-publish","5":"pwb-brand-ipsa","6":"product_cat-pakoventtiili","7":"desktop-align-left","8":"tablet-align-left","9":"mobile-align-left","11":"first","12":"instock","13":"product-type-external"},"brands":[{"id":360,"name":"IPSA","slug":"ipsa"}],"_links":{"self":[{"href":"https:\/\/www.autonvaraosahaku.fi\/index.php?rest_route=\/wp\/v2\/product\/79169","targetHints":{"allow":["GET"]}}],"collection":[{"href":"https:\/\/www.autonvaraosahaku.fi\/index.php?rest_route=\/wp\/v2\/product"}],"about":[{"href":"https:\/\/www.autonvaraosahaku.fi\/index.php?rest_route=\/wp\/v2\/types\/product"}],"wp:attachment":[{"href":"https:\/\/www.autonvaraosahaku.fi\/index.php?rest_route=%2Fwp%2Fv2%2Fmedia&parent=79169"}],"wp:term":[{"taxonomy":"pwb-brand","embeddable":true,"href":"https:\/\/www.autonvaraosahaku.fi\/index.php?rest_route=%2Fwp%2Fv2%2Fpwb-brand&post=79169"},{"taxonomy":"product_cat","embeddable":true,"href":"https:\/\/www.autonvaraosahaku.fi\/index.php?rest_route=%2Fwp%2Fv2%2Fproduct_cat&post=79169"},{"taxonomy":"product_tag","embeddable":true,"href":"https:\/\/www.autonvaraosahaku.fi\/index.php?rest_route=%2Fwp%2Fv2%2Fproduct_tag&post=79169"}],"curies":[{"name":"wp","href":"https:\/\/api.w.org\/{rel}","templated":true}]}}