{"id":79171,"date":"2021-02-21T20:02:45","date_gmt":"2021-02-21T20:02:45","guid":{"rendered":"https:\/\/www.autonvaraosahaku.fi\/?product=freccia-r6372-s-imuventtiili"},"modified":"2021-02-21T20:02:46","modified_gmt":"2021-02-21T20:02:46","slug":"freccia-r6372-s-imuventtiili","status":"publish","type":"product","link":"https:\/\/www.autonvaraosahaku.fi\/?product=freccia-r6372-s-imuventtiili","title":{"rendered":"FRECCIA R6372\/S Imuventtiili"},"content":{"rendered":"<p>Venttiililautasen l\u00e4pimitta [mm]: 29,1; Venttiilinvarren l\u00e4pimitta [mm]: 6; Pituus (mm): 87,8; venttiiliistukan kulma [astetta]: 45; Materiaali: Kromi-siliciumter\u00e4s; Liittimet: I; TECDOC-moottorinumero: 20498; VW: GOLF V 1K1,TOURAN 1T1, 1T2,PASSAT Variant 3C5,GOLF PLUS 5M1, 521,PASSAT 3C2,GOLF V Variant 1K5,JETTA III 1K2; AUDI: A6 Avant 4F5, C6,A3 8P1,A3 Sportback 8PA,A4 Avant 8ED, B7,A6 4F2, C6,A4 8EC, B7; SKODA: OCTAVIA Combi 1Z5,SUPERB Kombi 3T5,OCTAVIA 1Z3,SUPERB 3T4; SEAT: LEON 1P1,ALTEA 5P1,ALTEA XL 5P5, 5P8,TOLEDO III 5P2; JEEP: COMPASS MK49,PATRIOT MK74; CHRYSLER: SEBRING JS,SEBRING Cabriolet JS; MITSUBISHI: OUTLANDER XL II CW_W,GRANDIS NA_W,LANCER SPORTBACK CX_A,LANCER Stufenheck CY\/Z_A; DODGE: CALIBER,JOURNEY,AVENGER; 03G109601B, 68001582AA, MN980080<\/p>\n","protected":false},"excerpt":{"rendered":"<p>FRECCIA Imuventtiili R6372\/S  VW,AUDI,SKODA,GOLF V 1K1,TOURAN 1T1, 1T2,PASSAT Variant 3C5,GOLF PLUS 5M1, 521,PASSAT 3C2,GOLF V Variant 1K5<\/p>\n","protected":false},"featured_media":0,"template":"","meta":{"site-sidebar-layout":"default","site-content-layout":"default","ast-global-header-display":"","ast-main-header-display":"","ast-hfb-above-header-display":"","ast-hfb-below-header-display":"","ast-hfb-mobile-header-display":"","site-post-title":"","ast-breadcrumbs-content":"","ast-featured-img":"","footer-sml-layout":"","theme-transparent-header-meta":"","adv-header-id-meta":"","stick-header-meta":"","header-above-stick-meta":"","header-main-stick-meta":"","header-below-stick-meta":""},"pwb-brand":[345],"product_cat":[274],"product_tag":[],"class_list":{"0":"post-79171","1":"product","2":"type-product","3":"status-publish","5":"pwb-brand-freccia","6":"product_cat-imuventtiili","7":"desktop-align-left","8":"tablet-align-left","9":"mobile-align-left","11":"first","12":"instock","13":"product-type-external"},"brands":[{"id":345,"name":"FRECCIA","slug":"freccia"}],"_links":{"self":[{"href":"https:\/\/www.autonvaraosahaku.fi\/index.php?rest_route=\/wp\/v2\/product\/79171","targetHints":{"allow":["GET"]}}],"collection":[{"href":"https:\/\/www.autonvaraosahaku.fi\/index.php?rest_route=\/wp\/v2\/product"}],"about":[{"href":"https:\/\/www.autonvaraosahaku.fi\/index.php?rest_route=\/wp\/v2\/types\/product"}],"wp:attachment":[{"href":"https:\/\/www.autonvaraosahaku.fi\/index.php?rest_route=%2Fwp%2Fv2%2Fmedia&parent=79171"}],"wp:term":[{"taxonomy":"pwb-brand","embeddable":true,"href":"https:\/\/www.autonvaraosahaku.fi\/index.php?rest_route=%2Fwp%2Fv2%2Fpwb-brand&post=79171"},{"taxonomy":"product_cat","embeddable":true,"href":"https:\/\/www.autonvaraosahaku.fi\/index.php?rest_route=%2Fwp%2Fv2%2Fproduct_cat&post=79171"},{"taxonomy":"product_tag","embeddable":true,"href":"https:\/\/www.autonvaraosahaku.fi\/index.php?rest_route=%2Fwp%2Fv2%2Fproduct_tag&post=79171"}],"curies":[{"name":"wp","href":"https:\/\/api.w.org\/{rel}","templated":true}]}}