{"id":79224,"date":"2021-02-21T20:03:00","date_gmt":"2021-02-21T20:03:00","guid":{"rendered":"https:\/\/www.autonvaraosahaku.fi\/?product=ufi-53-060-00-raitisilmasuodatin"},"modified":"2021-02-21T20:03:04","modified_gmt":"2021-02-21T20:03:04","slug":"ufi-53-060-00-raitisilmasuodatin","status":"publish","type":"product","link":"https:\/\/www.autonvaraosahaku.fi\/?product=ufi-53-060-00-raitisilmasuodatin","title":{"rendered":"UFI 53.060.00 Raitisilmasuodatin"},"content":{"rendered":"<p>Suodatintyyppi: Hiukkassuodatin; Pituus (mm): 229,0; Leveys (mm): 160,0; Korkeus (mm): 31,0; L\u00e4mmityslaite \/ j\u00e4\u00e4hdytys: f\u00fcr Fahrzeuge mit werksseitig eingebauter Klimaanlage; NISSAN: KUBISTAR Kasten X80; RENAULT: CLIO II BB0\/1\/2_, CB0\/1\/2_,KANGOO KC0\/1_,MEGANE Scenic JA0\/1_,MEGANE I BA0\/1_,KANGOO Express FC0\/1_,MEGANE I Grandtour KA0\/1_,MEGANE I Cabriolet EA0\/1_,MEGANE I Classic LA0\/1_,MEGANE I Coach DA0\/1_,CLIO II Kasten SB0\/1\/2_,THALIA I LB0\/1\/2_,THALIA II LU1\/2_,THALIA III; PORSCHE: MACAN; 2789100Q0A, B729800QAA, 7700424098; Sis\u00e4ilmansuodatin,Suodatin, Sis\u00e4ilma<\/p>\n","protected":false},"excerpt":{"rendered":"<p>UFI Raitisilmasuodatin 53.060.00 Sis\u00e4ilmansuodatin,Suodatin, Sis\u00e4ilma NISSAN,RENAULT,PORSCHE,KUBISTAR Kasten X80,CLIO II BB0\/1\/2_, CB0\/1\/2_<\/p>\n","protected":false},"featured_media":0,"template":"","meta":{"site-sidebar-layout":"default","site-content-layout":"default","ast-global-header-display":"","ast-main-header-display":"","ast-hfb-above-header-display":"","ast-hfb-below-header-display":"","ast-hfb-mobile-header-display":"","site-post-title":"","ast-breadcrumbs-content":"","ast-featured-img":"","footer-sml-layout":"","theme-transparent-header-meta":"","adv-header-id-meta":"","stick-header-meta":"","header-above-stick-meta":"","header-main-stick-meta":"","header-below-stick-meta":""},"pwb-brand":[109],"product_cat":[19],"product_tag":[],"class_list":{"0":"post-79224","1":"product","2":"type-product","3":"status-publish","5":"pwb-brand-ufi","6":"product_cat-raitisilmasuodatin","7":"desktop-align-left","8":"tablet-align-left","9":"mobile-align-left","11":"first","12":"instock","13":"product-type-external"},"brands":[{"id":109,"name":"UFI","slug":"ufi"}],"_links":{"self":[{"href":"https:\/\/www.autonvaraosahaku.fi\/index.php?rest_route=\/wp\/v2\/product\/79224","targetHints":{"allow":["GET"]}}],"collection":[{"href":"https:\/\/www.autonvaraosahaku.fi\/index.php?rest_route=\/wp\/v2\/product"}],"about":[{"href":"https:\/\/www.autonvaraosahaku.fi\/index.php?rest_route=\/wp\/v2\/types\/product"}],"wp:attachment":[{"href":"https:\/\/www.autonvaraosahaku.fi\/index.php?rest_route=%2Fwp%2Fv2%2Fmedia&parent=79224"}],"wp:term":[{"taxonomy":"pwb-brand","embeddable":true,"href":"https:\/\/www.autonvaraosahaku.fi\/index.php?rest_route=%2Fwp%2Fv2%2Fpwb-brand&post=79224"},{"taxonomy":"product_cat","embeddable":true,"href":"https:\/\/www.autonvaraosahaku.fi\/index.php?rest_route=%2Fwp%2Fv2%2Fproduct_cat&post=79224"},{"taxonomy":"product_tag","embeddable":true,"href":"https:\/\/www.autonvaraosahaku.fi\/index.php?rest_route=%2Fwp%2Fv2%2Fproduct_tag&post=79224"}],"curies":[{"name":"wp","href":"https:\/\/api.w.org\/{rel}","templated":true}]}}