{"id":79232,"date":"2021-02-21T20:03:07","date_gmt":"2021-02-21T20:03:07","guid":{"rendered":"https:\/\/www.autonvaraosahaku.fi\/?product=ufi-23-258-00-oljynsuodatin"},"modified":"2021-02-21T20:03:08","modified_gmt":"2021-02-21T20:03:08","slug":"ufi-23-258-00-oljynsuodatin","status":"publish","type":"product","link":"https:\/\/www.autonvaraosahaku.fi\/?product=ufi-23-258-00-oljynsuodatin","title":{"rendered":"UFI 23.258.00 \u00d6ljynsuodatin"},"content":{"rendered":"<p>Ulkol\u00e4pimitta [mm]: 68,0; Sis\u00e4l\u00e4pimitta 1 [mm]: 56,0; Ulkol\u00e4pimitta 2 [mm]: 64,0; Ulkol\u00e4pimitta 1 [mm]: 72,0; Kierremitta: M 20 X 1,5; Korkeus (mm): 66,0; Avauspaine ohitusventtiili [bar]: 1,0; Korvaava tuote\/korvaava tiedote 2: yhdell\u00e4 peruutuksenestoventtiilill\u00e4; Moottorinumero: EJ204; MAZDA: 3 BK,MX-5 II NB,2 DE,323 F VI BJ,PREMACY CP,3 BL,MX-5 I NA,3 BM,DEMIO DW,RX 8 SE17,626 V Hatchback GF,3 Stufenheck BK,MPV II LW,626 V GF,626 V Station Wagon GW,3 Stufenheck BL,MX-3 EC,FAMILIA VI BJ,3 Stufenheck BM,XEDOS 6 CA,323 C IV BG,FAMILIA IV BF,FAMILIA V BA,FAMILIA V BG8,323 III Hatchback BF,121 II DB,FAMILIA IV BG,626 III Hatchback GD,626 III Station Wagon GV,323 III BF,RX 7 III FD,323 III Station Wagon BW,323 II Hatchback BD,121 I DA,323 II BD,323 I Station Wagon FA; KIA: CARENS II FJ,RIO Stufenheck DC_,SHUMA II FB,CARENS I FC,SHUMA FB,PRIDE DA,SHUMA II Stufenheck FB,CLARUS K9A,CLARUS Kombi GC,SEPHIA Stufenheck FA,SEPHIA FA,PRIDE Kombi,SEPHIA FB,ROADSTER,PRIDE Van DA; SUBARU: FORESTER SG,FORESTER SH,FORESTER SF,IMPREZA Stufenheck GD,LEGACY IV Station Wagon BL, BP, B13_,IMPREZA Schr\u00e4gheck GR, GH, G3,OUTBACK BL, BP,IMPREZA Station Wagon GG,LEGACY III Station Wagon BE, BH,LEGACY IV BL, BP,LIBERO Bus E10, E12,LEGACY V Station Wagon BM, BR,OUTBACK BM, BR,JUSTY I KAD,LEGACY III BE, BH,VIVIO,WRX Stufenheck GJ; JD059911275, 15400PFB004, 15400PFB014, 0B63114302, B6Y014302, B6Y114302, B6Y1143029A, B6Y114302A, B6YI14302, 30A4000200, 30A4000201, 30A4000202, 30A4000203, MD134953, MD348631, 15208AA100, 15208KA000, 15208KA010, 15208KA012<\/p>\n","protected":false},"excerpt":{"rendered":"<p>UFI \u00d6ljynsuodatin 23.258.00  MAZDA,KIA,SUBARU,3 BK,MX-5 II NB,2 DE,323 F VI BJ,PREMACY CP,3 BL,MX-5 I NA,3 BM,DEMIO DW,RX 8 SE17,626 V Hatchback GF<\/p>\n","protected":false},"featured_media":0,"template":"","meta":{"site-sidebar-layout":"default","site-content-layout":"default","ast-global-header-display":"","ast-main-header-display":"","ast-hfb-above-header-display":"","ast-hfb-below-header-display":"","ast-hfb-mobile-header-display":"","site-post-title":"","ast-breadcrumbs-content":"","ast-featured-img":"","footer-sml-layout":"","theme-transparent-header-meta":"","adv-header-id-meta":"","stick-header-meta":"","header-above-stick-meta":"","header-main-stick-meta":"","header-below-stick-meta":""},"pwb-brand":[109],"product_cat":[30],"product_tag":[],"class_list":{"0":"post-79232","1":"product","2":"type-product","3":"status-publish","5":"pwb-brand-ufi","6":"product_cat-oljynsuodatin","7":"desktop-align-left","8":"tablet-align-left","9":"mobile-align-left","11":"first","12":"instock","13":"product-type-external"},"brands":[{"id":109,"name":"UFI","slug":"ufi"}],"_links":{"self":[{"href":"https:\/\/www.autonvaraosahaku.fi\/index.php?rest_route=\/wp\/v2\/product\/79232","targetHints":{"allow":["GET"]}}],"collection":[{"href":"https:\/\/www.autonvaraosahaku.fi\/index.php?rest_route=\/wp\/v2\/product"}],"about":[{"href":"https:\/\/www.autonvaraosahaku.fi\/index.php?rest_route=\/wp\/v2\/types\/product"}],"wp:attachment":[{"href":"https:\/\/www.autonvaraosahaku.fi\/index.php?rest_route=%2Fwp%2Fv2%2Fmedia&parent=79232"}],"wp:term":[{"taxonomy":"pwb-brand","embeddable":true,"href":"https:\/\/www.autonvaraosahaku.fi\/index.php?rest_route=%2Fwp%2Fv2%2Fpwb-brand&post=79232"},{"taxonomy":"product_cat","embeddable":true,"href":"https:\/\/www.autonvaraosahaku.fi\/index.php?rest_route=%2Fwp%2Fv2%2Fproduct_cat&post=79232"},{"taxonomy":"product_tag","embeddable":true,"href":"https:\/\/www.autonvaraosahaku.fi\/index.php?rest_route=%2Fwp%2Fv2%2Fproduct_tag&post=79232"}],"curies":[{"name":"wp","href":"https:\/\/api.w.org\/{rel}","templated":true}]}}