{"id":79246,"date":"2021-02-21T20:03:07","date_gmt":"2021-02-21T20:03:07","guid":{"rendered":"https:\/\/www.autonvaraosahaku.fi\/?product=ate-13-0460-4852-2-jarrupalat"},"modified":"2021-02-21T20:03:12","modified_gmt":"2021-02-21T20:03:12","slug":"ate-13-0460-4852-2-jarrupalat","status":"publish","type":"product","link":"https:\/\/www.autonvaraosahaku.fi\/?product=ate-13-0460-4852-2-jarrupalat","title":{"rendered":"ATE 13.0460-4852.2 Jarrupalat"},"content":{"rendered":"<p>Leveys (mm): 209,5; Korkeus (mm): 94,2; Paksuus [mm]: 15,8; Kulumisenilmaisimen liitos: Kulumisenilmaisemelle, Ilman kulumisenilmaisinta; Lis\u00e4tarvike\/lis\u00e4tieto: Tarvikkeilla; Jarruj\u00e4rjestelm\u00e4: Brembo; Tarkistuskilpi: E1 90R-02A0612\/0491; MAPP-koodi saatavilla: ; Suositellun tarvikkeen tuotenumero: 13.0460-0509.2, 24.8190-0014.2, 24.8190-0939.2, 24.8190-0962.2, 24.8190-0965.2; Huomioi mitat: ; M\u00e4\u00e4r\u00e4yksikk\u00f6: Akselisarja; Jarrusatulan v\u00e4ri: gr\u00fcn; VW: TOUAREG 7LA, 7L6, 7L7,TOUAREG 7P5; PORSCHE: CAYENNE 955,CAYENNE,PANAMERA,MACAN; 7P5698151D, 95535193961, 95535193962, 95535193963, 95835193900, 95835193910, 95B698151C; Jarrupalasarja,Jarrupala, Levyjarru<\/p>\n","protected":false},"excerpt":{"rendered":"<p>ATE Jarrupalat 13.0460-4852.2 Jarrupalasarja,Jarrupala, Levyjarru VW,PORSCHE,TOUAREG 7LA, 7L6, 7L7,TOUAREG 7P5,CAYENNE 955,CAYENNE,PANAMERA,MACAN<\/p>\n","protected":false},"featured_media":0,"template":"","meta":{"site-sidebar-layout":"default","site-content-layout":"default","ast-global-header-display":"","ast-main-header-display":"","ast-hfb-above-header-display":"","ast-hfb-below-header-display":"","ast-hfb-mobile-header-display":"","site-post-title":"","ast-breadcrumbs-content":"","ast-featured-img":"","footer-sml-layout":"","theme-transparent-header-meta":"","adv-header-id-meta":"","stick-header-meta":"","header-above-stick-meta":"","header-main-stick-meta":"","header-below-stick-meta":""},"pwb-brand":[108],"product_cat":[100],"product_tag":[],"class_list":{"0":"post-79246","1":"product","2":"type-product","3":"status-publish","5":"pwb-brand-ate","6":"product_cat-jarrupalat","7":"desktop-align-left","8":"tablet-align-left","9":"mobile-align-left","11":"first","12":"instock","13":"product-type-external"},"brands":[{"id":108,"name":"ATE","slug":"ate"}],"_links":{"self":[{"href":"https:\/\/www.autonvaraosahaku.fi\/index.php?rest_route=\/wp\/v2\/product\/79246","targetHints":{"allow":["GET"]}}],"collection":[{"href":"https:\/\/www.autonvaraosahaku.fi\/index.php?rest_route=\/wp\/v2\/product"}],"about":[{"href":"https:\/\/www.autonvaraosahaku.fi\/index.php?rest_route=\/wp\/v2\/types\/product"}],"wp:attachment":[{"href":"https:\/\/www.autonvaraosahaku.fi\/index.php?rest_route=%2Fwp%2Fv2%2Fmedia&parent=79246"}],"wp:term":[{"taxonomy":"pwb-brand","embeddable":true,"href":"https:\/\/www.autonvaraosahaku.fi\/index.php?rest_route=%2Fwp%2Fv2%2Fpwb-brand&post=79246"},{"taxonomy":"product_cat","embeddable":true,"href":"https:\/\/www.autonvaraosahaku.fi\/index.php?rest_route=%2Fwp%2Fv2%2Fproduct_cat&post=79246"},{"taxonomy":"product_tag","embeddable":true,"href":"https:\/\/www.autonvaraosahaku.fi\/index.php?rest_route=%2Fwp%2Fv2%2Fproduct_tag&post=79246"}],"curies":[{"name":"wp","href":"https:\/\/api.w.org\/{rel}","templated":true}]}}