{"id":7928,"date":"2021-02-21T14:01:34","date_gmt":"2021-02-21T14:01:34","guid":{"rendered":"https:\/\/www.autonvaraosahaku.fi\/?product=swf-262231-pyyhkijansulat"},"modified":"2021-02-21T14:01:35","modified_gmt":"2021-02-21T14:01:35","slug":"swf-262231-pyyhkijansulat","status":"publish","type":"product","link":"https:\/\/www.autonvaraosahaku.fi\/?product=swf-262231-pyyhkijansulat","title":{"rendered":"SWF 262231 Pyyhkij\u00e4nsulat"},"content":{"rendered":"<p>Asennuspuoli: Takana; M\u00e4\u00e4r\u00e4: 1; Pituus (mm): 280; Pituus (tuumaa): 11; Paino [kg]: 0,07; Pyyhkij\u00e4nsulkatyyppi: Rungottomat; Valmistusvuosi alkaen: 11\/2010; VW: POLO 9N_,GOLF VI 5K1,PASSAT Variant 3C5,POLO 6R, 6C,PASSAT Variant 365,GOLF VII 5G1, BE1,GOLF VI Variant AJ5,GOLF VII Kombi BA5,PASSAT ALLTRACK 365,GOLF SPORTSVAN AM1,TOURAN,POLO AW1, BZ1,GOLF ALLTRACK BA5; AUDI: Q5 8R,A1 Sportback 8XA, 8XK,Q2 GA; MERCEDES-BENZ: GLA-CLASS X156,E-CLASS T-Model S213,E-CLASS All-Terrain S213; BMW: 1 E87,1 E81,2 Gran Tourer F46,X3 G01; FORD: KUGA II DM2,ECOSPORT,MONDEO V Turnier,FIESTA VII,KUGA II Van; SKODA: FABIA,FABIA Combi,YETI 5L; SEAT: LEON 1P1,ATECA KH7,IBIZA V KJ1,ARONA KJ7; MINI: MINI CLUBMAN R55,MINI Coupe R58,MINI PACEMAN R61,MINI CLUBVAN R55; INFINITI: Q30,QX30; 61627138508, 61627366060, 5101217, 5324649, 5324650, 5TA955427A; Tuulilasinpyyhkimet,Pyyhkij\u00e4t,Pyyhkij\u00e4nsulka<\/p>\n","protected":false},"excerpt":{"rendered":"<p>SWF Pyyhkij\u00e4nsulat 262231 Tuulilasinpyyhkimet,Pyyhkij\u00e4t VW,AUDI,MERCEDES-BENZ,POLO 9N_,GOLF VI 5K1,PASSAT Variant 3C5,POLO 6R, 6C,PASSAT Variant 365<\/p>\n","protected":false},"featured_media":0,"template":"","meta":{"site-sidebar-layout":"default","site-content-layout":"default","ast-global-header-display":"","ast-main-header-display":"","ast-hfb-above-header-display":"","ast-hfb-below-header-display":"","ast-hfb-mobile-header-display":"","site-post-title":"","ast-breadcrumbs-content":"","ast-featured-img":"","footer-sml-layout":"","theme-transparent-header-meta":"","adv-header-id-meta":"","stick-header-meta":"","header-above-stick-meta":"","header-main-stick-meta":"","header-below-stick-meta":""},"pwb-brand":[204],"product_cat":[33],"product_tag":[],"class_list":{"0":"post-7928","1":"product","2":"type-product","3":"status-publish","5":"pwb-brand-swf","6":"product_cat-pyyhkijansulat","7":"desktop-align-left","8":"tablet-align-left","9":"mobile-align-left","11":"first","12":"instock","13":"product-type-external"},"brands":[{"id":204,"name":"SWF","slug":"swf"}],"_links":{"self":[{"href":"https:\/\/www.autonvaraosahaku.fi\/index.php?rest_route=\/wp\/v2\/product\/7928","targetHints":{"allow":["GET"]}}],"collection":[{"href":"https:\/\/www.autonvaraosahaku.fi\/index.php?rest_route=\/wp\/v2\/product"}],"about":[{"href":"https:\/\/www.autonvaraosahaku.fi\/index.php?rest_route=\/wp\/v2\/types\/product"}],"wp:attachment":[{"href":"https:\/\/www.autonvaraosahaku.fi\/index.php?rest_route=%2Fwp%2Fv2%2Fmedia&parent=7928"}],"wp:term":[{"taxonomy":"pwb-brand","embeddable":true,"href":"https:\/\/www.autonvaraosahaku.fi\/index.php?rest_route=%2Fwp%2Fv2%2Fpwb-brand&post=7928"},{"taxonomy":"product_cat","embeddable":true,"href":"https:\/\/www.autonvaraosahaku.fi\/index.php?rest_route=%2Fwp%2Fv2%2Fproduct_cat&post=7928"},{"taxonomy":"product_tag","embeddable":true,"href":"https:\/\/www.autonvaraosahaku.fi\/index.php?rest_route=%2Fwp%2Fv2%2Fproduct_tag&post=7928"}],"curies":[{"name":"wp","href":"https:\/\/api.w.org\/{rel}","templated":true}]}}