{"id":79306,"date":"2021-02-21T20:03:29","date_gmt":"2021-02-21T20:03:29","guid":{"rendered":"https:\/\/www.autonvaraosahaku.fi\/?product=a-b-s-16351-jarrulevyt"},"modified":"2021-02-21T20:03:35","modified_gmt":"2021-02-21T20:03:35","slug":"a-b-s-16351-jarrulevyt","status":"publish","type":"product","link":"https:\/\/www.autonvaraosahaku.fi\/?product=a-b-s-16351-jarrulevyt","title":{"rendered":"A.B.S. 16351 Jarrulevyt"},"content":{"rendered":"<p>Ulkol\u00e4pimitta [mm]: 278; Jarrulevyn paksuus (mm): 32,5; V\u00e4himm\u00e4ispaksuus (mm): 30,7; Korkeus (mm): 52,2; Vanne, aukkoja: 5; Jarrulevytyyppi: Tuuletettu; keskitt\u00e4misl\u00e4pimitta [mm]: 71; Reik\u00e4ympyr\u00e4-\u00d8 [mm]: 118; Paino [kg]: 8,16; Asennuspuoli: Vorderachse; CHEVROLET: CAMARO F,CAMARO Convertible F; CADILLAC: ELDORADO Coupe,FLEETWOOD Stufenheck,FLEETWOOD Coupe US; BUICK: PARK AVENUE,LESABRE; PONTIAC: TRANS SPORT,FIREBIRD Cabriolet,BONNEVILLE Stufenheck,FIREBIRD; 18016199, 18018860, 18021767, 18023029, 18016762, 18018860, 18018903, 18019854, 18021769, 18016770, 18018860, 18020786, 18021767, 18023033, 18016199, 18016770, 18018860; Jarrulevy<\/p>\n","protected":false},"excerpt":{"rendered":"<p>A.B.S. Jarrulevyt 16351 Jarrulevy CHEVROLET,CADILLAC,BUICK,CAMARO F,CAMARO Convertible F,ELDORADO Coupe,FLEETWOOD Stufenheck,FLEETWOOD Coupe US<\/p>\n","protected":false},"featured_media":0,"template":"","meta":{"site-sidebar-layout":"default","site-content-layout":"default","ast-global-header-display":"","ast-main-header-display":"","ast-hfb-above-header-display":"","ast-hfb-below-header-display":"","ast-hfb-mobile-header-display":"","site-post-title":"","ast-breadcrumbs-content":"","ast-featured-img":"","footer-sml-layout":"","theme-transparent-header-meta":"","adv-header-id-meta":"","stick-header-meta":"","header-above-stick-meta":"","header-main-stick-meta":"","header-below-stick-meta":""},"pwb-brand":[326],"product_cat":[66],"product_tag":[],"class_list":{"0":"post-79306","1":"product","2":"type-product","3":"status-publish","5":"pwb-brand-a-b-s","6":"product_cat-jarrulevyt","7":"desktop-align-left","8":"tablet-align-left","9":"mobile-align-left","11":"first","12":"instock","13":"product-type-external"},"brands":[{"id":326,"name":"A.B.S.","slug":"a-b-s"}],"_links":{"self":[{"href":"https:\/\/www.autonvaraosahaku.fi\/index.php?rest_route=\/wp\/v2\/product\/79306","targetHints":{"allow":["GET"]}}],"collection":[{"href":"https:\/\/www.autonvaraosahaku.fi\/index.php?rest_route=\/wp\/v2\/product"}],"about":[{"href":"https:\/\/www.autonvaraosahaku.fi\/index.php?rest_route=\/wp\/v2\/types\/product"}],"wp:attachment":[{"href":"https:\/\/www.autonvaraosahaku.fi\/index.php?rest_route=%2Fwp%2Fv2%2Fmedia&parent=79306"}],"wp:term":[{"taxonomy":"pwb-brand","embeddable":true,"href":"https:\/\/www.autonvaraosahaku.fi\/index.php?rest_route=%2Fwp%2Fv2%2Fpwb-brand&post=79306"},{"taxonomy":"product_cat","embeddable":true,"href":"https:\/\/www.autonvaraosahaku.fi\/index.php?rest_route=%2Fwp%2Fv2%2Fproduct_cat&post=79306"},{"taxonomy":"product_tag","embeddable":true,"href":"https:\/\/www.autonvaraosahaku.fi\/index.php?rest_route=%2Fwp%2Fv2%2Fproduct_tag&post=79306"}],"curies":[{"name":"wp","href":"https:\/\/api.w.org\/{rel}","templated":true}]}}