{"id":79325,"date":"2021-02-21T20:03:37","date_gmt":"2021-02-21T20:03:37","guid":{"rendered":"https:\/\/www.autonvaraosahaku.fi\/?product=mahle-original-oc-502-oljynsuodatin"},"modified":"2021-02-21T20:03:42","modified_gmt":"2021-02-21T20:03:42","slug":"mahle-original-oc-502-oljynsuodatin","status":"publish","type":"product","link":"https:\/\/www.autonvaraosahaku.fi\/?product=mahle-original-oc-502-oljynsuodatin","title":{"rendered":"MAHLE ORIGINAL OC 502 \u00d6ljynsuodatin"},"content":{"rendered":"<p>Suodatintyyppi: Ruuvattava suodatin; L\u00e4pimitta [mm]: 93,2; Korkeus (mm): 175,0; Ulkol\u00e4pimitta 2 [mm]: 72,0; Sis\u00e4l\u00e4pimitta 2 [mm]: 62,0; Liitinkierre: M27x2; Kiristysmomentti: 20; Suositellun erikoisty\u00f6kalun tuotenumero: OCS 2; VW: CONSTELLATION,WORKER; NISSAN: ATLEON; IVECO: CROSSWAY,EUROCARGO I-III,EuroCargo V,EUROFIRE,TECTOR,URBANWAY; FORD: Cargo; TERBERG-BENSCHOP: URBIN,YT; SCANIA: L,P,G,R,S &#8211; series; OPTARE: SOLO,SOLO SR,VERSA; KING LONG: XMQ; KARSAN: ATAK,STAR; IRISBUS: ACCESS BUS 127,CROSSWAY,EUROMIDI,EUROPOLIS,MIDIBUS,MIDIRIDER,PROWAY; 402040222, Z489789800, 1399494, 4C459N074AA, BG5X6731AA, BG6T6731AA, 0000002992242, 0000004899566, 0000504074043, 2992242, 4899566, 503120785, 504033399, 504074043, 2R0115403<\/p>\n","protected":false},"excerpt":{"rendered":"<p>MAHLE ORIGINAL \u00d6ljynsuodatin OC 502  VW,NISSAN,IVECO,CONSTELLATION,WORKER,ATLEON,CROSSWAY,EUROCARGO I-III,EuroCargo V,EUROFIRE,TECTOR,URBANWAY,Cargo<\/p>\n","protected":false},"featured_media":0,"template":"","meta":{"site-sidebar-layout":"default","site-content-layout":"default","ast-global-header-display":"","ast-main-header-display":"","ast-hfb-above-header-display":"","ast-hfb-below-header-display":"","ast-hfb-mobile-header-display":"","site-post-title":"","ast-breadcrumbs-content":"","ast-featured-img":"","footer-sml-layout":"","theme-transparent-header-meta":"","adv-header-id-meta":"","stick-header-meta":"","header-above-stick-meta":"","header-main-stick-meta":"","header-below-stick-meta":""},"pwb-brand":[153],"product_cat":[30],"product_tag":[],"class_list":{"0":"post-79325","1":"product","2":"type-product","3":"status-publish","5":"pwb-brand-mahle-original","6":"product_cat-oljynsuodatin","7":"desktop-align-left","8":"tablet-align-left","9":"mobile-align-left","11":"first","12":"instock","13":"product-type-external"},"brands":[{"id":153,"name":"MAHLE ORIGINAL","slug":"mahle-original"}],"_links":{"self":[{"href":"https:\/\/www.autonvaraosahaku.fi\/index.php?rest_route=\/wp\/v2\/product\/79325","targetHints":{"allow":["GET"]}}],"collection":[{"href":"https:\/\/www.autonvaraosahaku.fi\/index.php?rest_route=\/wp\/v2\/product"}],"about":[{"href":"https:\/\/www.autonvaraosahaku.fi\/index.php?rest_route=\/wp\/v2\/types\/product"}],"wp:attachment":[{"href":"https:\/\/www.autonvaraosahaku.fi\/index.php?rest_route=%2Fwp%2Fv2%2Fmedia&parent=79325"}],"wp:term":[{"taxonomy":"pwb-brand","embeddable":true,"href":"https:\/\/www.autonvaraosahaku.fi\/index.php?rest_route=%2Fwp%2Fv2%2Fpwb-brand&post=79325"},{"taxonomy":"product_cat","embeddable":true,"href":"https:\/\/www.autonvaraosahaku.fi\/index.php?rest_route=%2Fwp%2Fv2%2Fproduct_cat&post=79325"},{"taxonomy":"product_tag","embeddable":true,"href":"https:\/\/www.autonvaraosahaku.fi\/index.php?rest_route=%2Fwp%2Fv2%2Fproduct_tag&post=79325"}],"curies":[{"name":"wp","href":"https:\/\/api.w.org\/{rel}","templated":true}]}}