{"id":79331,"date":"2021-02-21T20:03:44","date_gmt":"2021-02-21T20:03:44","guid":{"rendered":"https:\/\/www.autonvaraosahaku.fi\/?product=topran-500-926-lampokytkin-jaahdyttimen-puhallin"},"modified":"2021-02-21T20:03:45","modified_gmt":"2021-02-21T20:03:45","slug":"topran-500-926-lampokytkin-jaahdyttimen-puhallin","status":"publish","type":"product","link":"https:\/\/www.autonvaraosahaku.fi\/?product=topran-500-926-lampokytkin-jaahdyttimen-puhallin","title":{"rendered":"TOPRAN 500 926 L\u00e4mp\u00f6kytkin j\u00e4\u00e4hdyttimen puhallin"},"content":{"rendered":"<p>Pistokkeen kotelon muoto: suorakulmainen (rectangular); Kytkent\u00e4piste (\u00b0C): 35; Napojen m\u00e4\u00e4r\u00e4: 2; Moottorinumero: 750i\/iL; BMW: 3 E46,5 E39,5 E60,5 Touring E61,3 Touring E46,5 Touring E39,3 Compact E46,3 Coupe E46,X5 E53,3 Cabriolet E46,7 E38,Z3 E36,Z4 E85,7 E65, E66, E67,Z3 Coupe E36; 12521741900, 1741900<\/p>\n","protected":false},"excerpt":{"rendered":"<p>TOPRAN L\u00e4mp\u00f6kytkin J\u00e4\u00e4hdyttimen Puhallin 500 926  BMW,3 E46,5 E39,5 E60,5 Touring E61,3 Touring E46,5 Touring E39,3 Compact E46,3 Coupe E46,X5 E53<\/p>\n","protected":false},"featured_media":0,"template":"","meta":{"site-sidebar-layout":"default","site-content-layout":"default","ast-global-header-display":"","ast-main-header-display":"","ast-hfb-above-header-display":"","ast-hfb-below-header-display":"","ast-hfb-mobile-header-display":"","site-post-title":"","ast-breadcrumbs-content":"","ast-featured-img":"","footer-sml-layout":"","theme-transparent-header-meta":"","adv-header-id-meta":"","stick-header-meta":"","header-above-stick-meta":"","header-main-stick-meta":"","header-below-stick-meta":""},"pwb-brand":[18],"product_cat":[290],"product_tag":[],"class_list":{"0":"post-79331","1":"product","2":"type-product","3":"status-publish","5":"pwb-brand-topran","6":"product_cat-lampokytkin-jaahdyttimen-puhallin","7":"desktop-align-left","8":"tablet-align-left","9":"mobile-align-left","11":"first","12":"instock","13":"product-type-external"},"brands":[{"id":18,"name":"TOPRAN","slug":"topran"}],"_links":{"self":[{"href":"https:\/\/www.autonvaraosahaku.fi\/index.php?rest_route=\/wp\/v2\/product\/79331","targetHints":{"allow":["GET"]}}],"collection":[{"href":"https:\/\/www.autonvaraosahaku.fi\/index.php?rest_route=\/wp\/v2\/product"}],"about":[{"href":"https:\/\/www.autonvaraosahaku.fi\/index.php?rest_route=\/wp\/v2\/types\/product"}],"wp:attachment":[{"href":"https:\/\/www.autonvaraosahaku.fi\/index.php?rest_route=%2Fwp%2Fv2%2Fmedia&parent=79331"}],"wp:term":[{"taxonomy":"pwb-brand","embeddable":true,"href":"https:\/\/www.autonvaraosahaku.fi\/index.php?rest_route=%2Fwp%2Fv2%2Fpwb-brand&post=79331"},{"taxonomy":"product_cat","embeddable":true,"href":"https:\/\/www.autonvaraosahaku.fi\/index.php?rest_route=%2Fwp%2Fv2%2Fproduct_cat&post=79331"},{"taxonomy":"product_tag","embeddable":true,"href":"https:\/\/www.autonvaraosahaku.fi\/index.php?rest_route=%2Fwp%2Fv2%2Fproduct_tag&post=79331"}],"curies":[{"name":"wp","href":"https:\/\/api.w.org\/{rel}","templated":true}]}}