{"id":79345,"date":"2021-02-21T20:03:44","date_gmt":"2021-02-21T20:03:44","guid":{"rendered":"https:\/\/www.autonvaraosahaku.fi\/?product=autofren-seinsa-d4049-jarrusatula-korjaussarja"},"modified":"2021-02-21T20:03:49","modified_gmt":"2021-02-21T20:03:49","slug":"autofren-seinsa-d4049-jarrusatula-korjaussarja","status":"publish","type":"product","link":"https:\/\/www.autonvaraosahaku.fi\/?product=autofren-seinsa-d4049-jarrusatula-korjaussarja","title":{"rendered":"AUTOFREN SEINSA D4049 Jarrusatula korjaussarja"},"content":{"rendered":"<p>Asennuspuoli: Etuakseli; L\u00e4pimitta [mm]: 52; Jarruj\u00e4rjestelm\u00e4: DELCO; Erittely: V\u00dfluvula tandem; OPEL: CALIBRA A 85_,VECTRA A 86_, 87_,KADETT E CC 33_, 34_, 43_, 44_,CORSA A CC 93_, 94_, 98_, 99_,MANTA B 58_, 59_,VECTRA A CC 88_, 89_,KADETT E Cabriolet 43B_,ASCONA B 81_, 86_, 87_, 88_,ASCONA C 81_, 86_, 87_, 88_,REKORD E 17_-19_, 11_, 14_, 16_,CORSA A TR 91_, 92_, 96_, 97_,KADETT D 31_-34_, 41_-44_,KADETT E 39_, 49_,ASCONA C CC 84_, 89_,KADETT E Caravan 35_, 36_, 45_, 46_,MANTA B CC 53_, 55_,REKORD E Caravan 61_, 66_, 67_,KADETT D 32_,37_,39, _42,KADETT D Caravan 35_, 36_, 45_, 46_,KADETT E Kasten 37_, 47_,KADETT E Combo 38_, 48_; VAUXHALL: ASTRA Mk II CC,CAVALIER Mk II CC,NOVA CC; 1605585, 3487355; Korjaussarja, Jarrusatula<\/p>\n","protected":false},"excerpt":{"rendered":"<p>AUTOFREN SEINSA Jarrusatula Korjaussarja D4049 Korjaussarja, Jarrusatula OPEL,VAUXHALL,CALIBRA A 85_,VECTRA A 86_, 87_,KADETT E CC 33_, 34_, 43_, 44_<\/p>\n","protected":false},"featured_media":0,"template":"","meta":{"site-sidebar-layout":"default","site-content-layout":"default","ast-global-header-display":"","ast-main-header-display":"","ast-hfb-above-header-display":"","ast-hfb-below-header-display":"","ast-hfb-mobile-header-display":"","site-post-title":"","ast-breadcrumbs-content":"","ast-featured-img":"","footer-sml-layout":"","theme-transparent-header-meta":"","adv-header-id-meta":"","stick-header-meta":"","header-above-stick-meta":"","header-main-stick-meta":"","header-below-stick-meta":""},"pwb-brand":[243],"product_cat":[57],"product_tag":[],"class_list":{"0":"post-79345","1":"product","2":"type-product","3":"status-publish","5":"pwb-brand-autofren-seinsa","6":"product_cat-jarrusatula-korjaussarja","7":"desktop-align-left","8":"tablet-align-left","9":"mobile-align-left","11":"first","12":"instock","13":"product-type-external"},"brands":[{"id":243,"name":"AUTOFREN SEINSA","slug":"autofren-seinsa"}],"_links":{"self":[{"href":"https:\/\/www.autonvaraosahaku.fi\/index.php?rest_route=\/wp\/v2\/product\/79345","targetHints":{"allow":["GET"]}}],"collection":[{"href":"https:\/\/www.autonvaraosahaku.fi\/index.php?rest_route=\/wp\/v2\/product"}],"about":[{"href":"https:\/\/www.autonvaraosahaku.fi\/index.php?rest_route=\/wp\/v2\/types\/product"}],"wp:attachment":[{"href":"https:\/\/www.autonvaraosahaku.fi\/index.php?rest_route=%2Fwp%2Fv2%2Fmedia&parent=79345"}],"wp:term":[{"taxonomy":"pwb-brand","embeddable":true,"href":"https:\/\/www.autonvaraosahaku.fi\/index.php?rest_route=%2Fwp%2Fv2%2Fpwb-brand&post=79345"},{"taxonomy":"product_cat","embeddable":true,"href":"https:\/\/www.autonvaraosahaku.fi\/index.php?rest_route=%2Fwp%2Fv2%2Fproduct_cat&post=79345"},{"taxonomy":"product_tag","embeddable":true,"href":"https:\/\/www.autonvaraosahaku.fi\/index.php?rest_route=%2Fwp%2Fv2%2Fproduct_tag&post=79345"}],"curies":[{"name":"wp","href":"https:\/\/api.w.org\/{rel}","templated":true}]}}