{"id":79351,"date":"2021-02-21T20:03:51","date_gmt":"2021-02-21T20:03:51","guid":{"rendered":"https:\/\/www.autonvaraosahaku.fi\/?product=monroe-mr315-iskunvaimennin"},"modified":"2021-02-21T20:03:52","modified_gmt":"2021-02-21T20:03:52","slug":"monroe-mr315-iskunvaimennin","status":"publish","type":"product","link":"https:\/\/www.autonvaraosahaku.fi\/?product=monroe-mr315-iskunvaimennin","title":{"rendered":"MONROE MR315 Iskunvaimennin"},"content":{"rendered":"<p>Iskunvaimennin tyyppi: \u00d6ljypaine; Iskunvaimennin malli: Joustintukisarja; Iskunvaimennusj\u00e4rjestelm\u00e4: Kaksiputki; Paino [kg]: 2,800; suurin pituus [mm]: 560; v\u00e4h. pituus [mm]: 359; Pakkauspituus [cm]: 75,7; Pakkausleveys [cm]: 10,8; Pakkauskorkeus [mm]: 5,6; Kotelon pituus [mm]: 351; Tullitariffinumero: 87088035; Asennuspuoli: Vorderachse; AUDI: 100 4A, C4,100 44, 44Q, C3,A6 Avant 4A, C4,A6 4A, C4,100 Avant 4A, C4,100 Avant 44, 44Q, C3,V8 44_, 4C_,200 44, 44Q,200 Avant 44, 44Q,100 43, C2,200 43,100 Avant 43, C2; 431412031A, 431412031B, 431412031E, 431412031F, 431412031K, 431412032A, 437412031, 437413031, 441413031D, 441413031F, 441413031G, 441413031H, 441413031N, 443413031, 443413031A, 443413031D, 443413031E, 443413031F, 443413031G, 447413031, 447413031A, 447413031C, 4A0413031, 4A0413031A, 4A0413031C, 4A0413031D, 4A0413031F, 4A0413031J, 4A0413031M, 4A0413031N, 431412031A, 431412031E, 437412031, 443413031, 443413031A, 443413031E, 443413031F, 443413031G, 447413031, 4A0413031, 4A0413031D; Iskarit,Iskunvaimennin<\/p>\n","protected":false},"excerpt":{"rendered":"<p>MONROE Iskunvaimentimet MONROE ORIGINAL MR315 Iskarit,Iskunvaimennin AUDI,100 4A, C4,100 44, 44Q, C3,A6 Avant 4A, C4,A6 4A, C4,100 Avant 4A, C4<\/p>\n","protected":false},"featured_media":0,"template":"","meta":{"site-sidebar-layout":"default","site-content-layout":"default","ast-global-header-display":"","ast-main-header-display":"","ast-hfb-above-header-display":"","ast-hfb-below-header-display":"","ast-hfb-mobile-header-display":"","site-post-title":"","ast-breadcrumbs-content":"","ast-featured-img":"","footer-sml-layout":"","theme-transparent-header-meta":"","adv-header-id-meta":"","stick-header-meta":"","header-above-stick-meta":"","header-main-stick-meta":"","header-below-stick-meta":""},"pwb-brand":[79],"product_cat":[80],"product_tag":[],"class_list":{"0":"post-79351","1":"product","2":"type-product","3":"status-publish","5":"pwb-brand-monroe","6":"product_cat-iskunvaimennin","7":"desktop-align-left","8":"tablet-align-left","9":"mobile-align-left","11":"first","12":"instock","13":"product-type-external"},"brands":[{"id":79,"name":"MONROE","slug":"monroe"}],"_links":{"self":[{"href":"https:\/\/www.autonvaraosahaku.fi\/index.php?rest_route=\/wp\/v2\/product\/79351","targetHints":{"allow":["GET"]}}],"collection":[{"href":"https:\/\/www.autonvaraosahaku.fi\/index.php?rest_route=\/wp\/v2\/product"}],"about":[{"href":"https:\/\/www.autonvaraosahaku.fi\/index.php?rest_route=\/wp\/v2\/types\/product"}],"wp:attachment":[{"href":"https:\/\/www.autonvaraosahaku.fi\/index.php?rest_route=%2Fwp%2Fv2%2Fmedia&parent=79351"}],"wp:term":[{"taxonomy":"pwb-brand","embeddable":true,"href":"https:\/\/www.autonvaraosahaku.fi\/index.php?rest_route=%2Fwp%2Fv2%2Fpwb-brand&post=79351"},{"taxonomy":"product_cat","embeddable":true,"href":"https:\/\/www.autonvaraosahaku.fi\/index.php?rest_route=%2Fwp%2Fv2%2Fproduct_cat&post=79351"},{"taxonomy":"product_tag","embeddable":true,"href":"https:\/\/www.autonvaraosahaku.fi\/index.php?rest_route=%2Fwp%2Fv2%2Fproduct_tag&post=79351"}],"curies":[{"name":"wp","href":"https:\/\/api.w.org\/{rel}","templated":true}]}}