{"id":79368,"date":"2021-02-21T20:03:51","date_gmt":"2021-02-21T20:03:51","guid":{"rendered":"https:\/\/www.autonvaraosahaku.fi\/?product=mahle-original-kx-68d-polttoainesuodatin"},"modified":"2021-02-21T20:03:57","modified_gmt":"2021-02-21T20:03:57","slug":"mahle-original-kx-68d-polttoainesuodatin","status":"publish","type":"product","link":"https:\/\/www.autonvaraosahaku.fi\/?product=mahle-original-kx-68d-polttoainesuodatin","title":{"rendered":"MAHLE ORIGINAL KX 68D Polttoainesuodatin"},"content":{"rendered":"<p>Suodatintyyppi: Suodatinpanos, Feinfilter; Korkeus (mm): 115,0; Korkeus 1 (mm): 107,0; L\u00e4pimitta [mm]: 68,0; Sis\u00e4l\u00e4pimitta 1 [mm]: 15,8; Tiivisteen l\u00e4pimitta [mm]: 15,8; MERCEDES-BENZ: 100 Bus 631,T2\/L Kasten\/Kombi,T2\/LN1 Kasten\/Kombi,T2\/L Pritsche\/Fahrgestell,T2\/LN1 Pritsche\/Fahrgestell,T2\/L Kommunalfahrzeug,T2\/LN1 Kipper,T2\/L Kipper,T2\/LN1 Bus,T2\/L Sattelschlepper,T2\/LN1 Triebkopf,ACCELO,LK\/LN2,LP,MB-TRAC,MK,NG,O 301,O 302,O 303,O 304,O 305,O 307,O 309,O 330,O 340,O 402,O 403,OH,TOURISMO (O 350),UNIMOG; SETRA: Series 200; 5011271, 5011488, A830X9150DA, A830X9150LA, 0000901151, 000090115167, 0000922705, 0000925405, 3524700092, A0000901151, A000090115167, A0000922705, A0000925405, A3524700092<\/p>\n","protected":false},"excerpt":{"rendered":"<p>MAHLE ORIGINAL Polttoainesuodatin KX 68D  MERCEDES-BENZ,SETRA,100 Bus 631,T2\/L Kasten\/Kombi,T2\/LN1 Kasten\/Kombi,T2\/L Pritsche\/Fahrgestell<\/p>\n","protected":false},"featured_media":0,"template":"","meta":{"site-sidebar-layout":"default","site-content-layout":"default","ast-global-header-display":"","ast-main-header-display":"","ast-hfb-above-header-display":"","ast-hfb-below-header-display":"","ast-hfb-mobile-header-display":"","site-post-title":"","ast-breadcrumbs-content":"","ast-featured-img":"","footer-sml-layout":"","theme-transparent-header-meta":"","adv-header-id-meta":"","stick-header-meta":"","header-above-stick-meta":"","header-main-stick-meta":"","header-below-stick-meta":""},"pwb-brand":[153],"product_cat":[29],"product_tag":[],"class_list":{"0":"post-79368","1":"product","2":"type-product","3":"status-publish","5":"pwb-brand-mahle-original","6":"product_cat-polttoainesuodatin","7":"desktop-align-left","8":"tablet-align-left","9":"mobile-align-left","11":"first","12":"instock","13":"product-type-external"},"brands":[{"id":153,"name":"MAHLE ORIGINAL","slug":"mahle-original"}],"_links":{"self":[{"href":"https:\/\/www.autonvaraosahaku.fi\/index.php?rest_route=\/wp\/v2\/product\/79368","targetHints":{"allow":["GET"]}}],"collection":[{"href":"https:\/\/www.autonvaraosahaku.fi\/index.php?rest_route=\/wp\/v2\/product"}],"about":[{"href":"https:\/\/www.autonvaraosahaku.fi\/index.php?rest_route=\/wp\/v2\/types\/product"}],"wp:attachment":[{"href":"https:\/\/www.autonvaraosahaku.fi\/index.php?rest_route=%2Fwp%2Fv2%2Fmedia&parent=79368"}],"wp:term":[{"taxonomy":"pwb-brand","embeddable":true,"href":"https:\/\/www.autonvaraosahaku.fi\/index.php?rest_route=%2Fwp%2Fv2%2Fpwb-brand&post=79368"},{"taxonomy":"product_cat","embeddable":true,"href":"https:\/\/www.autonvaraosahaku.fi\/index.php?rest_route=%2Fwp%2Fv2%2Fproduct_cat&post=79368"},{"taxonomy":"product_tag","embeddable":true,"href":"https:\/\/www.autonvaraosahaku.fi\/index.php?rest_route=%2Fwp%2Fv2%2Fproduct_tag&post=79368"}],"curies":[{"name":"wp","href":"https:\/\/api.w.org\/{rel}","templated":true}]}}