{"id":7937,"date":"2021-02-21T14:01:34","date_gmt":"2021-02-21T14:01:34","guid":{"rendered":"https:\/\/www.autonvaraosahaku.fi\/?product=master-sport-300849-set-ms-vetonivel"},"modified":"2021-02-21T14:01:36","modified_gmt":"2021-02-21T14:01:36","slug":"master-sport-300849-set-ms-vetonivel","status":"publish","type":"product","link":"https:\/\/www.autonvaraosahaku.fi\/?product=master-sport-300849-set-ms-vetonivel","title":{"rendered":"MASTER-SPORT 300849-SET-MS Vetonivel"},"content":{"rendered":"<p>Nivelmalli: Vakionopeusnivel; Asennuspuoli: Py\u00f6r\u00e4n puoli; Ulkohammastus, py\u00f6r\u00e4npuoli: 22; Pituus (mm): 138,4; Sis\u00e4hammastus, py\u00f6r\u00e4npuoli: 30; Tiivisteen l\u00e4pimitta [mm]: 51; Nettopaino [kg]: 2,2; Bruttopaino [kg]: 2,5; Alustanumeroon: 89-J-373 598; VW: GOLF III 1H1,GOLF II 19E, 1G1,PASSAT Variant 3B5,PASSAT Variant 3A5, 35I,PASSAT 3B2,GOLF I Cabriolet 155,GOLF III Cabriolet 1E7,GOLF Mk III Cabriolet 1E7,GOLF III Variant 1H5,PASSAT 3A2, 35I,CORRADO 53I,POLO Variant 6KV5,POLO CLASSIC 6KV2,SCIROCCO 53B,VENTO 1H2,JETTA II 19E, 1G2, 165,CADDY II Kombi 9K9B; AUDI: 80 89, 89Q, 8A, B3; SEAT: IBIZA II 6K1,CORDOBA 6K1, 6K2,CORDOBA Vario 6K1,TOLEDO I 1L; 171407311P, 191407311B, 191407311C, 191407311F, 191407311J, 191407311L, 191498099A, 191498099AX, 191498099B, 191498099BX, 1H0407311D, 1H0498099, 1H0498099X, 1H0498340X, 321498099C, 321498099CX, 357407311, 357498099, 357498099D, 357498099DX, 357498099X, 357498340AX, 811407311, 893407311, 893498099, JZW498340BX; Nivelsarja, Vetoakseli<\/p>\n","protected":false},"excerpt":{"rendered":"<p>MASTER-SPORT Vetonivel 300849-SET-MS Nivelsarja, Vetoakseli VW,AUDI,SEAT,GOLF III 1H1,GOLF II 19E, 1G1,PASSAT Variant 3B5,PASSAT Variant 3A5, 35I<\/p>\n","protected":false},"featured_media":0,"template":"","meta":{"site-sidebar-layout":"default","site-content-layout":"default","ast-global-header-display":"","ast-main-header-display":"","ast-hfb-above-header-display":"","ast-hfb-below-header-display":"","ast-hfb-mobile-header-display":"","site-post-title":"","ast-breadcrumbs-content":"","ast-featured-img":"","footer-sml-layout":"","theme-transparent-header-meta":"","adv-header-id-meta":"","stick-header-meta":"","header-above-stick-meta":"","header-main-stick-meta":"","header-below-stick-meta":""},"pwb-brand":[61],"product_cat":[175],"product_tag":[],"class_list":{"0":"post-7937","1":"product","2":"type-product","3":"status-publish","5":"pwb-brand-master-sport","6":"product_cat-vetonivel","7":"desktop-align-left","8":"tablet-align-left","9":"mobile-align-left","11":"first","12":"instock","13":"product-type-external"},"brands":[{"id":61,"name":"MASTER-SPORT","slug":"master-sport"}],"_links":{"self":[{"href":"https:\/\/www.autonvaraosahaku.fi\/index.php?rest_route=\/wp\/v2\/product\/7937","targetHints":{"allow":["GET"]}}],"collection":[{"href":"https:\/\/www.autonvaraosahaku.fi\/index.php?rest_route=\/wp\/v2\/product"}],"about":[{"href":"https:\/\/www.autonvaraosahaku.fi\/index.php?rest_route=\/wp\/v2\/types\/product"}],"wp:attachment":[{"href":"https:\/\/www.autonvaraosahaku.fi\/index.php?rest_route=%2Fwp%2Fv2%2Fmedia&parent=7937"}],"wp:term":[{"taxonomy":"pwb-brand","embeddable":true,"href":"https:\/\/www.autonvaraosahaku.fi\/index.php?rest_route=%2Fwp%2Fv2%2Fpwb-brand&post=7937"},{"taxonomy":"product_cat","embeddable":true,"href":"https:\/\/www.autonvaraosahaku.fi\/index.php?rest_route=%2Fwp%2Fv2%2Fproduct_cat&post=7937"},{"taxonomy":"product_tag","embeddable":true,"href":"https:\/\/www.autonvaraosahaku.fi\/index.php?rest_route=%2Fwp%2Fv2%2Fproduct_tag&post=7937"}],"curies":[{"name":"wp","href":"https:\/\/api.w.org\/{rel}","templated":true}]}}