{"id":79370,"date":"2021-02-21T20:03:58","date_gmt":"2021-02-21T20:03:58","guid":{"rendered":"https:\/\/www.autonvaraosahaku.fi\/?product=topran-301-233-hammastangon-suojakumi"},"modified":"2021-02-21T20:03:59","modified_gmt":"2021-02-21T20:03:59","slug":"topran-301-233-hammastangon-suojakumi","status":"publish","type":"product","link":"https:\/\/www.autonvaraosahaku.fi\/?product=topran-301-233-hammastangon-suojakumi","title":{"rendered":"TOPRAN 301 233 Hammastangon suojakumi"},"content":{"rendered":"<p>Asennuspuoli: Molemminpuolin; Vasen \/ oikea liikenne: Oikean-\/vasemmanpuolinen ohjaus; Lukum\u00e4\u00e4r\u00e4 akselille: 2; Sis\u00e4l\u00e4pimitta 1 [mm]: 14; Sis\u00e4l\u00e4pimitta 2 [mm]: 56; Korkeus (mm): 185; Paljekumin materiaali: Thermoplast; Varusteet: f\u00fcr Fahrzeuge mit Servolenkung; FORD: FIESTA IV JA_, JB_,KA RB_,FIESTA III GFJ,ESCORT VII GAL, AAL, ABL,ESCORT VII Kombi GAL, ANL,ESCORT VII Cabriolet ALL,ESCORT VI Cabriolet ALL,ESCORT VI GAL,ESCORT V Cabriolet ALL,ESCORT &#8217;95 Express AVL,FIESTA Kasten J5_, J3_,ESCORT V GAL,ESCORT VII Stufenheck GAL, AFL,ESCORT VI Kombi GAL,ESCORT VI Stufenheck GAL,FIESTA Kasten F3L, F5L,ESCORT V Kombi GAL, AVL,ESCORT &#8217;91 Express AVL,ORION III GAL; 1012814, 94FB3K661AC; Paljekumi, Ohjaus<\/p>\n","protected":false},"excerpt":{"rendered":"<p>TOPRAN Hammastangon Suojakumi 301 233 Paljekumi, Ohjaus FORD,FIESTA IV JA_, JB_,KA RB_,FIESTA III GFJ,ESCORT VII GAL, AAL, ABL<\/p>\n","protected":false},"featured_media":0,"template":"","meta":{"site-sidebar-layout":"default","site-content-layout":"default","ast-global-header-display":"","ast-main-header-display":"","ast-hfb-above-header-display":"","ast-hfb-below-header-display":"","ast-hfb-mobile-header-display":"","site-post-title":"","ast-breadcrumbs-content":"","ast-featured-img":"","footer-sml-layout":"","theme-transparent-header-meta":"","adv-header-id-meta":"","stick-header-meta":"","header-above-stick-meta":"","header-main-stick-meta":"","header-below-stick-meta":""},"pwb-brand":[18],"product_cat":[81],"product_tag":[],"class_list":{"0":"post-79370","1":"product","2":"type-product","3":"status-publish","5":"pwb-brand-topran","6":"product_cat-hammastangon-suojakumi","7":"desktop-align-left","8":"tablet-align-left","9":"mobile-align-left","11":"first","12":"instock","13":"product-type-external"},"brands":[{"id":18,"name":"TOPRAN","slug":"topran"}],"_links":{"self":[{"href":"https:\/\/www.autonvaraosahaku.fi\/index.php?rest_route=\/wp\/v2\/product\/79370","targetHints":{"allow":["GET"]}}],"collection":[{"href":"https:\/\/www.autonvaraosahaku.fi\/index.php?rest_route=\/wp\/v2\/product"}],"about":[{"href":"https:\/\/www.autonvaraosahaku.fi\/index.php?rest_route=\/wp\/v2\/types\/product"}],"wp:attachment":[{"href":"https:\/\/www.autonvaraosahaku.fi\/index.php?rest_route=%2Fwp%2Fv2%2Fmedia&parent=79370"}],"wp:term":[{"taxonomy":"pwb-brand","embeddable":true,"href":"https:\/\/www.autonvaraosahaku.fi\/index.php?rest_route=%2Fwp%2Fv2%2Fpwb-brand&post=79370"},{"taxonomy":"product_cat","embeddable":true,"href":"https:\/\/www.autonvaraosahaku.fi\/index.php?rest_route=%2Fwp%2Fv2%2Fproduct_cat&post=79370"},{"taxonomy":"product_tag","embeddable":true,"href":"https:\/\/www.autonvaraosahaku.fi\/index.php?rest_route=%2Fwp%2Fv2%2Fproduct_tag&post=79370"}],"curies":[{"name":"wp","href":"https:\/\/api.w.org\/{rel}","templated":true}]}}