{"id":79374,"date":"2021-02-21T20:03:58","date_gmt":"2021-02-21T20:03:58","guid":{"rendered":"https:\/\/www.autonvaraosahaku.fi\/?product=mahle-original-kc-98-polttoainesuodatin"},"modified":"2021-02-21T20:04:00","modified_gmt":"2021-02-21T20:04:00","slug":"mahle-original-kc-98-polttoainesuodatin","status":"publish","type":"product","link":"https:\/\/www.autonvaraosahaku.fi\/?product=mahle-original-kc-98-polttoainesuodatin","title":{"rendered":"MAHLE ORIGINAL KC 98 Polttoainesuodatin"},"content":{"rendered":"<p>Suodatintyyppi: Ruuvattava suodatin; Korkeus (mm): 161,5; Kopan l\u00e4pimitta (mm): 81,0; Ulkol\u00e4pimitta 2 [mm]: 70,0; Sis\u00e4l\u00e4pimitta 2 [mm]: 62,0; Liitinkierre: M16x1,5; Kiristysmomentti: 14; Suositellun erikoisty\u00f6kalun tuotenumero: OCS1; Valmistusvuosi alkaen: 01\/1995; BMW: 5 E39,5 Touring E39,3 Compact E36,3 E36,7 E38,5 E34,3 Touring E36,5 Touring E34; 13322245006, 13322246135, 13322246974, 13322248279, 13327786647, 13387786647, 2245006, 2246135, 2246974, 2248279, 7786647<\/p>\n","protected":false},"excerpt":{"rendered":"<p>MAHLE ORIGINAL Polttoainesuodatin KC 98  BMW,5 E39,5 Touring E39,3 Compact E36,3 E36,7 E38,5 E34,3 Touring E36,5 Touring E34<\/p>\n","protected":false},"featured_media":0,"template":"","meta":{"site-sidebar-layout":"default","site-content-layout":"default","ast-global-header-display":"","ast-main-header-display":"","ast-hfb-above-header-display":"","ast-hfb-below-header-display":"","ast-hfb-mobile-header-display":"","site-post-title":"","ast-breadcrumbs-content":"","ast-featured-img":"","footer-sml-layout":"","theme-transparent-header-meta":"","adv-header-id-meta":"","stick-header-meta":"","header-above-stick-meta":"","header-main-stick-meta":"","header-below-stick-meta":""},"pwb-brand":[153],"product_cat":[29],"product_tag":[],"class_list":{"0":"post-79374","1":"product","2":"type-product","3":"status-publish","5":"pwb-brand-mahle-original","6":"product_cat-polttoainesuodatin","7":"desktop-align-left","8":"tablet-align-left","9":"mobile-align-left","11":"first","12":"instock","13":"product-type-external"},"brands":[{"id":153,"name":"MAHLE ORIGINAL","slug":"mahle-original"}],"_links":{"self":[{"href":"https:\/\/www.autonvaraosahaku.fi\/index.php?rest_route=\/wp\/v2\/product\/79374","targetHints":{"allow":["GET"]}}],"collection":[{"href":"https:\/\/www.autonvaraosahaku.fi\/index.php?rest_route=\/wp\/v2\/product"}],"about":[{"href":"https:\/\/www.autonvaraosahaku.fi\/index.php?rest_route=\/wp\/v2\/types\/product"}],"wp:attachment":[{"href":"https:\/\/www.autonvaraosahaku.fi\/index.php?rest_route=%2Fwp%2Fv2%2Fmedia&parent=79374"}],"wp:term":[{"taxonomy":"pwb-brand","embeddable":true,"href":"https:\/\/www.autonvaraosahaku.fi\/index.php?rest_route=%2Fwp%2Fv2%2Fpwb-brand&post=79374"},{"taxonomy":"product_cat","embeddable":true,"href":"https:\/\/www.autonvaraosahaku.fi\/index.php?rest_route=%2Fwp%2Fv2%2Fproduct_cat&post=79374"},{"taxonomy":"product_tag","embeddable":true,"href":"https:\/\/www.autonvaraosahaku.fi\/index.php?rest_route=%2Fwp%2Fv2%2Fproduct_tag&post=79374"}],"curies":[{"name":"wp","href":"https:\/\/api.w.org\/{rel}","templated":true}]}}