{"id":79375,"date":"2021-02-21T20:03:58","date_gmt":"2021-02-21T20:03:58","guid":{"rendered":"https:\/\/www.autonvaraosahaku.fi\/?product=brembo-09-a716-21-jarrulevyt"},"modified":"2021-02-21T20:04:00","modified_gmt":"2021-02-21T20:04:00","slug":"brembo-09-a716-21-jarrulevyt","status":"publish","type":"product","link":"https:\/\/www.autonvaraosahaku.fi\/?product=brembo-09-a716-21-jarrulevyt","title":{"rendered":"BREMBO 09.A716.21 Jarrulevyt"},"content":{"rendered":"<p>Pinta: pinnoitettu; keskitt\u00e4misl\u00e4pimitta [mm]: 68; Reikien m\u00e4\u00e4r\u00e4: 5; V\u00e4himm\u00e4ispaksuus (mm): 24; Jarrulevyn paksuus (mm): 26; Jarrulevytyyppi: Tuuletettu, sis\u00e4; Korkeus (mm): 44; L\u00e4pimitta [mm]: 296; Tuotelinja: COATED DISC LINE; Asennuspuoli: Vorderachse; NISSAN: JUKE F15,X-TRAIL T31; 402061KC1A, 40206JG00A; Jarrulevy<\/p>\n","protected":false},"excerpt":{"rendered":"<p>BREMBO Jarrulevyt 09.A716.21 Jarrulevy NISSAN,JUKE F15,X-TRAIL T31<\/p>\n","protected":false},"featured_media":0,"template":"","meta":{"site-sidebar-layout":"default","site-content-layout":"default","ast-global-header-display":"","ast-main-header-display":"","ast-hfb-above-header-display":"","ast-hfb-below-header-display":"","ast-hfb-mobile-header-display":"","site-post-title":"","ast-breadcrumbs-content":"","ast-featured-img":"","footer-sml-layout":"","theme-transparent-header-meta":"","adv-header-id-meta":"","stick-header-meta":"","header-above-stick-meta":"","header-main-stick-meta":"","header-below-stick-meta":""},"pwb-brand":[146],"product_cat":[66],"product_tag":[],"class_list":{"0":"post-79375","1":"product","2":"type-product","3":"status-publish","5":"pwb-brand-brembo","6":"product_cat-jarrulevyt","7":"desktop-align-left","8":"tablet-align-left","9":"mobile-align-left","11":"first","12":"instock","13":"product-type-external"},"brands":[{"id":146,"name":"BREMBO","slug":"brembo"}],"_links":{"self":[{"href":"https:\/\/www.autonvaraosahaku.fi\/index.php?rest_route=\/wp\/v2\/product\/79375","targetHints":{"allow":["GET"]}}],"collection":[{"href":"https:\/\/www.autonvaraosahaku.fi\/index.php?rest_route=\/wp\/v2\/product"}],"about":[{"href":"https:\/\/www.autonvaraosahaku.fi\/index.php?rest_route=\/wp\/v2\/types\/product"}],"wp:attachment":[{"href":"https:\/\/www.autonvaraosahaku.fi\/index.php?rest_route=%2Fwp%2Fv2%2Fmedia&parent=79375"}],"wp:term":[{"taxonomy":"pwb-brand","embeddable":true,"href":"https:\/\/www.autonvaraosahaku.fi\/index.php?rest_route=%2Fwp%2Fv2%2Fpwb-brand&post=79375"},{"taxonomy":"product_cat","embeddable":true,"href":"https:\/\/www.autonvaraosahaku.fi\/index.php?rest_route=%2Fwp%2Fv2%2Fproduct_cat&post=79375"},{"taxonomy":"product_tag","embeddable":true,"href":"https:\/\/www.autonvaraosahaku.fi\/index.php?rest_route=%2Fwp%2Fv2%2Fproduct_tag&post=79375"}],"curies":[{"name":"wp","href":"https:\/\/api.w.org\/{rel}","templated":true}]}}