{"id":79377,"date":"2021-02-21T20:03:58","date_gmt":"2021-02-21T20:03:58","guid":{"rendered":"https:\/\/www.autonvaraosahaku.fi\/?product=mahle-original-503-59-n0-mannanrenkaat"},"modified":"2021-02-21T20:04:01","modified_gmt":"2021-02-21T20:04:01","slug":"mahle-original-503-59-n0-mannanrenkaat","status":"publish","type":"product","link":"https:\/\/www.autonvaraosahaku.fi\/?product=mahle-original-503-59-n0-mannanrenkaat","title":{"rendered":"MAHLE ORIGINAL 503 59 N0 M\u00e4nn\u00e4nrenkaat"},"content":{"rendered":"<p>Sylinterin halkaisija [mm]: 90,0; Komponenttinumero: 1. M 1,5 IF, 2. N 1,75 IF, 3. GSF 4,0; PORSCHE: 911,911 Targa; 91110393400, 91110395600; M\u00e4nn\u00e4nrengassarja<\/p>\n","protected":false},"excerpt":{"rendered":"<p>MAHLE ORIGINAL M\u00e4nn\u00e4nrenkaat 503 59 N0 M\u00e4nn\u00e4nrengassarja PORSCHE,911,911 Targa<\/p>\n","protected":false},"featured_media":0,"template":"","meta":{"site-sidebar-layout":"default","site-content-layout":"default","ast-global-header-display":"","ast-main-header-display":"","ast-hfb-above-header-display":"","ast-hfb-below-header-display":"","ast-hfb-mobile-header-display":"","site-post-title":"","ast-breadcrumbs-content":"","ast-featured-img":"","footer-sml-layout":"","theme-transparent-header-meta":"","adv-header-id-meta":"","stick-header-meta":"","header-above-stick-meta":"","header-main-stick-meta":"","header-below-stick-meta":""},"pwb-brand":[153],"product_cat":[154],"product_tag":[],"class_list":{"0":"post-79377","1":"product","2":"type-product","3":"status-publish","5":"pwb-brand-mahle-original","6":"product_cat-mannanrenkaat","7":"desktop-align-left","8":"tablet-align-left","9":"mobile-align-left","11":"first","12":"instock","13":"product-type-external"},"brands":[{"id":153,"name":"MAHLE ORIGINAL","slug":"mahle-original"}],"_links":{"self":[{"href":"https:\/\/www.autonvaraosahaku.fi\/index.php?rest_route=\/wp\/v2\/product\/79377","targetHints":{"allow":["GET"]}}],"collection":[{"href":"https:\/\/www.autonvaraosahaku.fi\/index.php?rest_route=\/wp\/v2\/product"}],"about":[{"href":"https:\/\/www.autonvaraosahaku.fi\/index.php?rest_route=\/wp\/v2\/types\/product"}],"wp:attachment":[{"href":"https:\/\/www.autonvaraosahaku.fi\/index.php?rest_route=%2Fwp%2Fv2%2Fmedia&parent=79377"}],"wp:term":[{"taxonomy":"pwb-brand","embeddable":true,"href":"https:\/\/www.autonvaraosahaku.fi\/index.php?rest_route=%2Fwp%2Fv2%2Fpwb-brand&post=79377"},{"taxonomy":"product_cat","embeddable":true,"href":"https:\/\/www.autonvaraosahaku.fi\/index.php?rest_route=%2Fwp%2Fv2%2Fproduct_cat&post=79377"},{"taxonomy":"product_tag","embeddable":true,"href":"https:\/\/www.autonvaraosahaku.fi\/index.php?rest_route=%2Fwp%2Fv2%2Fproduct_tag&post=79377"}],"curies":[{"name":"wp","href":"https:\/\/api.w.org\/{rel}","templated":true}]}}