{"id":79397,"date":"2021-02-21T20:04:06","date_gmt":"2021-02-21T20:04:06","guid":{"rendered":"https:\/\/www.autonvaraosahaku.fi\/?product=sasic-4003408-vetonivelen-suojakumi"},"modified":"2021-02-21T20:04:08","modified_gmt":"2021-02-21T20:04:08","slug":"sasic-4003408-vetonivelen-suojakumi","status":"publish","type":"product","link":"https:\/\/www.autonvaraosahaku.fi\/?product=sasic-4003408-vetonivelen-suojakumi","title":{"rendered":"SASIC 4003408 Vetonivelen suojakumi"},"content":{"rendered":"<p>Asennuspuoli: Vaihteiston puoli, Vorderachse links; M\u00e4\u00e4r\u00e4yksikk\u00f6: Sarja; OE-numerolle: 7701470567; VOLVO: 480 E,440 K 445,460 L 464; CITRO\u00cbN: SAXO S0, S1; PEUGEOT: 106 II 1,106 I 1A, 1C; RENAULT: TWINGO I C06_,CLIO II BB0\/1\/2_, CB0\/1\/2_,KANGOO KC0\/1_,TWINGO II CN0_,SC\u00c9NIC I JA0\/1_,MEGANE Scenic JA0\/1_,MEGANE I BA0\/1_,KANGOO Express FC0\/1_,MEGANE I Grandtour KA0\/1_,MEGANE I Cabriolet EA0\/1_,CLIO I B\/C57_, 5\/357_,MEGANE I Classic LA0\/1_,MEGANE I Coach DA0\/1_,CLIO II Kasten SB0\/1\/2_,19 II B\/C53_,SUPER 5 B\/C40_,RAPID Kasten F40_, G40_,19 I B\/C53_,9 L42_,19 II Chamade L53_,11 B\/C37_,21 Stufenheck L48_,THALIA I LB0\/1\/2_,MASTER I Kasten T__,CLIO I Kasten S57_,21 Kombi K48_,21 B48_,MASTER I Bus T__,19 II Kasten S53_,MASTER I Pritsche\/Fahrgestell P__,EXPRESS Pick-up,SUPER 5 Kasten S40_; 328784, 328789, 328784, 328789, 7701462100, 7701468575, 7701468576, 7701470567, 34477216<\/p>\n","protected":false},"excerpt":{"rendered":"<p>SASIC Paljekumisarja, Vetoakseli 4003408  VOLVO,CITRO\u00cbN,PEUGEOT,480 E,440 K 445,460 L 464,SAXO S0, S1,106 II 1,106 I 1A, 1C,TWINGO I C06_<\/p>\n","protected":false},"featured_media":0,"template":"","meta":{"site-sidebar-layout":"default","site-content-layout":"default","ast-global-header-display":"","ast-main-header-display":"","ast-hfb-above-header-display":"","ast-hfb-below-header-display":"","ast-hfb-mobile-header-display":"","site-post-title":"","ast-breadcrumbs-content":"","ast-featured-img":"","footer-sml-layout":"","theme-transparent-header-meta":"","adv-header-id-meta":"","stick-header-meta":"","header-above-stick-meta":"","header-main-stick-meta":"","header-below-stick-meta":""},"pwb-brand":[110],"product_cat":[42],"product_tag":[],"class_list":{"0":"post-79397","1":"product","2":"type-product","3":"status-publish","5":"pwb-brand-sasic","6":"product_cat-vetonivelen-suojakumi","7":"desktop-align-left","8":"tablet-align-left","9":"mobile-align-left","11":"first","12":"instock","13":"product-type-external"},"brands":[{"id":110,"name":"SASIC","slug":"sasic"}],"_links":{"self":[{"href":"https:\/\/www.autonvaraosahaku.fi\/index.php?rest_route=\/wp\/v2\/product\/79397","targetHints":{"allow":["GET"]}}],"collection":[{"href":"https:\/\/www.autonvaraosahaku.fi\/index.php?rest_route=\/wp\/v2\/product"}],"about":[{"href":"https:\/\/www.autonvaraosahaku.fi\/index.php?rest_route=\/wp\/v2\/types\/product"}],"wp:attachment":[{"href":"https:\/\/www.autonvaraosahaku.fi\/index.php?rest_route=%2Fwp%2Fv2%2Fmedia&parent=79397"}],"wp:term":[{"taxonomy":"pwb-brand","embeddable":true,"href":"https:\/\/www.autonvaraosahaku.fi\/index.php?rest_route=%2Fwp%2Fv2%2Fpwb-brand&post=79397"},{"taxonomy":"product_cat","embeddable":true,"href":"https:\/\/www.autonvaraosahaku.fi\/index.php?rest_route=%2Fwp%2Fv2%2Fproduct_cat&post=79397"},{"taxonomy":"product_tag","embeddable":true,"href":"https:\/\/www.autonvaraosahaku.fi\/index.php?rest_route=%2Fwp%2Fv2%2Fproduct_tag&post=79397"}],"curies":[{"name":"wp","href":"https:\/\/api.w.org\/{rel}","templated":true}]}}