{"id":79428,"date":"2021-02-21T20:04:13","date_gmt":"2021-02-21T20:04:13","guid":{"rendered":"https:\/\/www.autonvaraosahaku.fi\/?product=brembo-08-7352-11-jarrulevyt"},"modified":"2021-02-21T20:04:19","modified_gmt":"2021-02-21T20:04:19","slug":"brembo-08-7352-11-jarrulevyt","status":"publish","type":"product","link":"https:\/\/www.autonvaraosahaku.fi\/?product=brembo-08-7352-11-jarrulevyt","title":{"rendered":"BREMBO 08.7352.11 Jarrulevyt"},"content":{"rendered":"<p>Pinta: pinnoitettu; Kiristysmomentti: 100; keskitt\u00e4misl\u00e4pimitta [mm]: 72; Reikien m\u00e4\u00e4r\u00e4: 5; V\u00e4himm\u00e4ispaksuus (mm): 8; Jarrulevyn paksuus (mm): 10; Jarrulevytyyppi: Vakiomalli; Korkeus (mm): 40,2; L\u00e4pimitta [mm]: 261; Tuotelinja: COATED DISC LINE; Asennuspuoli: Hinterachse; MAZDA: PREMACY CP,626 V Hatchback GF,626 V GF,626 V Station Wagon GW,626 IV Hatchback GE,XEDOS 6 CA,626 IV GE,MX-6 GE; FORD USA: PROBE II ECP; 3415598, F32Z2C026A, G0YN26251, G0YN26251A, GA3Y26251, GA4Y26251, GA5Y26251, GA5Y26251A, GA5Y26251B, GA5Y26251C, GA5Y26251D, GA7Y26251, GA8Y26251, GTYF26251B, GTYF26251C; Jarrulevy<\/p>\n","protected":false},"excerpt":{"rendered":"<p>BREMBO Jarrulevyt 08.7352.11 Jarrulevy MAZDA,FORD USA,PREMACY CP,626 V Hatchback GF,626 V GF,626 V Station Wagon GW,626 IV Hatchback GE,XEDOS 6 CA<\/p>\n","protected":false},"featured_media":0,"template":"","meta":{"site-sidebar-layout":"default","site-content-layout":"default","ast-global-header-display":"","ast-main-header-display":"","ast-hfb-above-header-display":"","ast-hfb-below-header-display":"","ast-hfb-mobile-header-display":"","site-post-title":"","ast-breadcrumbs-content":"","ast-featured-img":"","footer-sml-layout":"","theme-transparent-header-meta":"","adv-header-id-meta":"","stick-header-meta":"","header-above-stick-meta":"","header-main-stick-meta":"","header-below-stick-meta":""},"pwb-brand":[146],"product_cat":[66],"product_tag":[],"class_list":{"0":"post-79428","1":"product","2":"type-product","3":"status-publish","5":"pwb-brand-brembo","6":"product_cat-jarrulevyt","7":"desktop-align-left","8":"tablet-align-left","9":"mobile-align-left","11":"first","12":"instock","13":"product-type-external"},"brands":[{"id":146,"name":"BREMBO","slug":"brembo"}],"_links":{"self":[{"href":"https:\/\/www.autonvaraosahaku.fi\/index.php?rest_route=\/wp\/v2\/product\/79428","targetHints":{"allow":["GET"]}}],"collection":[{"href":"https:\/\/www.autonvaraosahaku.fi\/index.php?rest_route=\/wp\/v2\/product"}],"about":[{"href":"https:\/\/www.autonvaraosahaku.fi\/index.php?rest_route=\/wp\/v2\/types\/product"}],"wp:attachment":[{"href":"https:\/\/www.autonvaraosahaku.fi\/index.php?rest_route=%2Fwp%2Fv2%2Fmedia&parent=79428"}],"wp:term":[{"taxonomy":"pwb-brand","embeddable":true,"href":"https:\/\/www.autonvaraosahaku.fi\/index.php?rest_route=%2Fwp%2Fv2%2Fpwb-brand&post=79428"},{"taxonomy":"product_cat","embeddable":true,"href":"https:\/\/www.autonvaraosahaku.fi\/index.php?rest_route=%2Fwp%2Fv2%2Fproduct_cat&post=79428"},{"taxonomy":"product_tag","embeddable":true,"href":"https:\/\/www.autonvaraosahaku.fi\/index.php?rest_route=%2Fwp%2Fv2%2Fproduct_tag&post=79428"}],"curies":[{"name":"wp","href":"https:\/\/api.w.org\/{rel}","templated":true}]}}