{"id":79443,"date":"2021-02-21T20:04:21","date_gmt":"2021-02-21T20:04:21","guid":{"rendered":"https:\/\/www.autonvaraosahaku.fi\/?product=ashika-05-08-808-polttoainepumppu"},"modified":"2021-02-21T20:04:25","modified_gmt":"2021-02-21T20:04:25","slug":"ashika-05-08-808-polttoainepumppu","status":"publish","type":"product","link":"https:\/\/www.autonvaraosahaku.fi\/?product=ashika-05-08-808-polttoainepumppu","title":{"rendered":"ASHIKA 05-08-808 Polttoainepumppu"},"content":{"rendered":"<p>K\u00e4ytt\u00f6: Mekaaninen; Kiinnitysreikien lukum\u00e4\u00e4r\u00e4: 2; Kiinnityrreikien et\u00e4isyys [mm]: 45; L\u00e4pimitta 1\/l\u00e4pimitta 2 [mm]: IN: 8\/ OUT: 6,4; SUZUKI: SAMURAI SJ,SJ 410 Cabrio,SJ 410; 1510080000, 151008000VXNA, 15100B80000, 15100D80000, 1511080000<\/p>\n","protected":false},"excerpt":{"rendered":"<p>ASHIKA Polttoainepumppu 05-08-808  SUZUKI,SAMURAI SJ,SJ 410 Cabrio,SJ 410<\/p>\n","protected":false},"featured_media":0,"template":"","meta":{"site-sidebar-layout":"default","site-content-layout":"default","ast-global-header-display":"","ast-main-header-display":"","ast-hfb-above-header-display":"","ast-hfb-below-header-display":"","ast-hfb-mobile-header-display":"","site-post-title":"","ast-breadcrumbs-content":"","ast-featured-img":"","footer-sml-layout":"","theme-transparent-header-meta":"","adv-header-id-meta":"","stick-header-meta":"","header-above-stick-meta":"","header-main-stick-meta":"","header-below-stick-meta":""},"pwb-brand":[102],"product_cat":[73],"product_tag":[],"class_list":{"0":"post-79443","1":"product","2":"type-product","3":"status-publish","5":"pwb-brand-ashika","6":"product_cat-polttoainepumppu","7":"desktop-align-left","8":"tablet-align-left","9":"mobile-align-left","11":"first","12":"instock","13":"product-type-external"},"brands":[{"id":102,"name":"ASHIKA","slug":"ashika"}],"_links":{"self":[{"href":"https:\/\/www.autonvaraosahaku.fi\/index.php?rest_route=\/wp\/v2\/product\/79443","targetHints":{"allow":["GET"]}}],"collection":[{"href":"https:\/\/www.autonvaraosahaku.fi\/index.php?rest_route=\/wp\/v2\/product"}],"about":[{"href":"https:\/\/www.autonvaraosahaku.fi\/index.php?rest_route=\/wp\/v2\/types\/product"}],"wp:attachment":[{"href":"https:\/\/www.autonvaraosahaku.fi\/index.php?rest_route=%2Fwp%2Fv2%2Fmedia&parent=79443"}],"wp:term":[{"taxonomy":"pwb-brand","embeddable":true,"href":"https:\/\/www.autonvaraosahaku.fi\/index.php?rest_route=%2Fwp%2Fv2%2Fpwb-brand&post=79443"},{"taxonomy":"product_cat","embeddable":true,"href":"https:\/\/www.autonvaraosahaku.fi\/index.php?rest_route=%2Fwp%2Fv2%2Fproduct_cat&post=79443"},{"taxonomy":"product_tag","embeddable":true,"href":"https:\/\/www.autonvaraosahaku.fi\/index.php?rest_route=%2Fwp%2Fv2%2Fproduct_tag&post=79443"}],"curies":[{"name":"wp","href":"https:\/\/api.w.org\/{rel}","templated":true}]}}