{"id":79455,"date":"2021-02-21T20:04:28","date_gmt":"2021-02-21T20:04:28","guid":{"rendered":"https:\/\/www.autonvaraosahaku.fi\/?product=jp-group-1463600610-jarrupalat"},"modified":"2021-02-21T20:04:30","modified_gmt":"2021-02-21T20:04:30","slug":"jp-group-1463600610-jarrupalat","status":"publish","type":"product","link":"https:\/\/www.autonvaraosahaku.fi\/?product=jp-group-1463600610-jarrupalat","title":{"rendered":"JP GROUP 1463600610 Jarrupalat"},"content":{"rendered":"<p>Asennuspuoli: Etuakseli; Paksuus [mm]: 17,8; Kulumisenilmaisimen liitos: Kulumisenilmaisemelle; Jarruj\u00e4rjestelm\u00e4: Teves; M\u00e4\u00e4r\u00e4yksikk\u00f6: Akselisarja; BMW: 3 E46,3 Touring E46,3 Compact E46,3 Coupe E46,3 Compact E36,3 E36,3 Cabriolet E46,3 Coupe E36,Z3 E36,Z4 E85,3 Cabriolet E36,3 Touring E36,Z3 Coupe E36; ALPINA: ROADSTER S Z4; 34111160356, 34111160357, 34111160532, 34111161437, 34111161438, 34111161445, 34111161446, 34111163850, 34111164498, 34111164500, 34111164737, 34111165555, 34111165556, 34111165557, 34112157570, 34112157571, 34114398211, 34116752482, 34116752731, 34116756128, 34116761237, 34116761242, 34116761244, 34119068842, 34119070047, 34212157575; Jarrupalasarja,Jarrupala, Levyjarru<\/p>\n","protected":false},"excerpt":{"rendered":"<p>JP GROUP Jarrupalat JP Group 1463600610 Jarrupalasarja,Jarrupala, Levyjarru BMW,ALPINA,3 E46,3 Touring E46,3 Compact E46,3 Coupe E46,3 Compact E36<\/p>\n","protected":false},"featured_media":0,"template":"","meta":{"site-sidebar-layout":"default","site-content-layout":"default","ast-global-header-display":"","ast-main-header-display":"","ast-hfb-above-header-display":"","ast-hfb-below-header-display":"","ast-hfb-mobile-header-display":"","site-post-title":"","ast-breadcrumbs-content":"","ast-featured-img":"","footer-sml-layout":"","theme-transparent-header-meta":"","adv-header-id-meta":"","stick-header-meta":"","header-above-stick-meta":"","header-main-stick-meta":"","header-below-stick-meta":""},"pwb-brand":[131],"product_cat":[100],"product_tag":[],"class_list":{"0":"post-79455","1":"product","2":"type-product","3":"status-publish","5":"pwb-brand-jp-group","6":"product_cat-jarrupalat","7":"desktop-align-left","8":"tablet-align-left","9":"mobile-align-left","11":"first","12":"instock","13":"product-type-external"},"brands":[{"id":131,"name":"JP GROUP","slug":"jp-group"}],"_links":{"self":[{"href":"https:\/\/www.autonvaraosahaku.fi\/index.php?rest_route=\/wp\/v2\/product\/79455","targetHints":{"allow":["GET"]}}],"collection":[{"href":"https:\/\/www.autonvaraosahaku.fi\/index.php?rest_route=\/wp\/v2\/product"}],"about":[{"href":"https:\/\/www.autonvaraosahaku.fi\/index.php?rest_route=\/wp\/v2\/types\/product"}],"wp:attachment":[{"href":"https:\/\/www.autonvaraosahaku.fi\/index.php?rest_route=%2Fwp%2Fv2%2Fmedia&parent=79455"}],"wp:term":[{"taxonomy":"pwb-brand","embeddable":true,"href":"https:\/\/www.autonvaraosahaku.fi\/index.php?rest_route=%2Fwp%2Fv2%2Fpwb-brand&post=79455"},{"taxonomy":"product_cat","embeddable":true,"href":"https:\/\/www.autonvaraosahaku.fi\/index.php?rest_route=%2Fwp%2Fv2%2Fproduct_cat&post=79455"},{"taxonomy":"product_tag","embeddable":true,"href":"https:\/\/www.autonvaraosahaku.fi\/index.php?rest_route=%2Fwp%2Fv2%2Fproduct_tag&post=79455"}],"curies":[{"name":"wp","href":"https:\/\/api.w.org\/{rel}","templated":true}]}}