{"id":79461,"date":"2021-02-21T20:04:28","date_gmt":"2021-02-21T20:04:28","guid":{"rendered":"https:\/\/www.autonvaraosahaku.fi\/?product=jp-group-1453800100-kardaanin-kuminivel"},"modified":"2021-02-21T20:04:32","modified_gmt":"2021-02-21T20:04:32","slug":"jp-group-1453800100-kardaanin-kuminivel","status":"publish","type":"product","link":"https:\/\/www.autonvaraosahaku.fi\/?product=jp-group-1453800100-kardaanin-kuminivel","title":{"rendered":"JP GROUP 1453800100 Kardaanin kuminivel"},"content":{"rendered":"<p>Asennuspuoli: Edess\u00e4; Reikien m\u00e4\u00e4r\u00e4: 6; Nivelmalli: Kumi-\/Hardynivel; Lis\u00e4tarvike\/lis\u00e4tieto: Ilman asennusmateriaalia; Vaihteistomalli: f\u00fcr Schaltgetriebe; BMW: 3 E46,5 E39,3 Touring E46,5 Touring E39,3 Compact E46,3 Coupe E46,3 Compact E36,3 E36,3 Cabriolet E46,3 Coupe E36,Z3 E36,Z4 E85,5 E34,3 Cabriolet E36,5 Touring E34,Z3 Coupe E36; 26111227410; R\u00e4ttinivel,Nivel, Pitkitt\u00e4isakseli<\/p>\n","protected":false},"excerpt":{"rendered":"<p>JP GROUP Kardaanin Kuminivel JP Group 1453800100 R\u00e4ttinivel,Nivel, Pitkitt\u00e4isakseli BMW,3 E46,5 E39,3 Touring E46,5 Touring E39,3 Compact E46<\/p>\n","protected":false},"featured_media":0,"template":"","meta":{"site-sidebar-layout":"default","site-content-layout":"default","ast-global-header-display":"","ast-main-header-display":"","ast-hfb-above-header-display":"","ast-hfb-below-header-display":"","ast-hfb-mobile-header-display":"","site-post-title":"","ast-breadcrumbs-content":"","ast-featured-img":"","footer-sml-layout":"","theme-transparent-header-meta":"","adv-header-id-meta":"","stick-header-meta":"","header-above-stick-meta":"","header-main-stick-meta":"","header-below-stick-meta":""},"pwb-brand":[131],"product_cat":[56],"product_tag":[],"class_list":{"0":"post-79461","1":"product","2":"type-product","3":"status-publish","5":"pwb-brand-jp-group","6":"product_cat-kardaanin-kuminivel","7":"desktop-align-left","8":"tablet-align-left","9":"mobile-align-left","11":"first","12":"instock","13":"product-type-external"},"brands":[{"id":131,"name":"JP GROUP","slug":"jp-group"}],"_links":{"self":[{"href":"https:\/\/www.autonvaraosahaku.fi\/index.php?rest_route=\/wp\/v2\/product\/79461","targetHints":{"allow":["GET"]}}],"collection":[{"href":"https:\/\/www.autonvaraosahaku.fi\/index.php?rest_route=\/wp\/v2\/product"}],"about":[{"href":"https:\/\/www.autonvaraosahaku.fi\/index.php?rest_route=\/wp\/v2\/types\/product"}],"wp:attachment":[{"href":"https:\/\/www.autonvaraosahaku.fi\/index.php?rest_route=%2Fwp%2Fv2%2Fmedia&parent=79461"}],"wp:term":[{"taxonomy":"pwb-brand","embeddable":true,"href":"https:\/\/www.autonvaraosahaku.fi\/index.php?rest_route=%2Fwp%2Fv2%2Fpwb-brand&post=79461"},{"taxonomy":"product_cat","embeddable":true,"href":"https:\/\/www.autonvaraosahaku.fi\/index.php?rest_route=%2Fwp%2Fv2%2Fproduct_cat&post=79461"},{"taxonomy":"product_tag","embeddable":true,"href":"https:\/\/www.autonvaraosahaku.fi\/index.php?rest_route=%2Fwp%2Fv2%2Fproduct_tag&post=79461"}],"curies":[{"name":"wp","href":"https:\/\/api.w.org\/{rel}","templated":true}]}}