{"id":79463,"date":"2021-02-21T20:04:28","date_gmt":"2021-02-21T20:04:28","guid":{"rendered":"https:\/\/www.autonvaraosahaku.fi\/?product=topran-502-190-alatukivarsi"},"modified":"2021-02-21T20:04:32","modified_gmt":"2021-02-21T20:04:32","slug":"topran-502-190-alatukivarsi","status":"publish","type":"product","link":"https:\/\/www.autonvaraosahaku.fi\/?product=topran-502-190-alatukivarsi","title":{"rendered":"TOPRAN 502 190 Alatukivarsi"},"content":{"rendered":"<p>Asennuspuoli: Etuakseli; Korvaava tuote\/korvaava tiedote 2: sisemm\u00e4ll\u00e4 ohjausnivelell\u00e4, Kumilaakerilla, Kuulatapilla; Lis\u00e4tarvike\/lis\u00e4tieto: Pidikkeell\u00e4; Ohjaus: Raidetangonp\u00e4ill\u00e4; Yksitt\u00e4isosat luettelossa: ; Lukum\u00e4\u00e4r\u00e4 akselille: 1; Akselimittaus asennuksen j\u00e4lkeen: ; Valmistusvuoteen: 07\/1999; BMW: 3 E46,3 Touring E46,3 Compact E46,3 Coupe E46,3 Cabriolet E46,Z4 E85; 31120KITE46<\/p>\n","protected":false},"excerpt":{"rendered":"<p>TOPRAN Tukivarsisarja, Py\u00f6rien Tuenta 502 190  BMW,3 E46,3 Touring E46,3 Compact E46,3 Coupe E46,3 Cabriolet E46,Z4 E85<\/p>\n","protected":false},"featured_media":0,"template":"","meta":{"site-sidebar-layout":"default","site-content-layout":"default","ast-global-header-display":"","ast-main-header-display":"","ast-hfb-above-header-display":"","ast-hfb-below-header-display":"","ast-hfb-mobile-header-display":"","site-post-title":"","ast-breadcrumbs-content":"","ast-featured-img":"","footer-sml-layout":"","theme-transparent-header-meta":"","adv-header-id-meta":"","stick-header-meta":"","header-above-stick-meta":"","header-main-stick-meta":"","header-below-stick-meta":""},"pwb-brand":[18],"product_cat":[62],"product_tag":[],"class_list":{"0":"post-79463","1":"product","2":"type-product","3":"status-publish","5":"pwb-brand-topran","6":"product_cat-alatukivarsi","7":"desktop-align-left","8":"tablet-align-left","9":"mobile-align-left","11":"first","12":"instock","13":"product-type-external"},"brands":[{"id":18,"name":"TOPRAN","slug":"topran"}],"_links":{"self":[{"href":"https:\/\/www.autonvaraosahaku.fi\/index.php?rest_route=\/wp\/v2\/product\/79463","targetHints":{"allow":["GET"]}}],"collection":[{"href":"https:\/\/www.autonvaraosahaku.fi\/index.php?rest_route=\/wp\/v2\/product"}],"about":[{"href":"https:\/\/www.autonvaraosahaku.fi\/index.php?rest_route=\/wp\/v2\/types\/product"}],"wp:attachment":[{"href":"https:\/\/www.autonvaraosahaku.fi\/index.php?rest_route=%2Fwp%2Fv2%2Fmedia&parent=79463"}],"wp:term":[{"taxonomy":"pwb-brand","embeddable":true,"href":"https:\/\/www.autonvaraosahaku.fi\/index.php?rest_route=%2Fwp%2Fv2%2Fpwb-brand&post=79463"},{"taxonomy":"product_cat","embeddable":true,"href":"https:\/\/www.autonvaraosahaku.fi\/index.php?rest_route=%2Fwp%2Fv2%2Fproduct_cat&post=79463"},{"taxonomy":"product_tag","embeddable":true,"href":"https:\/\/www.autonvaraosahaku.fi\/index.php?rest_route=%2Fwp%2Fv2%2Fproduct_tag&post=79463"}],"curies":[{"name":"wp","href":"https:\/\/api.w.org\/{rel}","templated":true}]}}