{"id":79471,"date":"2021-02-21T20:04:35","date_gmt":"2021-02-21T20:04:35","guid":{"rendered":"https:\/\/www.autonvaraosahaku.fi\/?product=jp-group-1328103410-raitisilmasuodatin"},"modified":"2021-02-21T20:04:36","modified_gmt":"2021-02-21T20:04:36","slug":"jp-group-1328103410-raitisilmasuodatin","status":"publish","type":"product","link":"https:\/\/www.autonvaraosahaku.fi\/?product=jp-group-1328103410-raitisilmasuodatin","title":{"rendered":"JP GROUP 1328103410 Raitisilmasuodatin"},"content":{"rendered":"<p>Pituus (mm): 212; Leveys (mm): 189; Korkeus (mm): 40; Suodatintyyppi: Aktiivihiilisuodatin; M\u00e4\u00e4r\u00e4yksikk\u00f6: Sarja; Vasen \/ oikea liikenne: f\u00fcr Rechtslenker; MERCEDES-BENZ: SL R230,G-CLASS W463,G-CLASS W461,G-CLASS Cabrio W463,SLR R199,SLR ROADSTER R199; 2308300418, A2308300418; Sis\u00e4ilmansuodatin,Suodatin, Sis\u00e4ilma<\/p>\n","protected":false},"excerpt":{"rendered":"<p>JP GROUP Raitisilmasuodatin JP Group 1328103410 Sis\u00e4ilmansuodatin,Suodatin, Sis\u00e4ilma MERCEDES-BENZ,SL R230,G-CLASS W463,G-CLASS W461<\/p>\n","protected":false},"featured_media":0,"template":"","meta":{"site-sidebar-layout":"default","site-content-layout":"default","ast-global-header-display":"","ast-main-header-display":"","ast-hfb-above-header-display":"","ast-hfb-below-header-display":"","ast-hfb-mobile-header-display":"","site-post-title":"","ast-breadcrumbs-content":"","ast-featured-img":"","footer-sml-layout":"","theme-transparent-header-meta":"","adv-header-id-meta":"","stick-header-meta":"","header-above-stick-meta":"","header-main-stick-meta":"","header-below-stick-meta":""},"pwb-brand":[131],"product_cat":[19],"product_tag":[],"class_list":{"0":"post-79471","1":"product","2":"type-product","3":"status-publish","5":"pwb-brand-jp-group","6":"product_cat-raitisilmasuodatin","7":"desktop-align-left","8":"tablet-align-left","9":"mobile-align-left","11":"first","12":"instock","13":"product-type-external"},"brands":[{"id":131,"name":"JP GROUP","slug":"jp-group"}],"_links":{"self":[{"href":"https:\/\/www.autonvaraosahaku.fi\/index.php?rest_route=\/wp\/v2\/product\/79471","targetHints":{"allow":["GET"]}}],"collection":[{"href":"https:\/\/www.autonvaraosahaku.fi\/index.php?rest_route=\/wp\/v2\/product"}],"about":[{"href":"https:\/\/www.autonvaraosahaku.fi\/index.php?rest_route=\/wp\/v2\/types\/product"}],"wp:attachment":[{"href":"https:\/\/www.autonvaraosahaku.fi\/index.php?rest_route=%2Fwp%2Fv2%2Fmedia&parent=79471"}],"wp:term":[{"taxonomy":"pwb-brand","embeddable":true,"href":"https:\/\/www.autonvaraosahaku.fi\/index.php?rest_route=%2Fwp%2Fv2%2Fpwb-brand&post=79471"},{"taxonomy":"product_cat","embeddable":true,"href":"https:\/\/www.autonvaraosahaku.fi\/index.php?rest_route=%2Fwp%2Fv2%2Fproduct_cat&post=79471"},{"taxonomy":"product_tag","embeddable":true,"href":"https:\/\/www.autonvaraosahaku.fi\/index.php?rest_route=%2Fwp%2Fv2%2Fproduct_tag&post=79471"}],"curies":[{"name":"wp","href":"https:\/\/api.w.org\/{rel}","templated":true}]}}