{"id":79489,"date":"2021-02-21T20:04:35","date_gmt":"2021-02-21T20:04:35","guid":{"rendered":"https:\/\/www.autonvaraosahaku.fi\/?product=era-440455-kytkin-ohjausakseli"},"modified":"2021-02-21T20:04:42","modified_gmt":"2021-02-21T20:04:42","slug":"era-440455-kytkin-ohjausakseli","status":"publish","type":"product","link":"https:\/\/www.autonvaraosahaku.fi\/?product=era-440455-kytkin-ohjausakseli","title":{"rendered":"ERA 440455 Kytkin ohjausakseli"},"content":{"rendered":"<p>Liittimi\u00e4: 18; Yhdistelm\u00e4kytkintoiminto: valonpesulla, Vilkkutoiminta, Valonvaihtajalla, Takaikkunan huuhtelutoiminnolla, Boardcomputer-toiminnolla, Sumuvalolla, Sumutakavalotoiminnolla, Kaukovalotoiminnolla, Aikav\u00e4li-pyyhint\u00e4; Versio: DELPHI; Turvatyyny: Kuljettajaturvatyyny; CITRO\u00cbN: BERLINGO MF,XSARA PICASSO N68,C5 III Break TD_,C8 EA_, EB_,BERLINGO Kasten M_,C5 I DC_,C5 I Break DE_,C5 III RD_,XSARA N1,XSARA Break N2,XSARA Coupe N0,XSARA Kasten; PEUGEOT: 206 Schr\u00e4gheck 2A\/C,307 SW 3H,307 CC 3B,307 3A\/C,206 SW 2E\/K,307 Break 3E,406 Break 8E\/F,PARTNER Tepee,PARTNER Kasten 5,406 Coupe 8C,406 8B,PARTNER Kasten,206 Stufenheck,206 Van; 6239GT, 6239P3, 6239PN, 6239R4, 6239Y2, 624231, 624237, 6242C2, 96450912XT, 96509713XT, 96530922XT, 96574403XT, 96605635XT, 96605677XT, 6239GT, 6239P3, 6239PN, 6239R4, 6239Y2, 624231, 624237, 6242C2, 96450912XT, 96509713XT, 96530922XT, 96574403XT, 96605635XT, 96605677XT<\/p>\n","protected":false},"excerpt":{"rendered":"<p>ERA Kytkin Ohjausakseli OEM 440455  CITRO\u00cbN,PEUGEOT,BERLINGO MF,XSARA PICASSO N68,C5 III Break TD_,C8 EA_, EB_,BERLINGO Kasten M_,C5 I DC_<\/p>\n","protected":false},"featured_media":0,"template":"","meta":{"site-sidebar-layout":"default","site-content-layout":"default","ast-global-header-display":"","ast-main-header-display":"","ast-hfb-above-header-display":"","ast-hfb-below-header-display":"","ast-hfb-mobile-header-display":"","site-post-title":"","ast-breadcrumbs-content":"","ast-featured-img":"","footer-sml-layout":"","theme-transparent-header-meta":"","adv-header-id-meta":"","stick-header-meta":"","header-above-stick-meta":"","header-main-stick-meta":"","header-below-stick-meta":""},"pwb-brand":[64],"product_cat":[65],"product_tag":[],"class_list":{"0":"post-79489","1":"product","2":"type-product","3":"status-publish","5":"pwb-brand-era","6":"product_cat-kytkin-ohjausakseli","7":"desktop-align-left","8":"tablet-align-left","9":"mobile-align-left","11":"first","12":"instock","13":"product-type-external"},"brands":[{"id":64,"name":"ERA","slug":"era"}],"_links":{"self":[{"href":"https:\/\/www.autonvaraosahaku.fi\/index.php?rest_route=\/wp\/v2\/product\/79489","targetHints":{"allow":["GET"]}}],"collection":[{"href":"https:\/\/www.autonvaraosahaku.fi\/index.php?rest_route=\/wp\/v2\/product"}],"about":[{"href":"https:\/\/www.autonvaraosahaku.fi\/index.php?rest_route=\/wp\/v2\/types\/product"}],"wp:attachment":[{"href":"https:\/\/www.autonvaraosahaku.fi\/index.php?rest_route=%2Fwp%2Fv2%2Fmedia&parent=79489"}],"wp:term":[{"taxonomy":"pwb-brand","embeddable":true,"href":"https:\/\/www.autonvaraosahaku.fi\/index.php?rest_route=%2Fwp%2Fv2%2Fpwb-brand&post=79489"},{"taxonomy":"product_cat","embeddable":true,"href":"https:\/\/www.autonvaraosahaku.fi\/index.php?rest_route=%2Fwp%2Fv2%2Fproduct_cat&post=79489"},{"taxonomy":"product_tag","embeddable":true,"href":"https:\/\/www.autonvaraosahaku.fi\/index.php?rest_route=%2Fwp%2Fv2%2Fproduct_tag&post=79489"}],"curies":[{"name":"wp","href":"https:\/\/api.w.org\/{rel}","templated":true}]}}