{"id":79491,"date":"2021-02-21T20:04:43","date_gmt":"2021-02-21T20:04:43","guid":{"rendered":"https:\/\/www.autonvaraosahaku.fi\/?product=jp-group-1193903100-ilmamassamittari"},"modified":"2021-02-21T20:04:43","modified_gmt":"2021-02-21T20:04:43","slug":"jp-group-1193903100-ilmamassamittari","status":"publish","type":"product","link":"https:\/\/www.autonvaraosahaku.fi\/?product=jp-group-1193903100-ilmamassamittari","title":{"rendered":"JP GROUP 1193903100 Ilmamassamittari"},"content":{"rendered":"<p>Napojen m\u00e4\u00e4r\u00e4: 5; Kotelomalli: Kopalla; Moottorinumero: BAM; AUDI: A3 8L1,TT 8N3,TT Roadster 8N9; SEAT: LEON 1M1; 06A906461M, 06A906461MV, 06A906461MX, 06A906461M, 06A906461MV, 06A906461MX; Ilmam\u00e4\u00e4r\u00e4mittari,MAF Anturi<\/p>\n","protected":false},"excerpt":{"rendered":"<p>JP GROUP Ilmamassamittari JP Group 1193903100 Ilmam\u00e4\u00e4r\u00e4mittari,MAF Anturi AUDI,SEAT,A3 8L1,TT 8N3,TT Roadster 8N9,LEON 1M1<\/p>\n","protected":false},"featured_media":0,"template":"","meta":{"site-sidebar-layout":"default","site-content-layout":"default","ast-global-header-display":"","ast-main-header-display":"","ast-hfb-above-header-display":"","ast-hfb-below-header-display":"","ast-hfb-mobile-header-display":"","site-post-title":"","ast-breadcrumbs-content":"","ast-featured-img":"","footer-sml-layout":"","theme-transparent-header-meta":"","adv-header-id-meta":"","stick-header-meta":"","header-above-stick-meta":"","header-main-stick-meta":"","header-below-stick-meta":""},"pwb-brand":[131],"product_cat":[270],"product_tag":[],"class_list":{"0":"post-79491","1":"product","2":"type-product","3":"status-publish","5":"pwb-brand-jp-group","6":"product_cat-ilmamassamittari","7":"desktop-align-left","8":"tablet-align-left","9":"mobile-align-left","11":"first","12":"instock","13":"product-type-external"},"brands":[{"id":131,"name":"JP GROUP","slug":"jp-group"}],"_links":{"self":[{"href":"https:\/\/www.autonvaraosahaku.fi\/index.php?rest_route=\/wp\/v2\/product\/79491","targetHints":{"allow":["GET"]}}],"collection":[{"href":"https:\/\/www.autonvaraosahaku.fi\/index.php?rest_route=\/wp\/v2\/product"}],"about":[{"href":"https:\/\/www.autonvaraosahaku.fi\/index.php?rest_route=\/wp\/v2\/types\/product"}],"wp:attachment":[{"href":"https:\/\/www.autonvaraosahaku.fi\/index.php?rest_route=%2Fwp%2Fv2%2Fmedia&parent=79491"}],"wp:term":[{"taxonomy":"pwb-brand","embeddable":true,"href":"https:\/\/www.autonvaraosahaku.fi\/index.php?rest_route=%2Fwp%2Fv2%2Fpwb-brand&post=79491"},{"taxonomy":"product_cat","embeddable":true,"href":"https:\/\/www.autonvaraosahaku.fi\/index.php?rest_route=%2Fwp%2Fv2%2Fproduct_cat&post=79491"},{"taxonomy":"product_tag","embeddable":true,"href":"https:\/\/www.autonvaraosahaku.fi\/index.php?rest_route=%2Fwp%2Fv2%2Fproduct_tag&post=79491"}],"curies":[{"name":"wp","href":"https:\/\/api.w.org\/{rel}","templated":true}]}}