{"id":79499,"date":"2021-02-21T20:04:43","date_gmt":"2021-02-21T20:04:43","guid":{"rendered":"https:\/\/www.autonvaraosahaku.fi\/?product=remsa-6693-10-jarrulevyt"},"modified":"2021-02-21T20:04:46","modified_gmt":"2021-02-21T20:04:46","slug":"remsa-6693-10-jarrulevyt","status":"publish","type":"product","link":"https:\/\/www.autonvaraosahaku.fi\/?product=remsa-6693-10-jarrulevyt","title":{"rendered":"REMSA 6693.10 Jarrulevyt"},"content":{"rendered":"<p>Tarkistuskilpi: K.B.A.: 61209; Asennuspuoli: Etuakseli; L\u00e4pimitta [mm]: 283,1; Korkeus (mm): 48; Jarrulevytyyppi: Tuuletettu; Jarrulevyn paksuus (mm): 26; V\u00e4himm\u00e4ispaksuus (mm): 24; Reikien m\u00e4\u00e4r\u00e4: 5; keskitt\u00e4misl\u00e4pimitta [mm]: 71; Paino [kg]: 7,08; PEUGEOT: 407 SW 6E_,508 SW,607 9D, 9U,407 6D_,508,407 Coupe 6C_; 4246V4, 230563; Jarrulevy<\/p>\n","protected":false},"excerpt":{"rendered":"<p>REMSA Jarrulevyt 6693.10 Jarrulevy PEUGEOT,407 SW 6E_,508 SW,607 9D, 9U,407 6D_,508,407 Coupe 6C_<\/p>\n","protected":false},"featured_media":0,"template":"","meta":{"site-sidebar-layout":"default","site-content-layout":"default","ast-global-header-display":"","ast-main-header-display":"","ast-hfb-above-header-display":"","ast-hfb-below-header-display":"","ast-hfb-mobile-header-display":"","site-post-title":"","ast-breadcrumbs-content":"","ast-featured-img":"","footer-sml-layout":"","theme-transparent-header-meta":"","adv-header-id-meta":"","stick-header-meta":"","header-above-stick-meta":"","header-main-stick-meta":"","header-below-stick-meta":""},"pwb-brand":[486],"product_cat":[66],"product_tag":[],"class_list":{"0":"post-79499","1":"product","2":"type-product","3":"status-publish","5":"pwb-brand-remsa","6":"product_cat-jarrulevyt","7":"desktop-align-left","8":"tablet-align-left","9":"mobile-align-left","11":"first","12":"instock","13":"product-type-external"},"brands":[{"id":486,"name":"REMSA","slug":"remsa"}],"_links":{"self":[{"href":"https:\/\/www.autonvaraosahaku.fi\/index.php?rest_route=\/wp\/v2\/product\/79499","targetHints":{"allow":["GET"]}}],"collection":[{"href":"https:\/\/www.autonvaraosahaku.fi\/index.php?rest_route=\/wp\/v2\/product"}],"about":[{"href":"https:\/\/www.autonvaraosahaku.fi\/index.php?rest_route=\/wp\/v2\/types\/product"}],"wp:attachment":[{"href":"https:\/\/www.autonvaraosahaku.fi\/index.php?rest_route=%2Fwp%2Fv2%2Fmedia&parent=79499"}],"wp:term":[{"taxonomy":"pwb-brand","embeddable":true,"href":"https:\/\/www.autonvaraosahaku.fi\/index.php?rest_route=%2Fwp%2Fv2%2Fpwb-brand&post=79499"},{"taxonomy":"product_cat","embeddable":true,"href":"https:\/\/www.autonvaraosahaku.fi\/index.php?rest_route=%2Fwp%2Fv2%2Fproduct_cat&post=79499"},{"taxonomy":"product_tag","embeddable":true,"href":"https:\/\/www.autonvaraosahaku.fi\/index.php?rest_route=%2Fwp%2Fv2%2Fproduct_tag&post=79499"}],"curies":[{"name":"wp","href":"https:\/\/api.w.org\/{rel}","templated":true}]}}