{"id":79509,"date":"2021-02-21T20:04:43","date_gmt":"2021-02-21T20:04:43","guid":{"rendered":"https:\/\/www.autonvaraosahaku.fi\/?product=ridex-470r0127-jaahdytin"},"modified":"2021-02-21T20:04:49","modified_gmt":"2021-02-21T20:04:49","slug":"ridex-470r0127-jaahdytin","status":"publish","type":"product","link":"https:\/\/www.autonvaraosahaku.fi\/?product=ridex-470r0127-jaahdytin","title":{"rendered":"RIDEX 470R0127 J\u00e4\u00e4hdytin"},"content":{"rendered":"<p>Verkon pituus [mm]: 290; Verkon leveys [mm]: 348; Verkon syvyys [mm]: 42; Varusteet: Autoihin ilman ilmastointilaitetta; Vaihteistomalli: K\u00e4si- \/ lis\u00e4varuste autom. vaihteisto; L\u00e4mmityslaite \/ j\u00e4\u00e4hdytys: ajoneuvoille yhdistetyll\u00e4 vesi-\/\u00f6ljynj\u00e4\u00e4hdyttimell\u00e4; J\u00e4\u00e4hdytintyyppi: J\u00e4\u00e4hdytysrivat juotetut; MERCEDES-BENZ: 190 W201,Stufenheck W124,KOMBI Kombi S124,COUPE C124,CABRIOLET A124; 2015000603, 2015003803, 2015004003, 2015004603, A2015000603, A2015003803, A2015004003, A2015004603; Syyl\u00e4ri,J\u00e4\u00e4hdytin,Moottorin J\u00e4\u00e4hdytys<\/p>\n","protected":false},"excerpt":{"rendered":"<p>RIDEX J\u00e4\u00e4hdytin 470R0127 Syyl\u00e4ri,J\u00e4\u00e4hdytin,Moottorin J\u00e4\u00e4hdytys MERCEDES-BENZ,190 W201,Stufenheck W124,KOMBI Kombi S124,COUPE C124,CABRIOLET A124<\/p>\n","protected":false},"featured_media":0,"template":"","meta":{"site-sidebar-layout":"default","site-content-layout":"default","ast-global-header-display":"","ast-main-header-display":"","ast-hfb-above-header-display":"","ast-hfb-below-header-display":"","ast-hfb-mobile-header-display":"","site-post-title":"","ast-breadcrumbs-content":"","ast-featured-img":"","footer-sml-layout":"","theme-transparent-header-meta":"","adv-header-id-meta":"","stick-header-meta":"","header-above-stick-meta":"","header-main-stick-meta":"","header-below-stick-meta":""},"pwb-brand":[157],"product_cat":[421],"product_tag":[],"class_list":{"0":"post-79509","1":"product","2":"type-product","3":"status-publish","5":"pwb-brand-ridex","6":"product_cat-jaahdytin","7":"desktop-align-left","8":"tablet-align-left","9":"mobile-align-left","11":"first","12":"instock","13":"product-type-external"},"brands":[{"id":157,"name":"RIDEX","slug":"ridex"}],"_links":{"self":[{"href":"https:\/\/www.autonvaraosahaku.fi\/index.php?rest_route=\/wp\/v2\/product\/79509","targetHints":{"allow":["GET"]}}],"collection":[{"href":"https:\/\/www.autonvaraosahaku.fi\/index.php?rest_route=\/wp\/v2\/product"}],"about":[{"href":"https:\/\/www.autonvaraosahaku.fi\/index.php?rest_route=\/wp\/v2\/types\/product"}],"wp:attachment":[{"href":"https:\/\/www.autonvaraosahaku.fi\/index.php?rest_route=%2Fwp%2Fv2%2Fmedia&parent=79509"}],"wp:term":[{"taxonomy":"pwb-brand","embeddable":true,"href":"https:\/\/www.autonvaraosahaku.fi\/index.php?rest_route=%2Fwp%2Fv2%2Fpwb-brand&post=79509"},{"taxonomy":"product_cat","embeddable":true,"href":"https:\/\/www.autonvaraosahaku.fi\/index.php?rest_route=%2Fwp%2Fv2%2Fproduct_cat&post=79509"},{"taxonomy":"product_tag","embeddable":true,"href":"https:\/\/www.autonvaraosahaku.fi\/index.php?rest_route=%2Fwp%2Fv2%2Fproduct_tag&post=79509"}],"curies":[{"name":"wp","href":"https:\/\/api.w.org\/{rel}","templated":true}]}}