{"id":79513,"date":"2021-02-21T20:04:50","date_gmt":"2021-02-21T20:04:50","guid":{"rendered":"https:\/\/www.autonvaraosahaku.fi\/?product=autofren-seinsa-d42197c-jarrusatula-korjaussarja"},"modified":"2021-02-21T20:04:51","modified_gmt":"2021-02-21T20:04:51","slug":"autofren-seinsa-d42197c-jarrusatula-korjaussarja","status":"publish","type":"product","link":"https:\/\/www.autonvaraosahaku.fi\/?product=autofren-seinsa-d42197c-jarrusatula-korjaussarja","title":{"rendered":"AUTOFREN SEINSA D42197C Jarrusatula korjaussarja"},"content":{"rendered":"<p>Asennuspuoli: Etuakseli; L\u00e4pimitta [mm]: 43; Jarruj\u00e4rjestelm\u00e4: TOK; T\u00e4yssarja: ; Jarrusatulatyyppi: Jarrusatula (2-m\u00e4nt\u00e4\u00e4); VW: CRAFTER 30-50 Kasten 2E_; MAZDA: B-SERIE UN,BT-50 CD, UN; NISSAN: PICK UP D22,PICK UP D21,MAXIMA QX A33,TERRANO I WD21,NP300,VANETTE Bus C22,NAVARA Pritsche\/Fahrgestell D22,VANETTE Kasten C22,URVAN Bus E24,URVAN Kasten E24; FORD: RANGER ES, ET,RANGER ER, EQ; 1454526, 1454527, 2M342B118BB, 2M342B119BB, UMY13398ZA, UMY13399ZA, 4100110G01, 4100110G02, 4100157G00, 41001VJ500, 41001VL30A, 4101110G01, 4101110G02, 4101157G00, 41011VJ500, 41011VL30A; Korjaussarja, Jarrusatula<\/p>\n","protected":false},"excerpt":{"rendered":"<p>AUTOFREN SEINSA Jarrusatula Korjaussarja D42197C Korjaussarja, Jarrusatula VW,MAZDA,NISSAN,CRAFTER 30-50 Kasten 2E_,B-SERIE UN,BT-50 CD, UN<\/p>\n","protected":false},"featured_media":0,"template":"","meta":{"site-sidebar-layout":"default","site-content-layout":"default","ast-global-header-display":"","ast-main-header-display":"","ast-hfb-above-header-display":"","ast-hfb-below-header-display":"","ast-hfb-mobile-header-display":"","site-post-title":"","ast-breadcrumbs-content":"","ast-featured-img":"","footer-sml-layout":"","theme-transparent-header-meta":"","adv-header-id-meta":"","stick-header-meta":"","header-above-stick-meta":"","header-main-stick-meta":"","header-below-stick-meta":""},"pwb-brand":[243],"product_cat":[57],"product_tag":[],"class_list":{"0":"post-79513","1":"product","2":"type-product","3":"status-publish","5":"pwb-brand-autofren-seinsa","6":"product_cat-jarrusatula-korjaussarja","7":"desktop-align-left","8":"tablet-align-left","9":"mobile-align-left","11":"first","12":"instock","13":"product-type-external"},"brands":[{"id":243,"name":"AUTOFREN SEINSA","slug":"autofren-seinsa"}],"_links":{"self":[{"href":"https:\/\/www.autonvaraosahaku.fi\/index.php?rest_route=\/wp\/v2\/product\/79513","targetHints":{"allow":["GET"]}}],"collection":[{"href":"https:\/\/www.autonvaraosahaku.fi\/index.php?rest_route=\/wp\/v2\/product"}],"about":[{"href":"https:\/\/www.autonvaraosahaku.fi\/index.php?rest_route=\/wp\/v2\/types\/product"}],"wp:attachment":[{"href":"https:\/\/www.autonvaraosahaku.fi\/index.php?rest_route=%2Fwp%2Fv2%2Fmedia&parent=79513"}],"wp:term":[{"taxonomy":"pwb-brand","embeddable":true,"href":"https:\/\/www.autonvaraosahaku.fi\/index.php?rest_route=%2Fwp%2Fv2%2Fpwb-brand&post=79513"},{"taxonomy":"product_cat","embeddable":true,"href":"https:\/\/www.autonvaraosahaku.fi\/index.php?rest_route=%2Fwp%2Fv2%2Fproduct_cat&post=79513"},{"taxonomy":"product_tag","embeddable":true,"href":"https:\/\/www.autonvaraosahaku.fi\/index.php?rest_route=%2Fwp%2Fv2%2Fproduct_tag&post=79513"}],"curies":[{"name":"wp","href":"https:\/\/api.w.org\/{rel}","templated":true}]}}