{"id":7952,"date":"2021-02-21T14:01:38","date_gmt":"2021-02-21T14:01:38","guid":{"rendered":"https:\/\/www.autonvaraosahaku.fi\/?product=master-sport-24012601061-pcs-ms-jarrulevyt"},"modified":"2021-02-21T14:01:40","modified_gmt":"2021-02-21T14:01:40","slug":"master-sport-24012601061-pcs-ms-jarrulevyt","status":"publish","type":"product","link":"https:\/\/www.autonvaraosahaku.fi\/?product=master-sport-24012601061-pcs-ms-jarrulevyt","title":{"rendered":"MASTER-SPORT 24012601061-PCS-MS Jarrulevyt"},"content":{"rendered":"<p>L\u00e4pimitta [mm]: 283,0; Jarrulevytyyppi: Tuuletettu; Jarrulevyn paksuus (mm): 26,0; Korkeus (mm): 28,2; Reik\u00e4-\u00d8 [mm]: 13,0; V\u00e4himm\u00e4ispaksuus (mm): 24,2; Sis\u00e4l\u00e4pimitta [mm]: 133,5; Reikien m\u00e4\u00e4r\u00e4: 4; keskitt\u00e4misl\u00e4pimitta [mm]: 66,0; Reik\u00e4ympyr\u00e4-\u00d8 [mm]: 108,0; Nettopaino [kg]: 6,93; Bruttopaino [kg]: 7,01; Asennuspuoli: Vorderachse; CITRO\u00cbN: XANTIA X1,XANTIA Break X1; PEUGEOT: 406 Break 8E\/F,406 Coupe 8C,406 8B; 4246L8, 4246N0, 4246R7; Jarrulevy<\/p>\n","protected":false},"excerpt":{"rendered":"<p>MASTER-SPORT Jarrulevyt 24012601061-PCS-MS Jarrulevy CITRO\u00cbN,PEUGEOT,XANTIA X1,XANTIA Break X1,406 Break 8E\/F,406 Coupe 8C,406 8B<\/p>\n","protected":false},"featured_media":0,"template":"","meta":{"site-sidebar-layout":"default","site-content-layout":"default","ast-global-header-display":"","ast-main-header-display":"","ast-hfb-above-header-display":"","ast-hfb-below-header-display":"","ast-hfb-mobile-header-display":"","site-post-title":"","ast-breadcrumbs-content":"","ast-featured-img":"","footer-sml-layout":"","theme-transparent-header-meta":"","adv-header-id-meta":"","stick-header-meta":"","header-above-stick-meta":"","header-main-stick-meta":"","header-below-stick-meta":""},"pwb-brand":[61],"product_cat":[66],"product_tag":[],"class_list":{"0":"post-7952","1":"product","2":"type-product","3":"status-publish","5":"pwb-brand-master-sport","6":"product_cat-jarrulevyt","7":"desktop-align-left","8":"tablet-align-left","9":"mobile-align-left","11":"first","12":"instock","13":"product-type-external"},"brands":[{"id":61,"name":"MASTER-SPORT","slug":"master-sport"}],"_links":{"self":[{"href":"https:\/\/www.autonvaraosahaku.fi\/index.php?rest_route=\/wp\/v2\/product\/7952","targetHints":{"allow":["GET"]}}],"collection":[{"href":"https:\/\/www.autonvaraosahaku.fi\/index.php?rest_route=\/wp\/v2\/product"}],"about":[{"href":"https:\/\/www.autonvaraosahaku.fi\/index.php?rest_route=\/wp\/v2\/types\/product"}],"wp:attachment":[{"href":"https:\/\/www.autonvaraosahaku.fi\/index.php?rest_route=%2Fwp%2Fv2%2Fmedia&parent=7952"}],"wp:term":[{"taxonomy":"pwb-brand","embeddable":true,"href":"https:\/\/www.autonvaraosahaku.fi\/index.php?rest_route=%2Fwp%2Fv2%2Fpwb-brand&post=7952"},{"taxonomy":"product_cat","embeddable":true,"href":"https:\/\/www.autonvaraosahaku.fi\/index.php?rest_route=%2Fwp%2Fv2%2Fproduct_cat&post=7952"},{"taxonomy":"product_tag","embeddable":true,"href":"https:\/\/www.autonvaraosahaku.fi\/index.php?rest_route=%2Fwp%2Fv2%2Fproduct_tag&post=7952"}],"curies":[{"name":"wp","href":"https:\/\/api.w.org\/{rel}","templated":true}]}}