{"id":79523,"date":"2021-02-21T20:04:50","date_gmt":"2021-02-21T20:04:50","guid":{"rendered":"https:\/\/www.autonvaraosahaku.fi\/?product=jp-group-1140601000-kallistuksenvakaajan-puslat"},"modified":"2021-02-21T20:04:54","modified_gmt":"2021-02-21T20:04:54","slug":"jp-group-1140601000-kallistuksenvakaajan-puslat","status":"publish","type":"product","link":"https:\/\/www.autonvaraosahaku.fi\/?product=jp-group-1140601000-kallistuksenvakaajan-puslat","title":{"rendered":"JP GROUP 1140601000 Kallistuksenvakaajan puslat"},"content":{"rendered":"<p>Asennuspuoli: etuakseli molemminpuoleinen, Sisempi; Sis\u00e4l\u00e4pimitta [mm]: 27; Alustarakenne: f\u00fcr Fahrzeuge mit Sportfahrwerk; VW: PASSAT Variant 3B6,PASSAT Variant 3B5; AUDI: A4 8D2, B5,A6 Avant 4B5, C5,A4 Avant 8D5, B5,A6 4B2, C5,A8 4D2, 4D8,ALLROAD 4BH, C5; SKODA: SUPERB 3U4; 4D0411327F, 4D0411327H, 4D0411327F, 4D0411327H, 4D0411327F, 4D0411327H<\/p>\n","protected":false},"excerpt":{"rendered":"<p>JP GROUP Laakerin Holkki, Vakaaja JP Group 1140601000  VW,AUDI,SKODA,PASSAT Variant 3B6,PASSAT Variant 3B5,A4 8D2, B5,A6 Avant 4B5, C5<\/p>\n","protected":false},"featured_media":0,"template":"","meta":{"site-sidebar-layout":"default","site-content-layout":"default","ast-global-header-display":"","ast-main-header-display":"","ast-hfb-above-header-display":"","ast-hfb-below-header-display":"","ast-hfb-mobile-header-display":"","site-post-title":"","ast-breadcrumbs-content":"","ast-featured-img":"","footer-sml-layout":"","theme-transparent-header-meta":"","adv-header-id-meta":"","stick-header-meta":"","header-above-stick-meta":"","header-main-stick-meta":"","header-below-stick-meta":""},"pwb-brand":[131],"product_cat":[82],"product_tag":[],"class_list":{"0":"post-79523","1":"product","2":"type-product","3":"status-publish","5":"pwb-brand-jp-group","6":"product_cat-kallistuksenvakaajan-puslat","7":"desktop-align-left","8":"tablet-align-left","9":"mobile-align-left","11":"first","12":"instock","13":"product-type-external"},"brands":[{"id":131,"name":"JP GROUP","slug":"jp-group"}],"_links":{"self":[{"href":"https:\/\/www.autonvaraosahaku.fi\/index.php?rest_route=\/wp\/v2\/product\/79523","targetHints":{"allow":["GET"]}}],"collection":[{"href":"https:\/\/www.autonvaraosahaku.fi\/index.php?rest_route=\/wp\/v2\/product"}],"about":[{"href":"https:\/\/www.autonvaraosahaku.fi\/index.php?rest_route=\/wp\/v2\/types\/product"}],"wp:attachment":[{"href":"https:\/\/www.autonvaraosahaku.fi\/index.php?rest_route=%2Fwp%2Fv2%2Fmedia&parent=79523"}],"wp:term":[{"taxonomy":"pwb-brand","embeddable":true,"href":"https:\/\/www.autonvaraosahaku.fi\/index.php?rest_route=%2Fwp%2Fv2%2Fpwb-brand&post=79523"},{"taxonomy":"product_cat","embeddable":true,"href":"https:\/\/www.autonvaraosahaku.fi\/index.php?rest_route=%2Fwp%2Fv2%2Fproduct_cat&post=79523"},{"taxonomy":"product_tag","embeddable":true,"href":"https:\/\/www.autonvaraosahaku.fi\/index.php?rest_route=%2Fwp%2Fv2%2Fproduct_tag&post=79523"}],"curies":[{"name":"wp","href":"https:\/\/api.w.org\/{rel}","templated":true}]}}