{"id":79527,"date":"2021-02-21T20:04:50","date_gmt":"2021-02-21T20:04:50","guid":{"rendered":"https:\/\/www.autonvaraosahaku.fi\/?product=jp-group-1132101000-tiivisteet"},"modified":"2021-02-21T20:04:55","modified_gmt":"2021-02-21T20:04:55","slug":"jp-group-1132101000-tiivisteet","status":"publish","type":"product","link":"https:\/\/www.autonvaraosahaku.fi\/?product=jp-group-1132101000-tiivisteet","title":{"rendered":"JP GROUP 1132101000 Tiivisteet"},"content":{"rendered":"<p>Asennuspuoli: Vasen; Ulkol\u00e4pimitta [mm]: 71; Sis\u00e4l\u00e4pimitta [mm]: 57; Korkeus (mm): 7; Vaihteistomalli: K\u00e4sivaihteisto; Valmistusvuoteen: 05\/1996; VW: LUPO 6X1, 6E1,GOLF III 1H1,POLO 6N2,POLO 6N1,GOLF II 19E, 1G1,GOLF III Variant 1H5,CADDY II Kasten 9K9A,POLO Variant 6KV5,POLO CLASSIC 6KV2,VENTO 1H2,JETTA II 19E, 1G2, 165,CADDY II Kombi 9K9B; AUDI: A2 8Z0; SEAT: AROSA 6H,IBIZA II 6K1,CORDOBA 6K1, 6K2,CORDOBA Vario 6K1,INCA 6K9; 084409189A, 084409189C, 084409189A, 084409189C, 084409189A, 084409189C<\/p>\n","protected":false},"excerpt":{"rendered":"<p>JP GROUP Akselitiiviste, Tasauspy\u00f6r\u00e4st\u00f6 JP Group 1132101000  VW,AUDI,SEAT,LUPO 6X1, 6E1,GOLF III 1H1,POLO 6N2,POLO 6N1,GOLF II 19E, 1G1<\/p>\n","protected":false},"featured_media":0,"template":"","meta":{"site-sidebar-layout":"default","site-content-layout":"default","ast-global-header-display":"","ast-main-header-display":"","ast-hfb-above-header-display":"","ast-hfb-below-header-display":"","ast-hfb-mobile-header-display":"","site-post-title":"","ast-breadcrumbs-content":"","ast-featured-img":"","footer-sml-layout":"","theme-transparent-header-meta":"","adv-header-id-meta":"","stick-header-meta":"","header-above-stick-meta":"","header-main-stick-meta":"","header-below-stick-meta":""},"pwb-brand":[131],"product_cat":[27],"product_tag":[],"class_list":{"0":"post-79527","1":"product","2":"type-product","3":"status-publish","5":"pwb-brand-jp-group","6":"product_cat-tiivisteet","7":"desktop-align-left","8":"tablet-align-left","9":"mobile-align-left","11":"first","12":"instock","13":"product-type-external"},"brands":[{"id":131,"name":"JP GROUP","slug":"jp-group"}],"_links":{"self":[{"href":"https:\/\/www.autonvaraosahaku.fi\/index.php?rest_route=\/wp\/v2\/product\/79527","targetHints":{"allow":["GET"]}}],"collection":[{"href":"https:\/\/www.autonvaraosahaku.fi\/index.php?rest_route=\/wp\/v2\/product"}],"about":[{"href":"https:\/\/www.autonvaraosahaku.fi\/index.php?rest_route=\/wp\/v2\/types\/product"}],"wp:attachment":[{"href":"https:\/\/www.autonvaraosahaku.fi\/index.php?rest_route=%2Fwp%2Fv2%2Fmedia&parent=79527"}],"wp:term":[{"taxonomy":"pwb-brand","embeddable":true,"href":"https:\/\/www.autonvaraosahaku.fi\/index.php?rest_route=%2Fwp%2Fv2%2Fpwb-brand&post=79527"},{"taxonomy":"product_cat","embeddable":true,"href":"https:\/\/www.autonvaraosahaku.fi\/index.php?rest_route=%2Fwp%2Fv2%2Fproduct_cat&post=79527"},{"taxonomy":"product_tag","embeddable":true,"href":"https:\/\/www.autonvaraosahaku.fi\/index.php?rest_route=%2Fwp%2Fv2%2Fproduct_tag&post=79527"}],"curies":[{"name":"wp","href":"https:\/\/api.w.org\/{rel}","templated":true}]}}